{"id":13279,"date":"2019-07-22T10:18:18","date_gmt":"2019-07-22T10:18:18","guid":{"rendered":"https:\/\/www.pocketfulofstones.co.uk\/politik-for-beskyttelse-af-personlige-oplysninger\/"},"modified":"2025-07-22T08:34:16","modified_gmt":"2025-07-22T08:34:16","slug":"privacy-policy","status":"publish","type":"page","link":"https:\/\/www.pocketfulofstones.com\/da\/privacy-policy\/","title":{"rendered":"Privatlivspolitik"},"content":{"rendered":"<p>[et_pb_section fb_built=&#8221;1&#8243; admin_label=&#8221;section&#8221; _builder_version=&#8221;4.27.4&#8243; background_color=&#8221;#232226&#8243; hover_enabled=&#8221;0&#8243; global_colors_info=&#8221;{}&#8221; module_class=&#8221;ps-info-page&#8221; sticky_enabled=&#8221;0&#8243;][et_pb_row admin_label=&#8221;r\u00e6kke&#8221; _builder_version=&#8221;4.16&#8243; background_size=&#8221;initial&#8221; background_position=&#8221;top_left&#8221; background_repeat=&#8221;repeat&#8221; global_colors_info=&#8221;{}&#8221;][et_pb_column type=&#8221;4_4&#8243; _builder_version=&#8221;4.16&#8243; custom_padding=&#8221;|||&#8221; global_colors_info=&#8221;{}&#8221; custom_padding__hover=&#8221;|||&#8221;][et_pb_text admin_label=&#8221;Text&#8221; _builder_version=&#8221;4.16&#8243; text_text_color=&#8221;#ffffff&#8221; background_size=&#8221;initial&#8221; background_position=&#8221;top_left&#8221; background_repeat=&#8221;repeat&#8221; use_border_color=&#8221;off&#8221; border_color=&#8221;#ffffff&#8221; border_style=&#8221;solid&#8221; global_colors_info=&#8221;{}&#8221;]<\/p>\n<h4>Privatlivspolitik<\/h4>\n<p><\/p>\n<p>Pocketful of Stones Distillers Ltd tager privatlivets fred ekstremt alvorligt og forst\u00e5r, at dit privatliv er vigtigt for dig, og at du bekymrer dig om, hvordan dine personlige data bruges og deles online. Vi respekterer og v\u00e6rds\u00e6tter privatlivets fred for alle, der bes\u00f8ger dette websted, der er tilg\u00e6ngeligt via pocketfulofstones.co.uk eller pocketfulofstones.com eller caspyn.com (&#8220;Vores websted&#8221;). Vi vil kun indsamle og bruge personoplysninger p\u00e5 de m\u00e5der, der er beskrevet her, og p\u00e5 en m\u00e5de, der er i overensstemmelse med vores forpligtelser og dine rettigheder i henhold til loven.  <\/p>\n<p><\/p>\n<p>L\u00e6s venligst denne privatlivspolitik omhyggeligt og s\u00f8rg for, at du forst\u00e5r den. Din accept af vores fortrolighedspolitik anses for at ske ved din f\u00f8rste brug af vores websted. Hvis du ikke accepterer og er enig i denne fortrolighedspolitik, skal du straks holde op med at bruge vores websted.  <\/p>\n<p><\/p>\n<p>I det f\u00f8lgende henviser ordene We\/Us\/Our til Pocketful of Stones Distillers Ltd.<\/p>\n<p><\/p>\n<h4> <\/h4>\n<p><\/p>\n<h4>Information om os<\/h4>\n<p><\/p>\n<p>Vores websted drives af Pocketful of Stones Distillers Ltd, et aktieselskab registreret i England og Wales under selskabsnummer 10017479, hvis adresse er 4C Longrock, Penzance, TR20 8HX. Vores momsnummer er 234944396 <\/p>\n<p><\/p>\n<h4> <\/h4>\n<p><\/p>\n<h4>Hvad d\u00e6kker denne forsikring?<\/h4>\n<p><\/p>\n<p>Denne fortrolighedspolitik g\u00e6lder kun for din brug af vores websted. Vores hjemmeside kan indeholde links til andre hjemmesider. Bem\u00e6rk, at vi ikke har nogen kontrol over, hvordan dine data indsamles, gemmes eller bruges af andre websteder, og vi r\u00e5der dig til at tjekke privatlivspolitikken p\u00e5 s\u00e5danne websteder, f\u00f8r du giver dem nogen data.  <\/p>\n<p><\/p>\n<h4> <\/h4>\n<p><\/p>\n<h4>Hvilke data indsamler vi?<\/h4>\n<p><\/p>\n<p>Alle personoplysninger behandles og opbevares sikkert og ikke l\u00e6ngere, end det er n\u00f8dvendigt i lyset af de(n) \u00e5rsag(er), som de f\u00f8rst blev indsamlet til. Vi vil til enhver tid overholde vores forpligtelser og beskytte dine rettigheder i henhold til GDPR. <\/p>\n<p><\/p>\n<p>Vores brug af dine personoplysninger vil altid have et lovligt grundlag, enten fordi det er n\u00f8dvendigt for vores opfyldelse af en kontrakt med dig, fordi du har givet dit samtykke til vores brug af dine personoplysninger (f.eks. ved at abonnere p\u00e5 e-mails), eller fordi det er i vores legitime interesse. Specifikt kan vi bruge dine data til f\u00f8lgende form\u00e5l: <\/p>\n<p><\/p>\n<p>Tilvejebringelse og administration af din konto, tilvejebringelse og administration af din adgang til vores websted, personalisering og tilpasning af din oplevelse p\u00e5 vores websted, levering af vores tjenester til dig (bem\u00e6rk, at vi har brug for dine personoplysninger for at kunne indg\u00e5 en kontrakt med dig), personalisering og tilpasning af vores tjenester til dig, besvarelse af e-mails fra dig, levering af e-mails til dig, som du har valgt at modtage (du kan til enhver tid afmelde eller frav\u00e6lge), markedsunders\u00f8gelser, analyse af din brug af vores websted og indsamling af feedback for at g\u00f8re det muligt for os l\u00f8bende at forbedre vores websted og din brugeroplevelse;<\/p>\n<p><\/p>\n<p>Med din tilladelse og\/eller hvor det er tilladt ved lov, kan vi ogs\u00e5 bruge dine data til markedsf\u00f8ringsform\u00e5l, som kan omfatte at kontakte dig via e-mail, telefon og post med oplysninger, nyheder og tilbud om vores tjenester. Vi vil tage alle rimelige skridt for at sikre, at vi fuldt ud beskytter dine rettigheder og overholder vores forpligtelser i henhold til GDPR og Privacy and Electronic Communications (EC Directive) Regulations 2003. <\/p>\n<p><\/p>\n<p>Du har til enhver tid ret til at tr\u00e6kke dit samtykke til, at vi m\u00e5 bruge dine personoplysninger, tilbage og til at anmode om, at vi sletter dem.<\/p>\n<p><\/p>\n<p>Vi opbevarer ikke dine personoplysninger l\u00e6ngere, end det er n\u00f8dvendigt i lyset af de(n) \u00e5rsag(er), som de f\u00f8rst blev indsamlet til.<\/p>\n<p><\/p>\n<h4> <\/h4>\n<p><\/p>\n<h4>Hvordan bruger vi dine data?<\/h4>\n<p><\/p>\n<p>Alle personoplysninger behandles og opbevares sikkert og ikke l\u00e6ngere, end det er n\u00f8dvendigt i lyset af de(n) \u00e5rsag(er), som de f\u00f8rst blev indsamlet til. Vi vil til enhver tid overholde vores forpligtelser og beskytte dine rettigheder i henhold til GDPR. <\/p>\n<p><\/p>\n<p>Vores brug af dine personoplysninger vil altid have et lovligt grundlag, enten fordi det er n\u00f8dvendigt for vores opfyldelse af en kontrakt med dig, fordi du har givet dit samtykke til vores brug af dine personoplysninger (f.eks. ved at abonnere p\u00e5 e-mails), eller fordi det er i vores legitime interesse. Specifikt kan vi bruge dine data til f\u00f8lgende form\u00e5l: <\/p>\n<p><\/p>\n<p>Tilvejebringelse og administration af din konto, tilvejebringelse og administration af din adgang til vores websted, personalisering og tilpasning af din oplevelse p\u00e5 vores websted, levering af vores tjenester til dig (bem\u00e6rk, at vi har brug for dine personoplysninger for at kunne indg\u00e5 en kontrakt med dig), personalisering og tilpasning af vores tjenester til dig, besvarelse af e-mails fra dig, levering af e-mails til dig, som du har valgt at modtage (du kan til enhver tid afmelde eller frav\u00e6lge), markedsunders\u00f8gelser, analyse af din brug af vores websted og indsamling af feedback for at g\u00f8re det muligt for os l\u00f8bende at forbedre vores websted og din brugeroplevelse;<\/p>\n<p><\/p>\n<p>Med din tilladelse og\/eller hvor det er tilladt ved lov, kan vi ogs\u00e5 bruge dine data til markedsf\u00f8ringsform\u00e5l, som kan omfatte at kontakte dig via e-mail, telefon og post med oplysninger, nyheder og tilbud om vores tjenester. Vi vil tage alle rimelige skridt for at sikre, at vi fuldt ud beskytter dine rettigheder og overholder vores forpligtelser i henhold til GDPR og Privacy and Electronic Communications (EC Directive) Regulations 2003. <\/p>\n<p><\/p>\n<p>Du har til enhver tid ret til at tr\u00e6kke dit samtykke til, at vi bruger dine personoplysninger, tilbage og til at anmode om, at vi sletter dem.<\/p>\n<p><\/p>\n<p>Vi opbevarer ikke dine personoplysninger l\u00e6ngere, end det er n\u00f8dvendigt i lyset af de(n) \u00e5rsag(er), som de f\u00f8rst blev indsamlet til.<\/p>\n<p><\/p>\n<h4> <\/h4>\n<p><\/p>\n<h4>Hvordan og hvor gemmer vi dine data?<\/h4>\n<p><\/p>\n<p>Vi opbevarer kun dine personoplysninger, s\u00e5 l\u00e6nge vi har brug for det for at kunne bruge dem som beskrevet ovenfor, og\/eller s\u00e5 l\u00e6nge vi har din tilladelse til at opbevare dem.<\/p>\n<p><\/p>\n<p>Dine data vil kun blive gemt i Storbritannien.<\/p>\n<p><\/p>\n<p>Datasikkerhed er meget vigtig for os, og for at beskytte dine data har vi truffet passende foranstaltninger til at beskytte og sikre data, der er indsamlet via vores websted.<\/p>\n<p><\/p>\n<h4> <\/h4>\n<p><\/p>\n<h4>Deler vi dine data?<\/h4>\n<p><\/p>\n<p>Med forbehold for nedenst\u00e5ende afsnit deler vi ikke dine data med nogen tredjepart til noget form\u00e5l.<\/p>\n<p><\/p>\n<p>Under visse omst\u00e6ndigheder kan vi v\u00e6re juridisk forpligtet til at dele visse data, som vi er i besiddelse af, og som kan omfatte dine personoplysninger, f.eks. hvis vi er involveret i en retssag, hvis vi overholder juridiske forpligtelser, en retskendelse eller en statslig myndighed.<\/p>\n<p><\/p>\n<p>Vi kan udarbejde statistikker om brugen af vores websted, herunder data om trafik, brugsm\u00f8nstre, brugerantal, salg og andre oplysninger. Alle s\u00e5danne data vil blive anonymiseret og vil ikke indeholde personligt identificerende data eller anonymiserede data, der kan kombineres med andre data og bruges til at identificere dig. Vi kan fra tid til anden dele s\u00e5danne data med tredjeparter som f.eks. potentielle investorer, tilknyttede virksomheder, partnere og annonc\u00f8rer. Data vil kun blive delt og brugt inden for lovens rammer.   <\/p>\n<p><\/p>\n<h4> <\/h4>\n<p><\/p>\n<h4>Hvad sker der, hvis vores virksomhed skifter h\u00e6nder?<\/h4>\n<p><\/p>\n<p>Vi kan fra tid til anden udvide eller reducere vores virksomhed, og dette kan indeb\u00e6re salg og\/eller overf\u00f8rsel af kontrol med hele eller dele af vores virksomhed. Alle personoplysninger, som du har oplyst, vil, hvis de er relevante for en del af vores virksomhed, der overdrages, blive overf\u00f8rt sammen med denne del, og den nye ejer eller den nye kontrollerende part vil i henhold til vilk\u00e5rene i denne privatlivspolitik kun have tilladelse til at bruge disse oplysninger til de samme form\u00e5l, som de oprindeligt blev indsamlet af os til. <\/p>\n<p><\/p>\n<h4> <\/h4>\n<p><\/p>\n<h4>Hvordan kan du kontrollere dine data?<\/h4>\n<p><\/p>\n<p>Ud over dine rettigheder i henhold til GDPR kan du, n\u00e5r du indsender personoplysninger via vores websted, f\u00e5 mulighed for at begr\u00e6nse vores brug af dine oplysninger. Vi tilstr\u00e6ber is\u00e6r at give dig st\u00e6rk kontrol over vores brug af dine data til direkte markedsf\u00f8ringsform\u00e5l, herunder muligheden for at frav\u00e6lge at modtage e-mails fra os, hvilket du kan g\u00f8re ved at afmelde dig ved hj\u00e6lp af de links, der findes i vores e-mails og p\u00e5 det tidspunkt, hvor du giver dine oplysninger. <\/p>\n<p><\/p>\n<h4> <\/h4>\n<p><\/p>\n<h4>Din ret til at tilbageholde oplysninger<\/h4>\n<p><\/p>\n<p>Du kan f\u00e5 adgang til vores websted uden at angive nogen data overhovedet. For at bruge alle de funktioner, der er tilg\u00e6ngelige p\u00e5 vores websted, kan du dog blive bedt om at indsende eller tillade indsamling af visse data. <\/p>\n<p><\/p>\n<p>Du kan begr\u00e6nse vores brug af cookies.<\/p>\n<p><\/p>\n<h4> <\/h4>\n<p><\/p>\n<h4>Hvordan kan du f\u00e5 adgang til dine data?<\/h4>\n<p><\/p>\n<p>Du har ret til at bede om en kopi af alle dine personlige data, der opbevares af os (hvor s\u00e5danne data opbevares). I henhold til GDPR skal der ikke betales noget gebyr, og vi vil give alle oplysninger som svar p\u00e5 din anmodning gratis. Kontakt os for at f\u00e5 flere oplysninger p\u00e5 shaun@pocketfulofstones.com eller ved hj\u00e6lp af kontaktoplysningerne nedenfor.  <\/p>\n<p><\/p>\n<h4> <\/h4>\n<p><\/p>\n<h4>Vores brug af cookies<\/h4>\n<p><\/p>\n<p>En cookie er en lille tekstfil, der placeres p\u00e5 din computer eller enhed af vores websted, n\u00e5r du bes\u00f8ger visse dele af vores websted, og\/eller n\u00e5r du bruger visse funktioner p\u00e5 vores websted.<\/p>\n<p><\/p>\n<p>Vores websted kan placere og f\u00e5 adgang til visse f\u00f8rstepartscookies p\u00e5 din computer eller enhed. F\u00f8rstepartscookies er dem, der placeres direkte af os, og som kun bruges af os. Vi bruger cookies til at lette og forbedre din oplevelse af vores websted og til at levere og forbedre vores tjenester. N\u00e5r du bruger vores websted, kan du ogs\u00e5 modtage visse tredjepartscookies p\u00e5 din computer eller enhed. Tredjepartscookies er dem, der placeres af andre hjemmesider, tjenester og\/eller parter end os. Bem\u00e6rk, at vi ikke kontrollerer s\u00e5danne tredjeparters aktiviteter eller de data, de indsamler og bruger, og vi r\u00e5der dig til at tjekke s\u00e5danne tredjeparters privatlivspolitik. Derudover bruger vores websted analysetjenester leveret af Google Analytics og Who Is Visiting, som ogs\u00e5 bruger cookies. Webstedsanalyse henviser til et s\u00e6t v\u00e6rkt\u00f8jer, der bruges til at indsamle og analysere brugsstatistikker, hvilket g\u00f8r det muligt for os bedre at forst\u00e5, hvordan folk bruger vores websted.       <\/p>\n<p><\/p>\n<h4> <\/h4>\n<p><\/p>\n<h4>Kontakt os<\/h4>\n<p><\/p>\n<p>Hvis du har sp\u00f8rgsm\u00e5l om vores websted eller denne fortrolighedspolitik, bedes du kontakte os via e-mail p\u00e5 shaun@pocketfulofstones.com, telefonisk p\u00e5 01736333550 eller via post p\u00e5 Pocketful of Stones, 4C Longrock, Penzance, TR20 8HX. S\u00f8rg for, at din foresp\u00f8rgsel er klar, is\u00e6r hvis det er en anmodning om oplysninger om de data, vi har om dig. <\/p>\n<p><\/p>\n<h4> <\/h4>\n<p><\/p>\n<h4>\u00c6ndringer i vores privatlivspolitik<\/h4>\n<p><\/p>\n<p>Vi kan \u00e6ndre denne fortrolighedspolitik fra tid til anden (f.eks. hvis loven \u00e6ndres). Eventuelle \u00e6ndringer vil straks blive offentliggjort p\u00e5 vores websted, og du vil blive anset for at have accepteret vilk\u00e5rene i fortrolighedspolitikken ved din f\u00f8rste brug af vores websted efter \u00e6ndringerne. Vi anbefaler, at du tjekker denne side regelm\u00e6ssigt for at holde dig opdateret.  <\/p>\n<p>[\/et_pb_text][\/et_pb_column][\/et_pb_row][\/et_pb_section]<\/p>\n","protected":false},"excerpt":{"rendered":"<p>PrivatlivspolitikPocketful of Stones Distillers Ltd tager privatlivets fred ekstremt alvorligt og forst\u00e5r, at dit privatliv er vigtigt for dig, og at du bekymrer dig om, hvordan dine personlige data bruges og deles online. Vi respekterer og v\u00e6rds\u00e6tter privatlivets fred for alle, der bes\u00f8ger dette websted, der er tilg\u00e6ngeligt via pocketfulofstones.co.uk eller pocketfulofstones.com eller caspyn.com (&#8220;Vores [&hellip;]<\/p>\n","protected":false},"author":4,"featured_media":0,"parent":0,"menu_order":0,"comment_status":"closed","ping_status":"closed","template":"","meta":{"_et_pb_use_builder":"on","_et_pb_old_content":"","_et_gb_content_width":"","footnotes":""},"class_list":["post-13279","page","type-page","status-publish","hentry"],"_links":{"self":[{"href":"https:\/\/www.pocketfulofstones.com\/da\/wp-json\/wp\/v2\/pages\/13279","targetHints":{"allow":["GET"]}}],"collection":[{"href":"https:\/\/www.pocketfulofstones.com\/da\/wp-json\/wp\/v2\/pages"}],"about":[{"href":"https:\/\/www.pocketfulofstones.com\/da\/wp-json\/wp\/v2\/types\/page"}],"author":[{"embeddable":true,"href":"https:\/\/www.pocketfulofstones.com\/da\/wp-json\/wp\/v2\/users\/4"}],"replies":[{"embeddable":true,"href":"https:\/\/www.pocketfulofstones.com\/da\/wp-json\/wp\/v2\/comments?post=13279"}],"version-history":[{"count":6,"href":"https:\/\/www.pocketfulofstones.com\/da\/wp-json\/wp\/v2\/pages\/13279\/revisions"}],"predecessor-version":[{"id":14802,"href":"https:\/\/www.pocketfulofstones.com\/da\/wp-json\/wp\/v2\/pages\/13279\/revisions\/14802"}],"wp:attachment":[{"href":"https:\/\/www.pocketfulofstones.com\/da\/wp-json\/wp\/v2\/media?parent=13279"}],"curies":[{"name":"wp","href":"https:\/\/api.w.org\/{rel}","templated":true}]}}