{"id":14432,"date":"2024-11-19T12:08:11","date_gmt":"2024-11-19T12:08:11","guid":{"rendered":"https:\/\/www.pocketfulofstones.co.uk\/levering-og-returnering\/"},"modified":"2025-07-29T08:52:01","modified_gmt":"2025-07-29T08:52:01","slug":"delivery-returns","status":"publish","type":"page","link":"https:\/\/www.pocketfulofstones.com\/da\/delivery-returns\/","title":{"rendered":"Levering og returnering"},"content":{"rendered":"<p>[et_pb_section fb_built=&#8221;1&#8243; admin_label=&#8221;section&#8221; module_class=&#8221;ps-info-page&#8221; _builder_version=&#8221;4.27.4&#8243; background_color=&#8221;#232226&#8243; global_colors_info=&#8221;{}&#8221;][et_pb_row admin_label=&#8221;r\u00e6kke&#8221; _builder_version=&#8221;4.16&#8243; background_size=&#8221;initial&#8221; background_position=&#8221;top_left&#8221; background_repeat=&#8221;repeat&#8221; global_colors_info=&#8221;{}&#8221;][et_pb_column type=&#8221;4_4&#8243; _builder_version=&#8221;4.16&#8243; custom_padding=&#8221;|||&#8221; global_colors_info=&#8221;{}&#8221; custom_padding__hover=&#8221;|||&#8221;][et_pb_text admin_label=&#8221;Text&#8221; _builder_version=&#8221;4.27.4&#8243; text_text_color=&#8221;#ffffff&#8221; background_size=&#8221;initial&#8221; background_position=&#8221;top_left&#8221; background_repeat=&#8221;repeat&#8221; hover_enabled=&#8221;0&#8243; use_border_color=&#8221;off&#8221; border_color=&#8221;#ffffff&#8221; border_style=&#8221;solid&#8221; global_colors_info=&#8221;{}&#8221; sticky_enabled=&#8221;0&#8243;]<\/p>\n<h3>LEVERING<\/h3>\n<h4>UK ordrer<\/h4>\n<p>Pocketful of Stones Distillers Limited tilbyder standard- og ekspreslevering i Storbritannien p\u00e5 alle ordrer (undtagen helligdage og weekender).<\/p>\n<table>\n<tbody>\n<tr>\n<td>\u00a0<\/td>\n<td><strong>Pris<\/strong><\/td>\n<td><strong>Mulighed for levering<\/strong><\/td>\n<td><strong>Tidsramme<\/strong><\/td>\n<\/tr>\n<tr>\n<td><strong>Ordrer over \u00a330<\/strong><\/td>\n<td>Gratis<\/td>\n<td>Standard levering<\/td>\n<td>3-4 arbejdsdage (man-fre) ved bestilling inden kl. 12.00<\/td>\n<\/tr>\n<tr>\n<td><strong>Bestillinger op til \u00a329.99<\/strong><\/td>\n<td>\u00a34.79<\/td>\n<td>Standard levering<\/td>\n<td>3-4 arbejdsdage (man-fre) ved bestilling inden kl. 12.00<\/td>\n<\/tr>\n<tr>\n<td><strong>Enhver ordre<\/strong><\/td>\n<td>\u00a36.00<\/td>\n<td>Levering n\u00e6ste dag<\/td>\n<td>Levering n\u00e6ste dag (man-fre) hvis bestilt inden kl. 12<\/td>\n<\/tr>\n<\/tbody>\n<\/table>\n<h4>Internationale ordrer<\/h4>\n<p>Vi leverer i \u00f8jeblikket kun til f\u00f8lgende europ\u00e6iske lande:<\/p>\n<table>\n<tbody>\n<tr>\n<td style=\"width: 269px;\">\u00a0<\/td>\n<td style=\"width: 51px;\"><strong>Pris<\/strong><\/td>\n<td style=\"width: 115px;\"><strong>Mulighed for levering<\/strong><\/td>\n<td style=\"width: 171px;\"><strong>Tidsramme<\/strong><\/td>\n<\/tr>\n<tr>\n<td style=\"width: 269px;\"><strong>Belgien, Frankrig, Tyskland, Holland<\/strong><\/td>\n<td style=\"width: 51px;\">\u20ac5.99<\/td>\n<td style=\"width: 115px;\">Standard levering<\/td>\n<td style=\"width: 171px;\">2-4 arbejdsdage (man-fre)<\/td>\n<\/tr>\n<tr>\n<td style=\"width: 269px;\"><strong>\u00d8strig<\/strong><\/td>\n<td style=\"width: 51px;\">\u20ac8.50<\/td>\n<td style=\"width: 115px;\">Standard levering<\/td>\n<td style=\"width: 171px;\">2-4 arbejdsdage (man-fre)<\/td>\n<\/tr>\n<tr>\n<td style=\"width: 269px;\"><strong>Danmark<\/strong><\/td>\n<td style=\"width: 51px;\">kr65.00<\/td>\n<td style=\"width: 115px;\">Standard levering<\/td>\n<td style=\"width: 171px;\">2-4 arbejdsdage (man-fre)<\/td>\n<\/tr>\n<\/tbody>\n<\/table>\n<p>N\u00e5r din ordre har forladt vores lager, modtager du en forsendelsesbekr\u00e6ftelse med sporingsoplysninger fra vores fragtpartner.<br \/>Bem\u00e6rk, at alle angivne leveringstider er vejledende, og vi tilstr\u00e6ber altid at afsende og levere din ordre til tiden. Der kan dog v\u00e6re tidspunkter, hvor vi p\u00e5virkes af faktorer uden for vores kontrol, og derfor kan ordrer blive forsinkede. Hvis din ordre er forsinket, bedes du sende os en e-mail p\u00e5 <a href=\"mailto:distillery@pocketfulofstones.com\">distillery@pocketfulofstones.com,<\/a> s\u00e5 tjekker vi ordrens status for dig.<\/p>\n<h3>Returneringer og ombytninger<\/h3>\n<h4>Politik for returnering<\/h4>\n<p>Hvis du ved levering af din ordre ombestemmer dig og \u00f8nsker at returnere hele eller dele af din ordre af en eller anden grund, kan du g\u00f8re det inden for 14 arbejdsdage efter levering.<br \/>Alle flasker skal v\u00e6re u\u00e5bnede, og du er ansvarlig for at betale returporto og emballage (brug passende emballage). Vi refunderer dit betalingskort med et bel\u00f8b svarende til de returnerede varer inden for 30 dage.<\/p>\n<h4>Beskadigede eller forkerte pakker<\/h4>\n<p>Hvis varerne ved levering af din ordre er beskadigede eller forkerte, bedes du sende dit ordrenummer og bevis for skaden til <a href=\"mailto:distillery@pocketfulofstones.com\">distillery@pocketfulofstones.com.<\/a> Angiv s\u00e5 mange oplysninger som muligt, herunder dit ordrenummer og detaljer om eventuelle skader, herunder fotografier. Vi vil s\u00f8rge for, at din ordre bliver returneret for vores regning, og vi vil g\u00f8re vores bedste for at levere en erstatning, hvis den er tilg\u00e6ngelig. Hvis en erstatning ikke er tilg\u00e6ngelig, refunderer vi kun varens fulde pris. Der udbetales ingen kompensation. Dine lovbestemte rettigheder p\u00e5virkes ikke.<\/p>\n<h4>Udvekslinger<\/h4>\n<p>Den hurtigste m\u00e5de at sikre, at du f\u00e5r, hvad du vil have, er at returnere den vare, du har, og n\u00e5r returneringen er accepteret, skal du foretage et separat k\u00f8b af den nye vare.<\/p>\n<h4>Tilbagebetaling<\/h4>\n<p>Vi giver dig besked, n\u00e5r vi har modtaget og kontrolleret din returnering, og fort\u00e6ller dig, om refusionen er godkendt eller ej. Hvis den er godkendt, f\u00e5r du automatisk pengene tilbage p\u00e5 din oprindelige betalingsmetode. Husk, at det kan tage lidt tid for din bank eller dit kreditkortselskab at behandle og bogf\u00f8re tilbagebetalingen.<\/p>\n<p>[\/et_pb_text][\/et_pb_column][\/et_pb_row][\/et_pb_section]<\/p>\n","protected":false},"excerpt":{"rendered":"<p>LEVERING UK ordrer Pocketful of Stones Distillers Limited tilbyder standard- og ekspreslevering i Storbritannien p\u00e5 alle ordrer (undtagen helligdage og weekender). \u00a0 Pris Mulighed for levering Tidsramme Ordrer over \u00a330 Gratis Standard levering 3-4 arbejdsdage (man-fre) ved bestilling inden kl. 12.00 Bestillinger op til \u00a329.99 \u00a34.79 Standard levering 3-4 arbejdsdage (man-fre) ved bestilling inden kl. [&hellip;]<\/p>\n","protected":false},"author":4,"featured_media":0,"parent":0,"menu_order":0,"comment_status":"closed","ping_status":"closed","template":"","meta":{"_et_pb_use_builder":"on","_et_pb_old_content":"","_et_gb_content_width":"","footnotes":""},"class_list":["post-14432","page","type-page","status-publish","hentry"],"_links":{"self":[{"href":"https:\/\/www.pocketfulofstones.com\/da\/wp-json\/wp\/v2\/pages\/14432","targetHints":{"allow":["GET"]}}],"collection":[{"href":"https:\/\/www.pocketfulofstones.com\/da\/wp-json\/wp\/v2\/pages"}],"about":[{"href":"https:\/\/www.pocketfulofstones.com\/da\/wp-json\/wp\/v2\/types\/page"}],"author":[{"embeddable":true,"href":"https:\/\/www.pocketfulofstones.com\/da\/wp-json\/wp\/v2\/users\/4"}],"replies":[{"embeddable":true,"href":"https:\/\/www.pocketfulofstones.com\/da\/wp-json\/wp\/v2\/comments?post=14432"}],"version-history":[{"count":13,"href":"https:\/\/www.pocketfulofstones.com\/da\/wp-json\/wp\/v2\/pages\/14432\/revisions"}],"predecessor-version":[{"id":15316,"href":"https:\/\/www.pocketfulofstones.com\/da\/wp-json\/wp\/v2\/pages\/14432\/revisions\/15316"}],"wp:attachment":[{"href":"https:\/\/www.pocketfulofstones.com\/da\/wp-json\/wp\/v2\/media?parent=14432"}],"curies":[{"name":"wp","href":"https:\/\/api.w.org\/{rel}","templated":true}]}}