{"id":13478,"date":"2024-07-31T08:07:53","date_gmt":"2024-07-31T08:07:53","guid":{"rendered":"https:\/\/www.pocketfulofstones.co.uk\/product\/maelkeboette-burre-gin\/"},"modified":"2025-07-22T09:19:40","modified_gmt":"2025-07-22T09:19:40","slug":"dandelion-and-burdock-gin","status":"publish","type":"product","link":"https:\/\/www.pocketfulofstones.com\/da\/vare\/dandelion-and-burdock-gin\/","title":{"rendered":"Dandelion &#038; Burdock Gin"},"content":{"rendered":"<p>[et_pb_section fb_built=&#8221;1&#8243; _builder_version=&#8221;4.27.0&#8243; background_image=&#8221;https:\/\/www.pocketfulofstones.com\/wp-content\/uploads\/2020\/06\/product_header_dandelion_burdock.jpg&#8221; global_colors_info=&#8221;{}&#8221;][et_pb_row column_structure=&#8221;1_2,1_2&#8243; module_class=&#8221;ps_product_hero&#8221; _builder_version=&#8221;4.16&#8243; locked=&#8221;off&#8221; global_colors_info=&#8221;{}&#8221;][et_pb_column type=&#8221;1_2&#8243; _builder_version=&#8221;4.16&#8243; global_colors_info=&#8221;{}&#8221;][\/et_pb_column][et_pb_column type=&#8221;1_2&#8243; _builder_version=&#8221;4.16&#8243; global_colors_info=&#8221;{}&#8221;][et_pb_image src=&#8221;https:\/\/www.pocketfulofstones.com\/wp-content\/uploads\/2020\/06\/ps_header_text_dandelion.png&#8221; alt=&#8221;Cider Brandy Logo&#8221; title_text=&#8221;ps_header_text_dandelion&#8221; align=&#8221;center&#8221; admin_label=&#8221;Header Logo&#8221; module_class=&#8221;ps_product_header_logo ps_nontext_logo&#8221; _builder_version=&#8221;4.27.0&#8243; custom_margin=&#8221;0px|||0px|false|false&#8221; custom_margin_tablet=&#8221;0px|||0px|false|false&#8221; custom_margin_phone=&#8221;-120px||||false|false&#8221; custom_margin_last_edited=&#8221;on|desktop&#8221; custom_padding=&#8221;||||false|false&#8221; global_colors_info=&#8221;{}&#8221;][\/et_pb_image][\/et_pb_column][\/et_pb_row][\/et_pb_section][et_pb_section fb_built=&#8221;1&#8243; _builder_version=&#8221;4.27.0&#8243; background_color=&#8221;#333137&#8243; background_image=&#8221;https:\/\/www.pocketfulofstones.com\/wp-content\/uploads\/2024\/07\/bg_2024_no_text.jpg&#8221; parallax=&#8221;on&#8221; custom_padding=&#8221;0px||||false|false&#8221; global_colors_info=&#8221;{}&#8221;][et_pb_row column_structure=&#8221;1_2,1_2&#8243; disabled_on=&#8221;on|off|off&#8221; admin_label=&#8221;R\u00e6kke - Skrivebord&#8221; module_class=&#8221;ps_product_page_row&#8221; _builder_version=&#8221;4.27.0&#8243; width_tablet=&#8221;&#8221; width_phone=&#8221;90%&#8221; width_last_edited=&#8221;on|phone&#8221; custom_margin_tablet=&#8221;&#8221; custom_margin_phone=&#8221;&#8221; custom_margin_last_edited=&#8221;on|desktop&#8221; custom_padding=&#8221;0px||0px||false|false&#8221; global_colors_info=&#8221;{}&#8221;][et_pb_column type=&#8221;1_2&#8243; _builder_version=&#8221;4.16&#8243; global_colors_info=&#8221;{}&#8221;][et_pb_code admin_label=&#8221;Packshot&#8221; _builder_version=&#8221;4.27.0&#8243; custom_margin_tablet=&#8221;&#8221; custom_margin_phone=&#8221;-100px||||false|false&#8221; custom_margin_last_edited=&#8221;on|phone&#8221; custom_padding=&#8221;|70px|||false|false&#8221; custom_padding_tablet=&#8221;|0px|||false|false&#8221; custom_padding_phone=&#8221;|0px|||false|false&#8221; custom_padding_last_edited=&#8221;on|desktop&#8221; global_colors_info=&#8221;{}&#8221;]<div class='bottleHolder '><img decoding=\"async\" class=\"lefter bottleImg\" src=\"https:\/\/www.pocketfulofstones.com\/wp-content\/uploads\/2020\/05\/packshot_dandelion.png\"\/><img decoding=\"async\" class=\"middle bottleImg\" src=\"https:\/\/www.pocketfulofstones.com\/wp-content\/uploads\/2020\/05\/packshot_dandelion.png\"\/><img decoding=\"async\" class=\"righter bottleImg\" src=\"https:\/\/www.pocketfulofstones.com\/wp-content\/uploads\/2020\/05\/packshot_dandelion.png\"\/><\/div>[\/et_pb_code][et_pb_text admin_label=&#8221;Copper Heading&#8221; _builder_version=&#8221;4.27.0&#8243; background_size=&#8221;initial&#8221; background_position=&#8221;top_left&#8221; background_repeat=&#8221;repeat&#8221; custom_margin=&#8221;130px||||false|false&#8221; custom_margin_tablet=&#8221;130px||||false|false&#8221; custom_margin_phone=&#8221;50px||||false|false&#8221; custom_margin_last_edited=&#8221;on|phone&#8221; use_border_color=&#8221;off&#8221; border_color=&#8221;#ffffff&#8221; border_style=&#8221;solid&#8221; global_colors_info=&#8221;{}&#8221;]<\/p>\n<h3>DEN MODERNE KLASSIKER<\/h3>\n<p>[\/et_pb_text][et_pb_wc_description description_type=&#8221;description&#8221; admin_label=&#8221;Woo Product Description&#8221; module_class=&#8221;ps_product_description&#8221; _builder_version=&#8221;4.27.0&#8243; _module_preset=&#8221;default&#8221; body_text_color=&#8221;#6d6f71&#8243; custom_margin=&#8221;||||false|false&#8221; custom_margin_tablet=&#8221;||||false|false&#8221; custom_margin_phone=&#8221;||40px||false|false&#8221; custom_margin_last_edited=&#8221;on|phone&#8221; custom_padding=&#8221;|60px|||false|false&#8221; custom_padding_tablet=&#8221;|0px|||false|false&#8221; custom_padding_phone=&#8221;|0px|||false|false&#8221; custom_padding_last_edited=&#8221;on|desktop&#8221; global_colors_info=&#8221;{}&#8221;][\/et_pb_wc_description][\/et_pb_column][et_pb_column type=&#8221;1_2&#8243; module_class=&#8221;ps_product_page_card&#8221; _builder_version=&#8221;4.27.0&#8243; background_color=&#8221;#000000&#8243; custom_padding=&#8221;30px|30px|30px|30px|false|false&#8221; border_radii=&#8221;on|30px|30px|30px|30px&#8221; global_colors_info=&#8221;{}&#8221;][et_pb_wc_title _builder_version=&#8221;4.27.0&#8243; _module_preset=&#8221;default&#8221; header_font=&#8221;Barlow Condensed|||on|||||&#8221; header_text_color=&#8221;#FFFFFF&#8221; header_font_size=&#8221;45px&#8221; global_colors_info=&#8221;{}&#8221;][\/et_pb_wc_title][et_pb_text admin_label=&#8221;Custom Product Meta&#8221; _builder_version=&#8221;4.27.0&#8243; _module_preset=&#8221;default&#8221; global_colors_info=&#8221;{}&#8221;]<div class='ps_cm_outer_wrapper'><div class='ps_cm_inner_wrapper'><div class='ps_cm_subtitle'>Cornish Gin<\/div><div class='ps_cm_abv'>40% abv<\/div><div class='ps_cm_packsize'>5cl \/ 70cl<\/div><\/div><\/div>[\/et_pb_text][et_pb_wc_description admin_label=&#8221;Woo Product Short Description&#8221; module_class=&#8221;ps_product_short_text&#8221; _builder_version=&#8221;4.27.0&#8243; _module_preset=&#8221;default&#8221; body_text_color=&#8221;#8b8e90&#8243; global_colors_info=&#8221;{}&#8221;][\/et_pb_wc_description][et_pb_wc_price _builder_version=&#8221;4.27.0&#8243; _module_preset=&#8221;default&#8221; body_font=&#8221;|700|||||||&#8221; body_text_color=&#8221;#FFFFFF&#8221; body_font_size=&#8221;30px&#8221; custom_margin=&#8221;20px||20px||false|false&#8221; custom_padding=&#8221;||20px||false|false&#8221; border_width_bottom=&#8221;1px&#8221; border_color_bottom=&#8221;#444444&#8243; global_colors_info=&#8221;{}&#8221;][\/et_pb_wc_price][et_pb_wc_add_to_cart field_label_position=&#8221;inline&#8221; module_class=&#8221;ps_single_add_to_cart&#8221; _builder_version=&#8221;4.27.0&#8243; _module_preset=&#8221;default&#8221; fields_background_color=&#8221;#000000&#8243; fields_text_color=&#8221;#FFFFFF&#8221; fields_custom_padding=&#8221;0px||0px||false|false&#8221; dropdown_menus_background_color=&#8221;#000000&#8243; dropdown_menus_text_color=&#8221;#FFFFFF&#8221; field_label_text_color=&#8221;#FFFFFF&#8221; fields_font=&#8221;Lato||||||||&#8221; fields_font_size=&#8221;17px&#8221; dropdown_menus_font=&#8221;Lato||||||||&#8221; dropdown_menus_font_size=&#8221;17px&#8221; custom_button=&#8221;on&#8221; button_text_color=&#8221;#000000&#8243; button_bg_color=&#8221;#d68a47&#8243; button_border_color=&#8221;#d68a47&#8243; button_border_radius=&#8221;8px&#8221; button_font=&#8221;Lato||||||||&#8221; button_icon=&#8221;&#xe015;||divi||400&#8243; button_icon_color=&#8221;#FFFFFF&#8221; button_icon_placement=&#8221;left&#8221; button_on_hover=&#8221;off&#8221; border_radii_fields=&#8221;on|8px|8px|8px|8px&#8221; border_width_all_fields=&#8221;2px&#8221; border_color_all_fields=&#8221;#444444&#8243; border_width_all_dropdown_menus=&#8221;2px&#8221; border_color_all_dropdown_menus=&#8221;#444444&#8243; global_colors_info=&#8221;{}&#8221;][\/et_pb_wc_add_to_cart][et_pb_code admin_label=&#8221;Opslag og deling&#8221; module_class=&#8221;ps_single_notice_share&#8221; _builder_version=&#8221;4.27.0&#8243; _module_preset=&#8221;default&#8221; global_colors_info=&#8221;{}&#8221;]<\/p>\n<div class=\"ps-notice\"><!-- [et_pb_line_break_holder] --> <pee>M\u00e5 ikke s\u00e6lges til personer under 18 \u00e5r.<!\u2013- [et_pb_br_holder] -\u2013><!-- [et_pb_line_break_holder] -->Kan ikke returneres.<\/pee> <!-- [et_pb_line_break_holder] --><\/div>\n<p><!-- [et_pb_line_break_holder] --><\/p>\n<div class=\"ps-share\"><!-- [et_pb_line_break_holder] -->  <pee><!-- [et_pb_line_break_holder] -->  Del dette:<!-- [et_pb_line_break_holder] -->  <\/pee><!-- [et_pb_line_break_holder] -->  <div class=\"addtoany_shortcode\"><div class=\"a2a_kit a2a_kit_size_30 addtoany_list\" data-a2a-url=\"https:\/\/www.pocketfulofstones.com\/da\/vare\/dandelion-and-burdock-gin\/\" data-a2a-title=\"Dandelion &amp; Burdock Gin\"><a class=\"a2a_button_facebook\" href=\"https:\/\/www.addtoany.com\/add_to\/facebook?linkurl=https%3A%2F%2Fwww.pocketfulofstones.com%2Fda%2Fvare%2Fdandelion-and-burdock-gin%2F&amp;linkname=Dandelion%20%26%20Burdock%20Gin\" title=\"Facebook\" rel=\"nofollow noopener\" target=\"_blank\"><\/a><a class=\"a2a_button_x\" href=\"https:\/\/www.addtoany.com\/add_to\/x?linkurl=https%3A%2F%2Fwww.pocketfulofstones.com%2Fda%2Fvare%2Fdandelion-and-burdock-gin%2F&amp;linkname=Dandelion%20%26%20Burdock%20Gin\" title=\"X\" rel=\"nofollow noopener\" target=\"_blank\"><\/a><a class=\"a2a_button_whatsapp\" href=\"https:\/\/www.addtoany.com\/add_to\/whatsapp?linkurl=https%3A%2F%2Fwww.pocketfulofstones.com%2Fda%2Fvare%2Fdandelion-and-burdock-gin%2F&amp;linkname=Dandelion%20%26%20Burdock%20Gin\" title=\"WhatsApp\" rel=\"nofollow noopener\" target=\"_blank\"><\/a><\/div><\/div><!-- [et_pb_line_break_holder] --><\/div>\n<p><!-- [et_pb_line_break_holder] -->[\/et_pb_code][\/et_pb_column][\/et_pb_row][et_pb_row column_structure=&#8221;1_3,1_3,1_3&#8243; disabled_on=&#8221;off|on|on&#8221; admin_label=&#8221;R\u00e6kke - Mobil&#8221; module_class=&#8221;ps_product_page_row&#8221; _builder_version=&#8221;4.27.0&#8243; width_tablet=&#8221;&#8221; width_phone=&#8221;90%&#8221; width_last_edited=&#8221;on|phone&#8221; custom_margin_tablet=&#8221;&#8221; custom_margin_phone=&#8221;&#8221; custom_margin_last_edited=&#8221;on|desktop&#8221; custom_padding=&#8221;0px||0px||false|false&#8221; global_colors_info=&#8221;{}&#8221;][et_pb_column type=&#8221;1_3&#8243; _builder_version=&#8221;4.16&#8243; global_colors_info=&#8221;{}&#8221;][et_pb_code admin_label=&#8221;Packshot&#8221; _builder_version=&#8221;4.27.0&#8243; custom_margin_tablet=&#8221;&#8221; custom_margin_phone=&#8221;-100px||50px||false|false&#8221; custom_margin_last_edited=&#8221;on|phone&#8221; custom_padding=&#8221;|70px|||false|false&#8221; custom_padding_tablet=&#8221;|0px|||false|false&#8221; custom_padding_phone=&#8221;|0px|||false|false&#8221; custom_padding_last_edited=&#8221;on|desktop&#8221; global_colors_info=&#8221;{}&#8221;]<div class='bottleHolder '><img decoding=\"async\" class=\"lefter bottleImg\" src=\"https:\/\/www.pocketfulofstones.com\/wp-content\/uploads\/2020\/05\/packshot_dandelion.png\"\/><img decoding=\"async\" class=\"middle bottleImg\" src=\"https:\/\/www.pocketfulofstones.com\/wp-content\/uploads\/2020\/05\/packshot_dandelion.png\"\/><img decoding=\"async\" class=\"righter bottleImg\" src=\"https:\/\/www.pocketfulofstones.com\/wp-content\/uploads\/2020\/05\/packshot_dandelion.png\"\/><\/div>[\/et_pb_code][\/et_pb_column][et_pb_column type=&#8221;1_3&#8243; module_class=&#8221;ps_product_page_card&#8221; _builder_version=&#8221;4.27.0&#8243; background_color=&#8221;#000000&#8243; custom_padding=&#8221;30px|30px|30px|30px|false|false&#8221; border_radii=&#8221;on|30px|30px|30px|30px&#8221; global_colors_info=&#8221;{}&#8221;][et_pb_wc_title _builder_version=&#8221;4.27.0&#8243; _module_preset=&#8221;default&#8221; header_font=&#8221;Barlow Condensed|||on|||||&#8221; header_text_color=&#8221;#FFFFFF&#8221; header_font_size=&#8221;45px&#8221; global_colors_info=&#8221;{}&#8221;][\/et_pb_wc_title][et_pb_text admin_label=&#8221;Custom Product Meta&#8221; _builder_version=&#8221;4.27.0&#8243; _module_preset=&#8221;default&#8221; global_colors_info=&#8221;{}&#8221;]<div class='ps_cm_outer_wrapper'><div class='ps_cm_inner_wrapper'><div class='ps_cm_subtitle'>Cornish Gin<\/div><div class='ps_cm_abv'>40% abv<\/div><div class='ps_cm_packsize'>5cl \/ 70cl<\/div><\/div><\/div>[\/et_pb_text][et_pb_wc_price _builder_version=&#8221;4.27.0&#8243; _module_preset=&#8221;default&#8221; body_font=&#8221;|700|||||||&#8221; body_text_color=&#8221;#FFFFFF&#8221; body_font_size=&#8221;30px&#8221; custom_margin=&#8221;20px||20px||false|false&#8221; custom_padding=&#8221;||20px||false|false&#8221; border_width_bottom=&#8221;1px&#8221; border_color_bottom=&#8221;#131414&#8243; global_colors_info=&#8221;{}&#8221;][\/et_pb_wc_price][et_pb_wc_add_to_cart field_label_position=&#8221;inline&#8221; module_class=&#8221;ps_single_add_to_cart&#8221; _builder_version=&#8221;4.27.0&#8243; _module_preset=&#8221;default&#8221; fields_background_color=&#8221;#000000&#8243; fields_text_color=&#8221;#FFFFFF&#8221; fields_custom_padding=&#8221;0px||0px||false|false&#8221; dropdown_menus_background_color=&#8221;#000000&#8243; dropdown_menus_text_color=&#8221;#FFFFFF&#8221; field_label_text_color=&#8221;#FFFFFF&#8221; fields_font=&#8221;Lato||||||||&#8221; fields_font_size=&#8221;17px&#8221; dropdown_menus_font=&#8221;Lato||||||||&#8221; dropdown_menus_font_size=&#8221;17px&#8221; custom_button=&#8221;on&#8221; button_text_color=&#8221;#000000&#8243; button_bg_color=&#8221;#d68a47&#8243; button_border_color=&#8221;#d68a47&#8243; button_border_radius=&#8221;8px&#8221; button_font=&#8221;Lato||||||||&#8221; button_icon=&#8221;&#xe015;||divi||400&#8243; button_icon_color=&#8221;#FFFFFF&#8221; button_icon_placement=&#8221;left&#8221; button_on_hover=&#8221;off&#8221; border_radii_fields=&#8221;on|8px|8px|8px|8px&#8221; border_width_all_fields=&#8221;2px&#8221; border_color_all_fields=&#8221;#151515&#8243; border_width_all_dropdown_menus=&#8221;2px&#8221; border_color_all_dropdown_menus=&#8221;#151515&#8243; global_colors_info=&#8221;{}&#8221;][\/et_pb_wc_add_to_cart][et_pb_code admin_label=&#8221;Opslag og deling&#8221; module_class=&#8221;ps_single_notice_share&#8221; _builder_version=&#8221;4.27.0&#8243; _module_preset=&#8221;default&#8221; global_colors_info=&#8221;{}&#8221;]<\/p>\n<div class=\"ps-notice\"><!-- [et_pb_line_break_holder] --> <pee>M\u00e5 ikke s\u00e6lges til personer under 18 \u00e5r.<!\u2013- [et_pb_br_holder] -\u2013><!-- [et_pb_line_break_holder] -->Kan ikke returneres.<\/pee> <!-- [et_pb_line_break_holder] --><\/div>\n<p><!-- [et_pb_line_break_holder] --><\/p>\n<div class=\"ps-share\"><!-- [et_pb_line_break_holder] -->  <pee><!-- [et_pb_line_break_holder] -->  Del dette:<!-- [et_pb_line_break_holder] -->  <\/pee><!-- [et_pb_line_break_holder] -->  <div class=\"addtoany_shortcode\"><div class=\"a2a_kit a2a_kit_size_30 addtoany_list\" data-a2a-url=\"https:\/\/www.pocketfulofstones.com\/da\/vare\/dandelion-and-burdock-gin\/\" data-a2a-title=\"Dandelion &amp; Burdock Gin\"><a class=\"a2a_button_facebook\" href=\"https:\/\/www.addtoany.com\/add_to\/facebook?linkurl=https%3A%2F%2Fwww.pocketfulofstones.com%2Fda%2Fvare%2Fdandelion-and-burdock-gin%2F&amp;linkname=Dandelion%20%26%20Burdock%20Gin\" title=\"Facebook\" rel=\"nofollow noopener\" target=\"_blank\"><\/a><a class=\"a2a_button_x\" href=\"https:\/\/www.addtoany.com\/add_to\/x?linkurl=https%3A%2F%2Fwww.pocketfulofstones.com%2Fda%2Fvare%2Fdandelion-and-burdock-gin%2F&amp;linkname=Dandelion%20%26%20Burdock%20Gin\" title=\"X\" rel=\"nofollow noopener\" target=\"_blank\"><\/a><a class=\"a2a_button_whatsapp\" href=\"https:\/\/www.addtoany.com\/add_to\/whatsapp?linkurl=https%3A%2F%2Fwww.pocketfulofstones.com%2Fda%2Fvare%2Fdandelion-and-burdock-gin%2F&amp;linkname=Dandelion%20%26%20Burdock%20Gin\" title=\"WhatsApp\" rel=\"nofollow noopener\" target=\"_blank\"><\/a><\/div><\/div><!-- [et_pb_line_break_holder] --><\/div>\n<p><!-- [et_pb_line_break_holder] -->[\/et_pb_code][et_pb_wc_description admin_label=&#8221;Woo Product Short Description&#8221; module_class=&#8221;ps_product_short_text&#8221; _builder_version=&#8221;4.27.0&#8243; _module_preset=&#8221;default&#8221; body_text_color=&#8221;#8b8e90&#8243; custom_margin=&#8221;15px||||false|false&#8221; border_width_top=&#8221;1px&#8221; border_color_top=&#8221;#131414&#8243; global_colors_info=&#8221;{}&#8221;][\/et_pb_wc_description][\/et_pb_column][et_pb_column type=&#8221;1_3&#8243; _builder_version=&#8221;4.27.0&#8243; _module_preset=&#8221;default&#8221; global_colors_info=&#8221;{}&#8221;][et_pb_text admin_label=&#8221;Copper Heading&#8221; _builder_version=&#8221;4.27.0&#8243; background_size=&#8221;initial&#8221; background_position=&#8221;top_left&#8221; background_repeat=&#8221;repeat&#8221; custom_margin=&#8221;130px||||false|false&#8221; custom_margin_tablet=&#8221;130px||||false|false&#8221; custom_margin_phone=&#8221;50px||||false|false&#8221; custom_margin_last_edited=&#8221;on|phone&#8221; use_border_color=&#8221;off&#8221; border_color=&#8221;#ffffff&#8221; border_style=&#8221;solid&#8221; global_colors_info=&#8221;{}&#8221;]<\/p>\n<h3>DEN MODERNE KLASSIKER<\/h3>\n<p>[\/et_pb_text][et_pb_wc_description description_type=&#8221;description&#8221; admin_label=&#8221;Woo Product Description&#8221; module_class=&#8221;ps_product_description&#8221; _builder_version=&#8221;4.27.0&#8243; _module_preset=&#8221;default&#8221; body_text_color=&#8221;#6d6f71&#8243; custom_margin=&#8221;||||false|false&#8221; custom_margin_tablet=&#8221;||||false|false&#8221; custom_margin_phone=&#8221;||40px||false|false&#8221; custom_margin_last_edited=&#8221;on|phone&#8221; custom_padding=&#8221;|60px|||false|false&#8221; custom_padding_tablet=&#8221;|0px|||false|false&#8221; custom_padding_phone=&#8221;|0px|||false|false&#8221; custom_padding_last_edited=&#8221;on|desktop&#8221; global_colors_info=&#8221;{}&#8221;][\/et_pb_wc_description][\/et_pb_column][\/et_pb_row][et_pb_row _builder_version=&#8221;4.27.0&#8243; _module_preset=&#8221;default&#8221; width=&#8221;90%&#8221; global_colors_info=&#8221;{}&#8221;][et_pb_column type=&#8221;4_4&#8243; _builder_version=&#8221;4.27.0&#8243; _module_preset=&#8221;default&#8221; global_colors_info=&#8221;{}&#8221;][et_pb_wc_related_products posts_number=&#8221;3&#8243; columns_number=&#8221;3&#8243; include_categories=&#8221;all&#8221; icon_hover_color=&#8221;RGBA(255,255,255,0)&#8221; hover_overlay_color=&#8221;RGBA(255,255,255,0)&#8221; _builder_version=&#8221;4.27.0&#8243; _module_preset=&#8221;default&#8221; title_font=&#8221;Lato||||||||&#8221; title_text_align=&#8221;left&#8221; title_text_color=&#8221;#FFFFFF&#8221; title_font_size=&#8221;20px&#8221; product_title_font=&#8221;Barlow Condensed||||||||&#8221; product_title_text_color=&#8221;#8b8e90&#8243; product_title_font_size=&#8221;30px&#8221; price_font=&#8221;|700|||||||&#8221; price_text_align=&#8221;right&#8221; price_text_color=&#8221;#FFFFFF&#8221; price_font_size=&#8221;25px&#8221; title_font_size_tablet=&#8221;20px&#8221; title_font_size_phone=&#8221;&#8221; title_font_size_last_edited=&#8221;on|desktop&#8221; product_title_font_size_tablet=&#8221;30px&#8221; product_title_font_size_phone=&#8221;23px&#8221; product_title_font_size_last_edited=&#8221;on|phone&#8221; price_font_size_tablet=&#8221;25px&#8221; price_font_size_phone=&#8221;18px&#8221; price_font_size_last_edited=&#8221;on|phone&#8221; global_colors_info=&#8221;{}&#8221;][\/et_pb_wc_related_products][\/et_pb_column][\/et_pb_row][\/et_pb_section]<\/p>\n","protected":false},"excerpt":{"rendered":"<p>Thomas Aquinas i 1265 ved guddommelig indgriben, er m\u00e6lkeb\u00f8tte og burre en gennempr\u00f8vet smagskombination, der har st\u00e5et sin pr\u00f8ve gennem tiden.<\/p>\n","protected":false},"featured_media":13015,"template":"","meta":{"_et_pb_use_builder":"on","_et_pb_old_content":"<h4>Historien<\/h4>\r\nVi har taget friske m\u00e6lkeb\u00f8tteblomster fra det nordlige land og burre fra naturen og omhyggeligt destilleret dem med vores foretrukne kombination af botaniske stoffer for at skabe en bl\u00f8d, moderne gin bygget p\u00e5 rygraden af britisk tradition.\r\n\r\nNordens yndling. M\u00e6lkeb\u00f8tte og burre er en favoritsmagskombination. Vi har taget de jordn\u00e6re smage fra disse botaniske r\u00f8dder og destilleret dem med lokalt h\u00f8stet lyng, honningbusk for at give et blomsteragtigt l\u00f8ft og colan\u00f8d og mandel for at binde smagene sammen med orrisrod for at give l\u00e6ngde. En klassisk t\u00f8r gin, n\u00e5r den serveres med tonicvand, men hvis du er ude efter en old school fish and chip shop, s\u00e5 server Dandelion and Burdock med ginger ale eller D&B soda.   \r\n\r\nVores yndlingscocktail med denne gin er bramble. S\u00f8dmen fra bromb\u00e6rlik\u00f8ren afbalancerer perfekt de jordagtige noter fra D&B-r\u00f8dderne og colan\u00f8dden. ","_et_gb_content_width":""},"product_brand":[],"product_cat":[78,77],"product_tag":[79],"class_list":{"0":"post-13478","1":"product","2":"type-product","3":"status-publish","4":"has-post-thumbnail","6":"product_cat-gin-da","7":"product_cat-spiritus","8":"product_tag-pocketful-of-stones-da","10":"first","11":"instock","12":"shipping-taxable","13":"purchasable","14":"product-type-simple"},"_links":{"self":[{"href":"https:\/\/www.pocketfulofstones.com\/da\/wp-json\/wp\/v2\/product\/13478","targetHints":{"allow":["GET"]}}],"collection":[{"href":"https:\/\/www.pocketfulofstones.com\/da\/wp-json\/wp\/v2\/product"}],"about":[{"href":"https:\/\/www.pocketfulofstones.com\/da\/wp-json\/wp\/v2\/types\/product"}],"wp:featuredmedia":[{"embeddable":true,"href":"https:\/\/www.pocketfulofstones.com\/da\/wp-json\/wp\/v2\/media\/13015"}],"wp:attachment":[{"href":"https:\/\/www.pocketfulofstones.com\/da\/wp-json\/wp\/v2\/media?parent=13478"}],"wp:term":[{"taxonomy":"product_brand","embeddable":true,"href":"https:\/\/www.pocketfulofstones.com\/da\/wp-json\/wp\/v2\/product_brand?post=13478"},{"taxonomy":"product_cat","embeddable":true,"href":"https:\/\/www.pocketfulofstones.com\/da\/wp-json\/wp\/v2\/product_cat?post=13478"},{"taxonomy":"product_tag","embeddable":true,"href":"https:\/\/www.pocketfulofstones.com\/da\/wp-json\/wp\/v2\/product_tag?post=13478"}],"curies":[{"name":"wp","href":"https:\/\/api.w.org\/{rel}","templated":true}]}}