{"id":13801,"date":"2024-08-01T07:16:49","date_gmt":"2024-08-01T07:16:49","guid":{"rendered":"https:\/\/www.pocketfulofstones.co.uk\/product\/hells-stone-whisky-mezcal-fad\/"},"modified":"2025-11-12T10:11:25","modified_gmt":"2025-11-12T10:11:25","slug":"hells-stone-whisky-mezcal-cask","status":"publish","type":"product","link":"https:\/\/www.pocketfulofstones.com\/da\/vare\/hells-stone-whisky-mezcal-cask\/","title":{"rendered":"Hell&#8217;s Stone Whisky - Mezcal Cask"},"content":{"rendered":"<p>[et_pb_section fb_built=&#8221;1&#8243; _builder_version=&#8221;4.27.0&#8243; background_image=&#8221;https:\/\/www.pocketfulofstones.com\/wp-content\/uploads\/2021\/05\/product-header-hells-stone.jpg&#8221; global_colors_info=&#8221;{}&#8221;][et_pb_row column_structure=&#8221;1_2,1_2&#8243; module_class=&#8221;ps_product_hero&#8221; _builder_version=&#8221;4.16&#8243; locked=&#8221;off&#8221; global_colors_info=&#8221;{}&#8221;][et_pb_column type=&#8221;1_2&#8243; _builder_version=&#8221;4.16&#8243; global_colors_info=&#8221;{}&#8221;][\/et_pb_column][et_pb_column type=&#8221;1_2&#8243; _builder_version=&#8221;4.16&#8243; global_colors_info=&#8221;{}&#8221;][et_pb_image src=&#8221;https:\/\/www.pocketfulofstones.com\/wp-content\/uploads\/2021\/05\/ps_header_text_hells_stone3.png&#8221; alt=&#8221;Cider Brandy Logo&#8221; title_text=&#8221;ps_header_text_hells_stone3&#8243; align=&#8221;center&#8221; admin_label=&#8221;Header Logo&#8221; module_class=&#8221;ps_product_header_logo ps_nontext_logo&#8221; _builder_version=&#8221;4.27.0&#8243; custom_margin=&#8221;0px|||0px|false|false&#8221; custom_margin_tablet=&#8221;0px|||0px|false|false&#8221; custom_margin_phone=&#8221;-120px||||false|false&#8221; custom_margin_last_edited=&#8221;on|desktop&#8221; custom_padding=&#8221;||||false|false&#8221; global_colors_info=&#8221;{}&#8221;][\/et_pb_image][\/et_pb_column][\/et_pb_row][\/et_pb_section][et_pb_section fb_built=&#8221;1&#8243; _builder_version=&#8221;4.27.0&#8243; background_color=&#8221;#333137&#8243; background_image=&#8221;https:\/\/www.pocketfulofstones.com\/wp-content\/uploads\/2024\/07\/bg_2024_no_text.jpg&#8221; parallax=&#8221;on&#8221; custom_padding=&#8221;0px||||false|false&#8221; global_colors_info=&#8221;{}&#8221;][et_pb_row column_structure=&#8221;1_2,1_2&#8243; disabled_on=&#8221;on|off|off&#8221; admin_label=&#8221;R\u00e6kke - Skrivebord&#8221; module_class=&#8221;ps_product_page_row&#8221; _builder_version=&#8221;4.27.0&#8243; width_tablet=&#8221;&#8221; width_phone=&#8221;90%&#8221; width_last_edited=&#8221;on|phone&#8221; custom_margin_tablet=&#8221;&#8221; custom_margin_phone=&#8221;&#8221; custom_margin_last_edited=&#8221;on|desktop&#8221; custom_padding=&#8221;0px||0px||false|false&#8221; global_colors_info=&#8221;{}&#8221;][et_pb_column type=&#8221;1_2&#8243; _builder_version=&#8221;4.16&#8243; global_colors_info=&#8221;{}&#8221;][et_pb_code admin_label=&#8221;Packshot&#8221; _builder_version=&#8221;4.27.0&#8243; custom_margin_tablet=&#8221;&#8221; custom_margin_phone=&#8221;-100px||||false|false&#8221; custom_margin_last_edited=&#8221;on|phone&#8221; custom_padding=&#8221;|70px|||false|false&#8221; custom_padding_tablet=&#8221;|0px|||false|false&#8221; custom_padding_phone=&#8221;|0px|||false|false&#8221; custom_padding_last_edited=&#8221;on|desktop&#8221; global_colors_info=&#8221;{}&#8221;]<div class='bottleHolder '><img decoding=\"async\" class=\"lefter bottleImg\" src=\"https:\/\/www.pocketfulofstones.com\/wp-content\/uploads\/2024\/08\/packshot_hells_stone_mezcal.png\"\/><img decoding=\"async\" class=\"middle bottleImg\" src=\"https:\/\/www.pocketfulofstones.com\/wp-content\/uploads\/2024\/08\/packshot_hells_stone_mezcal.png\"\/><img decoding=\"async\" class=\"righter bottleImg\" src=\"https:\/\/www.pocketfulofstones.com\/wp-content\/uploads\/2024\/08\/packshot_hells_stone_mezcal.png\"\/><\/div>[\/et_pb_code][et_pb_text admin_label=&#8221;Copper Heading&#8221; _builder_version=&#8221;4.27.0&#8243; background_size=&#8221;initial&#8221; background_position=&#8221;top_left&#8221; background_repeat=&#8221;repeat&#8221; custom_margin=&#8221;130px||||false|false&#8221; custom_margin_tablet=&#8221;130px||||false|false&#8221; custom_margin_phone=&#8221;50px||||false|false&#8221; custom_margin_last_edited=&#8221;on|phone&#8221; use_border_color=&#8221;off&#8221; border_color=&#8221;#ffffff&#8221; border_style=&#8221;solid&#8221; global_colors_info=&#8221;{}&#8221;]<\/p>\n<h3>VORES CORNISH MEXICANSKE K\u00c6RLIGHEDSBARN<\/h3>\n<p>[\/et_pb_text][et_pb_wc_description description_type=&#8221;description&#8221; admin_label=&#8221;Woo Product Description&#8221; module_class=&#8221;ps_product_description&#8221; _builder_version=&#8221;4.27.0&#8243; _module_preset=&#8221;default&#8221; body_text_color=&#8221;#6d6f71&#8243; custom_margin=&#8221;||||false|false&#8221; custom_margin_tablet=&#8221;||||false|false&#8221; custom_margin_phone=&#8221;||40px||false|false&#8221; custom_margin_last_edited=&#8221;on|phone&#8221; custom_padding=&#8221;|60px|||false|false&#8221; custom_padding_tablet=&#8221;|0px|||false|false&#8221; custom_padding_phone=&#8221;|0px|||false|false&#8221; custom_padding_last_edited=&#8221;on|desktop&#8221; global_colors_info=&#8221;{}&#8221;][\/et_pb_wc_description][\/et_pb_column][et_pb_column type=&#8221;1_2&#8243; module_class=&#8221;ps_product_page_card&#8221; _builder_version=&#8221;4.27.0&#8243; background_color=&#8221;#000000&#8243; custom_padding=&#8221;30px|30px|30px|30px|false|false&#8221; border_radii=&#8221;on|30px|30px|30px|30px&#8221; global_colors_info=&#8221;{}&#8221;][et_pb_wc_title _builder_version=&#8221;4.27.0&#8243; _module_preset=&#8221;default&#8221; header_font=&#8221;Barlow Condensed|||on|||||&#8221; header_text_color=&#8221;#FFFFFF&#8221; header_font_size=&#8221;45px&#8221; global_colors_info=&#8221;{}&#8221;][\/et_pb_wc_title][et_pb_text admin_label=&#8221;Custom Product Meta&#8221; _builder_version=&#8221;4.27.0&#8243; _module_preset=&#8221;default&#8221; global_colors_info=&#8221;{}&#8221;]<div class='ps_cm_outer_wrapper'><div class='ps_cm_inner_wrapper'><div class='ps_cm_subtitle'>Whisky fra Cornwall<\/div><div class='ps_cm_abv'>40% abv<\/div><div class='ps_cm_packsize'>70cl<\/div><\/div><\/div>[\/et_pb_text][et_pb_wc_description admin_label=&#8221;Woo Product Short Description&#8221; module_class=&#8221;ps_product_short_text&#8221; _builder_version=&#8221;4.27.0&#8243; _module_preset=&#8221;default&#8221; body_text_color=&#8221;#8b8e90&#8243; global_colors_info=&#8221;{}&#8221;][\/et_pb_wc_description][et_pb_wc_price _builder_version=&#8221;4.27.0&#8243; _module_preset=&#8221;default&#8221; body_font=&#8221;|700|||||||&#8221; body_text_color=&#8221;#FFFFFF&#8221; body_font_size=&#8221;30px&#8221; custom_margin=&#8221;20px||20px||false|false&#8221; custom_padding=&#8221;||20px||false|false&#8221; border_width_bottom=&#8221;1px&#8221; border_color_bottom=&#8221;#444444&#8243; global_colors_info=&#8221;{}&#8221;][\/et_pb_wc_price][et_pb_wc_add_to_cart field_label_position=&#8221;inline&#8221; module_class=&#8221;ps_single_add_to_cart&#8221; _builder_version=&#8221;4.27.0&#8243; _module_preset=&#8221;default&#8221; fields_background_color=&#8221;#000000&#8243; fields_text_color=&#8221;#FFFFFF&#8221; fields_custom_padding=&#8221;0px||0px||false|false&#8221; dropdown_menus_background_color=&#8221;#000000&#8243; dropdown_menus_text_color=&#8221;#FFFFFF&#8221; field_label_text_color=&#8221;#FFFFFF&#8221; fields_font=&#8221;Lato||||||||&#8221; fields_font_size=&#8221;17px&#8221; dropdown_menus_font=&#8221;Lato||||||||&#8221; dropdown_menus_font_size=&#8221;17px&#8221; custom_button=&#8221;on&#8221; button_text_color=&#8221;#000000&#8243; button_bg_color=&#8221;#d68a47&#8243; button_border_color=&#8221;#d68a47&#8243; button_border_radius=&#8221;8px&#8221; button_font=&#8221;Lato||||||||&#8221; button_icon=&#8221;&#xe015;||divi||400&#8243; button_icon_color=&#8221;#FFFFFF&#8221; button_icon_placement=&#8221;left&#8221; button_on_hover=&#8221;off&#8221; border_radii_fields=&#8221;on|8px|8px|8px|8px&#8221; border_width_all_fields=&#8221;2px&#8221; border_color_all_fields=&#8221;#444444&#8243; border_width_all_dropdown_menus=&#8221;2px&#8221; border_color_all_dropdown_menus=&#8221;#444444&#8243; global_colors_info=&#8221;{}&#8221;][\/et_pb_wc_add_to_cart][et_pb_code admin_label=&#8221;Opslag og deling&#8221; module_class=&#8221;ps_single_notice_share&#8221; _builder_version=&#8221;4.27.0&#8243; _module_preset=&#8221;default&#8221; global_colors_info=&#8221;{}&#8221;]<\/p>\n<div class=\"ps-notice\"><!-- [et_pb_line_break_holder] --> <pee>M\u00e5 ikke s\u00e6lges til personer under 18 \u00e5r.<!\u2013- [et_pb_br_holder] -\u2013><!-- [et_pb_line_break_holder] -->Kan ikke returneres.<\/pee> <!-- [et_pb_line_break_holder] --><\/div>\n<p><!-- [et_pb_line_break_holder] --><\/p>\n<div class=\"ps-share\"><!-- [et_pb_line_break_holder] -->  <pee><!-- [et_pb_line_break_holder] -->  Del dette:<!-- [et_pb_line_break_holder] -->  <\/pee><!-- [et_pb_line_break_holder] -->  <div class=\"addtoany_shortcode\"><div class=\"a2a_kit a2a_kit_size_30 addtoany_list\" data-a2a-url=\"https:\/\/www.pocketfulofstones.com\/da\/vare\/hells-stone-whisky-mezcal-cask\/\" data-a2a-title=\"Hell\u2019s Stone Whisky - Mezcal Cask\"><a class=\"a2a_button_facebook\" href=\"https:\/\/www.addtoany.com\/add_to\/facebook?linkurl=https%3A%2F%2Fwww.pocketfulofstones.com%2Fda%2Fvare%2Fhells-stone-whisky-mezcal-cask%2F&amp;linkname=Hell%E2%80%99s%20Stone%20Whisky%20-%20Mezcal%20Cask\" title=\"Facebook\" rel=\"nofollow noopener\" target=\"_blank\"><\/a><a class=\"a2a_button_x\" href=\"https:\/\/www.addtoany.com\/add_to\/x?linkurl=https%3A%2F%2Fwww.pocketfulofstones.com%2Fda%2Fvare%2Fhells-stone-whisky-mezcal-cask%2F&amp;linkname=Hell%E2%80%99s%20Stone%20Whisky%20-%20Mezcal%20Cask\" title=\"X\" rel=\"nofollow noopener\" target=\"_blank\"><\/a><a class=\"a2a_button_whatsapp\" href=\"https:\/\/www.addtoany.com\/add_to\/whatsapp?linkurl=https%3A%2F%2Fwww.pocketfulofstones.com%2Fda%2Fvare%2Fhells-stone-whisky-mezcal-cask%2F&amp;linkname=Hell%E2%80%99s%20Stone%20Whisky%20-%20Mezcal%20Cask\" title=\"WhatsApp\" rel=\"nofollow noopener\" target=\"_blank\"><\/a><\/div><\/div><!-- [et_pb_line_break_holder] --><\/div>\n<p><!-- [et_pb_line_break_holder] -->[\/et_pb_code][\/et_pb_column][\/et_pb_row][et_pb_row column_structure=&#8221;1_3,1_3,1_3&#8243; disabled_on=&#8221;off|on|on&#8221; admin_label=&#8221;R\u00e6kke - Mobil&#8221; module_class=&#8221;ps_product_page_row&#8221; _builder_version=&#8221;4.27.0&#8243; width_tablet=&#8221;&#8221; width_phone=&#8221;90%&#8221; width_last_edited=&#8221;on|phone&#8221; custom_margin_tablet=&#8221;&#8221; custom_margin_phone=&#8221;&#8221; custom_margin_last_edited=&#8221;on|desktop&#8221; custom_padding=&#8221;0px||0px||false|false&#8221; global_colors_info=&#8221;{}&#8221;][et_pb_column type=&#8221;1_3&#8243; _builder_version=&#8221;4.16&#8243; global_colors_info=&#8221;{}&#8221;][et_pb_code admin_label=&#8221;Packshot&#8221; _builder_version=&#8221;4.27.0&#8243; custom_margin_tablet=&#8221;&#8221; custom_margin_phone=&#8221;-100px||50px||false|false&#8221; custom_margin_last_edited=&#8221;on|phone&#8221; custom_padding=&#8221;|70px|||false|false&#8221; custom_padding_tablet=&#8221;|0px|||false|false&#8221; custom_padding_phone=&#8221;|0px|||false|false&#8221; custom_padding_last_edited=&#8221;on|desktop&#8221; global_colors_info=&#8221;{}&#8221;]<div class='bottleHolder '><img decoding=\"async\" class=\"lefter bottleImg\" src=\"https:\/\/www.pocketfulofstones.com\/wp-content\/uploads\/2024\/08\/packshot_hells_stone_mezcal.png\"\/><img decoding=\"async\" class=\"middle bottleImg\" src=\"https:\/\/www.pocketfulofstones.com\/wp-content\/uploads\/2024\/08\/packshot_hells_stone_mezcal.png\"\/><img decoding=\"async\" class=\"righter bottleImg\" src=\"https:\/\/www.pocketfulofstones.com\/wp-content\/uploads\/2024\/08\/packshot_hells_stone_mezcal.png\"\/><\/div>[\/et_pb_code][\/et_pb_column][et_pb_column type=&#8221;1_3&#8243; module_class=&#8221;ps_product_page_card&#8221; _builder_version=&#8221;4.27.0&#8243; background_color=&#8221;#000000&#8243; custom_padding=&#8221;30px|30px|30px|30px|false|false&#8221; border_radii=&#8221;on|30px|30px|30px|30px&#8221; global_colors_info=&#8221;{}&#8221;][et_pb_wc_title _builder_version=&#8221;4.27.0&#8243; _module_preset=&#8221;default&#8221; header_font=&#8221;Barlow Condensed|||on|||||&#8221; header_text_color=&#8221;#FFFFFF&#8221; header_font_size=&#8221;45px&#8221; global_colors_info=&#8221;{}&#8221;][\/et_pb_wc_title][et_pb_text admin_label=&#8221;Custom Product Meta&#8221; _builder_version=&#8221;4.27.0&#8243; _module_preset=&#8221;default&#8221; global_colors_info=&#8221;{}&#8221;]<div class='ps_cm_outer_wrapper'><div class='ps_cm_inner_wrapper'><div class='ps_cm_subtitle'>Whisky fra Cornwall<\/div><div class='ps_cm_abv'>40% abv<\/div><div class='ps_cm_packsize'>70cl<\/div><\/div><\/div>[\/et_pb_text][et_pb_wc_price _builder_version=&#8221;4.27.0&#8243; _module_preset=&#8221;default&#8221; body_font=&#8221;|700|||||||&#8221; body_text_color=&#8221;#FFFFFF&#8221; body_font_size=&#8221;30px&#8221; custom_margin=&#8221;20px||20px||false|false&#8221; custom_padding=&#8221;||20px||false|false&#8221; border_width_bottom=&#8221;1px&#8221; border_color_bottom=&#8221;#131414&#8243; global_colors_info=&#8221;{}&#8221;][\/et_pb_wc_price][et_pb_wc_add_to_cart field_label_position=&#8221;inline&#8221; module_class=&#8221;ps_single_add_to_cart&#8221; _builder_version=&#8221;4.27.0&#8243; _module_preset=&#8221;default&#8221; fields_background_color=&#8221;#000000&#8243; fields_text_color=&#8221;#FFFFFF&#8221; fields_custom_padding=&#8221;0px||0px||false|false&#8221; dropdown_menus_background_color=&#8221;#000000&#8243; dropdown_menus_text_color=&#8221;#FFFFFF&#8221; field_label_text_color=&#8221;#FFFFFF&#8221; fields_font=&#8221;Lato||||||||&#8221; fields_font_size=&#8221;17px&#8221; dropdown_menus_font=&#8221;Lato||||||||&#8221; dropdown_menus_font_size=&#8221;17px&#8221; custom_button=&#8221;on&#8221; button_text_color=&#8221;#000000&#8243; button_bg_color=&#8221;#d68a47&#8243; button_border_color=&#8221;#d68a47&#8243; button_border_radius=&#8221;8px&#8221; button_font=&#8221;Lato||||||||&#8221; button_icon=&#8221;&#xe015;||divi||400&#8243; button_icon_color=&#8221;#FFFFFF&#8221; button_icon_placement=&#8221;left&#8221; button_on_hover=&#8221;off&#8221; border_radii_fields=&#8221;on|8px|8px|8px|8px&#8221; border_width_all_fields=&#8221;2px&#8221; border_color_all_fields=&#8221;#151515&#8243; border_width_all_dropdown_menus=&#8221;2px&#8221; border_color_all_dropdown_menus=&#8221;#151515&#8243; global_colors_info=&#8221;{}&#8221;][\/et_pb_wc_add_to_cart][et_pb_code admin_label=&#8221;Opslag og deling&#8221; module_class=&#8221;ps_single_notice_share&#8221; _builder_version=&#8221;4.27.0&#8243; _module_preset=&#8221;default&#8221; global_colors_info=&#8221;{}&#8221;]<\/p>\n<div class=\"ps-notice\"><!-- [et_pb_line_break_holder] --> <pee>M\u00e5 ikke s\u00e6lges til personer under 18 \u00e5r.<!\u2013- [et_pb_br_holder] -\u2013><!-- [et_pb_line_break_holder] -->Kan ikke returneres.<\/pee> <!-- [et_pb_line_break_holder] --><\/div>\n<p><!-- [et_pb_line_break_holder] --><\/p>\n<div class=\"ps-share\"><!-- [et_pb_line_break_holder] -->  <pee><!-- [et_pb_line_break_holder] -->  Del dette:<!-- [et_pb_line_break_holder] -->  <\/pee><!-- [et_pb_line_break_holder] -->  <div class=\"addtoany_shortcode\"><div class=\"a2a_kit a2a_kit_size_30 addtoany_list\" data-a2a-url=\"https:\/\/www.pocketfulofstones.com\/da\/vare\/hells-stone-whisky-mezcal-cask\/\" data-a2a-title=\"Hell\u2019s Stone Whisky - Mezcal Cask\"><a class=\"a2a_button_facebook\" href=\"https:\/\/www.addtoany.com\/add_to\/facebook?linkurl=https%3A%2F%2Fwww.pocketfulofstones.com%2Fda%2Fvare%2Fhells-stone-whisky-mezcal-cask%2F&amp;linkname=Hell%E2%80%99s%20Stone%20Whisky%20-%20Mezcal%20Cask\" title=\"Facebook\" rel=\"nofollow noopener\" target=\"_blank\"><\/a><a class=\"a2a_button_x\" href=\"https:\/\/www.addtoany.com\/add_to\/x?linkurl=https%3A%2F%2Fwww.pocketfulofstones.com%2Fda%2Fvare%2Fhells-stone-whisky-mezcal-cask%2F&amp;linkname=Hell%E2%80%99s%20Stone%20Whisky%20-%20Mezcal%20Cask\" title=\"X\" rel=\"nofollow noopener\" target=\"_blank\"><\/a><a class=\"a2a_button_whatsapp\" href=\"https:\/\/www.addtoany.com\/add_to\/whatsapp?linkurl=https%3A%2F%2Fwww.pocketfulofstones.com%2Fda%2Fvare%2Fhells-stone-whisky-mezcal-cask%2F&amp;linkname=Hell%E2%80%99s%20Stone%20Whisky%20-%20Mezcal%20Cask\" title=\"WhatsApp\" rel=\"nofollow noopener\" target=\"_blank\"><\/a><\/div><\/div><!-- [et_pb_line_break_holder] --><\/div>\n<p><!-- [et_pb_line_break_holder] -->[\/et_pb_code][et_pb_wc_description admin_label=&#8221;Woo Product Short Description&#8221; module_class=&#8221;ps_product_short_text&#8221; _builder_version=&#8221;4.27.0&#8243; _module_preset=&#8221;default&#8221; body_text_color=&#8221;#8b8e90&#8243; custom_margin=&#8221;15px||||false|false&#8221; border_width_top=&#8221;1px&#8221; border_color_top=&#8221;#131414&#8243; global_colors_info=&#8221;{}&#8221;][\/et_pb_wc_description][\/et_pb_column][et_pb_column type=&#8221;1_3&#8243; _builder_version=&#8221;4.27.0&#8243; _module_preset=&#8221;default&#8221; global_colors_info=&#8221;{}&#8221;][et_pb_text admin_label=&#8221;Copper Heading&#8221; _builder_version=&#8221;4.27.0&#8243; background_size=&#8221;initial&#8221; background_position=&#8221;top_left&#8221; background_repeat=&#8221;repeat&#8221; custom_margin=&#8221;130px||||false|false&#8221; custom_margin_tablet=&#8221;130px||||false|false&#8221; custom_margin_phone=&#8221;50px||||false|false&#8221; custom_margin_last_edited=&#8221;on|phone&#8221; use_border_color=&#8221;off&#8221; border_color=&#8221;#ffffff&#8221; border_style=&#8221;solid&#8221; global_colors_info=&#8221;{}&#8221;]<\/p>\n<h3>VORES CORNISH MEXICANSKE K\u00c6RLIGHEDSBARN<\/h3>\n<p>[\/et_pb_text][et_pb_wc_description description_type=&#8221;description&#8221; admin_label=&#8221;Woo Product Description&#8221; module_class=&#8221;ps_product_description&#8221; _builder_version=&#8221;4.27.0&#8243; _module_preset=&#8221;default&#8221; body_text_color=&#8221;#6d6f71&#8243; custom_margin=&#8221;||||false|false&#8221; custom_margin_tablet=&#8221;||||false|false&#8221; custom_margin_phone=&#8221;||40px||false|false&#8221; custom_margin_last_edited=&#8221;on|phone&#8221; custom_padding=&#8221;|60px|||false|false&#8221; custom_padding_tablet=&#8221;|0px|||false|false&#8221; custom_padding_phone=&#8221;|0px|||false|false&#8221; custom_padding_last_edited=&#8221;on|desktop&#8221; global_colors_info=&#8221;{}&#8221;][\/et_pb_wc_description][\/et_pb_column][\/et_pb_row][et_pb_row column_structure=&#8221;1_4,1_2,1_4&#8243; module_id=&#8221;dr-squid-video-row&#8221; _builder_version=&#8221;4.27.4&#8243; _module_preset=&#8221;default&#8221; custom_margin=&#8221;80px||||false|false&#8221; custom_margin_tablet=&#8221;80px||||false|false&#8221; custom_margin_phone=&#8221;0px||||false|false&#8221; custom_margin_last_edited=&#8221;on|phone&#8221; locked=&#8221;off&#8221; global_colors_info=&#8221;{}&#8221;][et_pb_column type=&#8221;1_4&#8243; _builder_version=&#8221;4.27.4&#8243; _module_preset=&#8221;default&#8221; global_colors_info=&#8221;{}&#8221;][et_pb_code _builder_version=&#8221;4.27.4&#8243; _module_preset=&#8221;default&#8221; global_colors_info=&#8221;{}&#8221;]<\/p>\n<div style=\"padding:177.78% 0 0 0;position:relative;\"><iframe src=\"https:\/\/player.vimeo.com\/video\/1135763025?autoplay=1&#038;loop=1&#038;background=1&#038;title=0&#038;byline=0&#038;portrait=0&#038;badge=0&#038;autopause=0&#038;player_id=0&#038;app_id=58479\" frameborder=\"0\" allow=\"autoplay; fullscreen; picture-in-picture; clipboard-write; encrypted-media; web-share\" referrerpolicy=\"strict-origin-when-cross-origin\" style=\"position:absolute;top:0;left:0;width:100%;height:100%;\" title=\"Dr Squid Gin\"><\/iframe><\/div>\n<p><script src=\"https:\/\/player.vimeo.com\/api\/player.js\"><\/script>[\/et_pb_code][\/et_pb_column][et_pb_column type=&#8221;1_2&#8243; _builder_version=&#8221;4.27.4&#8243; _module_preset=&#8221;default&#8221; global_colors_info=&#8221;{}&#8221;][\/et_pb_column][et_pb_column type=&#8221;1_4&#8243; _builder_version=&#8221;4.27.4&#8243; _module_preset=&#8221;default&#8221; global_colors_info=&#8221;{}&#8221;][\/et_pb_column][\/et_pb_row][et_pb_row _builder_version=&#8221;4.27.0&#8243; _module_preset=&#8221;default&#8221; width=&#8221;90%&#8221; global_colors_info=&#8221;{}&#8221;][et_pb_column type=&#8221;4_4&#8243; _builder_version=&#8221;4.27.0&#8243; _module_preset=&#8221;default&#8221; global_colors_info=&#8221;{}&#8221;][et_pb_wc_related_products posts_number=&#8221;3&#8243; columns_number=&#8221;3&#8243; include_categories=&#8221;all&#8221; icon_hover_color=&#8221;RGBA(255,255,255,0)&#8221; hover_overlay_color=&#8221;RGBA(255,255,255,0)&#8221; _builder_version=&#8221;4.27.0&#8243; _module_preset=&#8221;default&#8221; title_font=&#8221;Lato||||||||&#8221; title_text_align=&#8221;left&#8221; title_text_color=&#8221;#FFFFFF&#8221; title_font_size=&#8221;20px&#8221; product_title_font=&#8221;Barlow Condensed||||||||&#8221; product_title_text_color=&#8221;#8b8e90&#8243; product_title_font_size=&#8221;30px&#8221; price_font=&#8221;|700|||||||&#8221; price_text_align=&#8221;right&#8221; price_text_color=&#8221;#FFFFFF&#8221; price_font_size=&#8221;25px&#8221; title_font_size_tablet=&#8221;20px&#8221; title_font_size_phone=&#8221;&#8221; title_font_size_last_edited=&#8221;on|desktop&#8221; product_title_font_size_tablet=&#8221;30px&#8221; product_title_font_size_phone=&#8221;23px&#8221; product_title_font_size_last_edited=&#8221;on|phone&#8221; price_font_size_tablet=&#8221;25px&#8221; price_font_size_phone=&#8221;18px&#8221; price_font_size_last_edited=&#8221;on|phone&#8221; global_colors_info=&#8221;{}&#8221;][\/et_pb_wc_related_products][\/et_pb_column][\/et_pb_row][\/et_pb_section]<\/p>\n","protected":false},"excerpt":{"rendered":"<p>Vi har taget vores Hell&#8217;s Stone Dulow blend whisky og lagret den i yderligere 12 m\u00e5neder p\u00e5 et mezcal-fad i skyggen af St Michael&#8217;s Mount p\u00e5 den vilde korniske kyst. Resultatet er en kompleks egewhisky med en krydret mezcal-eftersmag.<\/p>\n","protected":false},"featured_media":13051,"template":"","meta":{"_et_pb_use_builder":"on","_et_pb_old_content":"<h4>Historien<\/h4>\r\nVores venner hos Diageo har i nogen tid lobbyet for at f\u00e5 \u00e6ndret reglerne, s\u00e5 de kan bruge mezcal-t\u00f8nder p\u00e5 nogle af deres skotske destillerier. Da vi bogstaveligt talt skriver reglerne for, hvad Cornish Whisky er og kan v\u00e6re, beh\u00f8ver vi ikke at bekymre os om noget af det - man beh\u00f8ver ikke at \u00e6ndre reglerne, n\u00e5r man har travlt med at lave dem!\r\n\r\nLigesom sin storebror har den endda sin egen sang, s\u00e5 <a href=\"https:\/\/www.pocketfulofstones.com\/wp-content\/uploads\/2024\/12\/Tune-Diablo.mp3\" target=\"_blank\" rel=\"noopener\">lyt<\/a> til den, mens du venter p\u00e5 din bestilling.","_et_gb_content_width":""},"product_brand":[],"product_cat":[77,113],"product_tag":[79],"class_list":{"0":"post-13801","1":"product","2":"type-product","3":"status-publish","4":"has-post-thumbnail","6":"product_cat-spiritus","7":"product_cat-whisky-da","8":"product_tag-pocketful-of-stones-da","10":"first","11":"instock","12":"shipping-taxable","13":"purchasable","14":"product-type-simple"},"_links":{"self":[{"href":"https:\/\/www.pocketfulofstones.com\/da\/wp-json\/wp\/v2\/product\/13801","targetHints":{"allow":["GET"]}}],"collection":[{"href":"https:\/\/www.pocketfulofstones.com\/da\/wp-json\/wp\/v2\/product"}],"about":[{"href":"https:\/\/www.pocketfulofstones.com\/da\/wp-json\/wp\/v2\/types\/product"}],"wp:featuredmedia":[{"embeddable":true,"href":"https:\/\/www.pocketfulofstones.com\/da\/wp-json\/wp\/v2\/media\/13051"}],"wp:attachment":[{"href":"https:\/\/www.pocketfulofstones.com\/da\/wp-json\/wp\/v2\/media?parent=13801"}],"wp:term":[{"taxonomy":"product_brand","embeddable":true,"href":"https:\/\/www.pocketfulofstones.com\/da\/wp-json\/wp\/v2\/product_brand?post=13801"},{"taxonomy":"product_cat","embeddable":true,"href":"https:\/\/www.pocketfulofstones.com\/da\/wp-json\/wp\/v2\/product_cat?post=13801"},{"taxonomy":"product_tag","embeddable":true,"href":"https:\/\/www.pocketfulofstones.com\/da\/wp-json\/wp\/v2\/product_tag?post=13801"}],"curies":[{"name":"wp","href":"https:\/\/api.w.org\/{rel}","templated":true}]}}