{"id":13267,"date":"2019-07-22T10:18:18","date_gmt":"2019-07-22T10:18:18","guid":{"rendered":"https:\/\/www.pocketfulofstones.co.uk\/datenschutzbestimmungen\/"},"modified":"2025-07-21T12:39:39","modified_gmt":"2025-07-21T12:39:39","slug":"privacy-policy","status":"publish","type":"page","link":"https:\/\/www.pocketfulofstones.com\/de\/privacy-policy\/","title":{"rendered":"Datenschutzbestimmungen"},"content":{"rendered":"<p>[et_pb_section fb_built=&#8220;1&#8243; admin_label=&#8220;section&#8220; _builder_version=&#8220;4.27.4&#8243; background_color=&#8220;#232226&#8243; hover_enabled=&#8220;0&#8243; global_colors_info=&#8220;{}&#8220; module_class=&#8220;ps-info-page&#8220; sticky_enabled=&#8220;0&#8243;][et_pb_row admin_label=&#8220;Zeile&#8220; _builder_version=&#8220;4.16&#8243; background_size=&#8220;initial&#8220; background_position=&#8220;top_left&#8220; background_repeat=&#8220;repeat&#8220; global_colors_info=&#8220;{}&#8220;][et_pb_column type=&#8220;4_4&#8243; _builder_version=&#8220;4.16&#8243; custom_padding=&#8220;|||&#8220; global_colors_info=&#8220;{}&#8220; custom_padding__hover=&#8220;|||&#8220;][et_pb_text admin_label=&#8220;Text&#8220; _builder_version=&#8220;4.16&#8243; text_text_color=&#8220;#ffffff&#8220; background_size=&#8220;initial&#8220; background_position=&#8220;top_left&#8220; background_repeat=&#8220;repeat&#8220; use_border_color=&#8220;off&#8220; border_color=&#8220;#ffffff&#8220; border_style=&#8220;solid&#8220; global_colors_info=&#8220;{}&#8220;]<\/p>\n<h4>Datenschutzbestimmungen<\/h4>\n<p><\/p>\n<p>Pocketful of Stones Distillers Ltd. nimmt den Datenschutz sehr ernst und versteht, dass Ihnen Ihre Privatsph\u00e4re wichtig ist und dass Sie sich darum sorgen, wie Ihre pers\u00f6nlichen Daten online verwendet und weitergegeben werden. Wir respektieren und sch\u00e4tzen die Privatsph\u00e4re eines jeden, der diese Website besucht, auf die Sie \u00fcber pocketfulofstones.co.uk oder pocketfulofstones.com oder caspyn.com (&#8222;Unsere Website&#8220;) zugreifen. Wir erheben und verwenden personenbezogene Daten nur in der hier beschriebenen Weise und in einer Weise, die mit unseren Verpflichtungen und Ihren Rechten nach dem Gesetz vereinbar ist.  <\/p>\n<p><\/p>\n<p>Bitte lesen Sie diese Datenschutzrichtlinie sorgf\u00e4ltig durch und stellen Sie sicher, dass Sie sie verstehen. Es wird davon ausgegangen, dass Sie unsere Datenschutzrichtlinie bei Ihrer ersten Nutzung unserer Website akzeptieren. Wenn Sie diese Datenschutzrichtlinie nicht akzeptieren und ihr nicht zustimmen, m\u00fcssen Sie die Nutzung unserer Website sofort einstellen.  <\/p>\n<p><\/p>\n<p>Im Folgenden beziehen sich die Worte Wir\/Us\/Uns auf Pocketful of Stones Distillers Ltd.<\/p>\n<p><\/p>\n<h4> <\/h4>\n<p><\/p>\n<h4>Informationen \u00fcber uns<\/h4>\n<p><\/p>\n<p>Unsere Website wird von Pocketful of Stones Distillers Ltd betrieben, einer in England und Wales unter der Firmennummer 10017479 eingetragenen Gesellschaft mit beschr\u00e4nkter Haftung, deren Adresse 4C Longrock, Penzance, TR20 8HX lautet. Unsere Umsatzsteuer-Identifikationsnummer lautet 234944396. <\/p>\n<p><\/p>\n<h4> <\/h4>\n<p><\/p>\n<h4>Was deckt diese Police ab?<\/h4>\n<p><\/p>\n<p>Diese Datenschutzrichtlinie gilt nur f\u00fcr Ihre Nutzung unserer Website. Unsere Website kann Links zu anderen Websites enthalten. Bitte beachten Sie, dass wir keine Kontrolle dar\u00fcber haben, wie Ihre Daten von anderen Websites erfasst, gespeichert oder verwendet werden. Wir empfehlen Ihnen, die Datenschutzrichtlinien dieser Websites zu pr\u00fcfen, bevor Sie ihnen Daten zur Verf\u00fcgung stellen.  <\/p>\n<p><\/p>\n<h4> <\/h4>\n<p><\/p>\n<h4>Welche Daten sammeln wir?<\/h4>\n<p><\/p>\n<p>Alle personenbezogenen Daten werden sicher verarbeitet und gespeichert, und zwar nur so lange, wie es f\u00fcr die Zwecke, f\u00fcr die sie urspr\u00fcnglich erhoben wurden, erforderlich ist. Wir werden unseren Verpflichtungen nachkommen und Ihre Rechte im Rahmen der GDPR jederzeit wahren. <\/p>\n<p><\/p>\n<p>Unsere Verwendung Ihrer personenbezogenen Daten hat immer eine rechtm\u00e4\u00dfige Grundlage, entweder weil sie f\u00fcr die Erf\u00fcllung eines Vertrags mit Ihnen erforderlich ist, weil Sie in die Verwendung Ihrer personenbezogenen Daten eingewilligt haben (z. B. durch das Abonnieren von E-Mails) oder weil sie in unserem berechtigten Interesse liegt. Wir k\u00f6nnen Ihre Daten insbesondere f\u00fcr die folgenden Zwecke verwenden: <\/p>\n<p><\/p>\n<p>Bereitstellung und Verwaltung Ihres Kontos, Bereitstellung und Verwaltung Ihres Zugangs zu Unserer Website, Personalisierung und Anpassung Ihrer Erfahrungen auf Unserer Website, Bereitstellung Unserer Dienstleistungen f\u00fcr Sie (bitte beachten Sie, dass Wir Ihre pers\u00f6nlichen Daten ben\u00f6tigen, um einen Vertrag mit Ihnen abzuschlie\u00dfen), Personalisierung und Anpassung Unserer Dienstleistungen f\u00fcr Sie, Beantwortung von E-Mails von Ihnen, Versorgung mit E-Mails, f\u00fcr die Sie sich entschieden haben (Sie k\u00f6nnen diese jederzeit abbestellen oder abbestellen), Marktforschung, Analyse Ihrer Nutzung Unserer Website und Sammlung von Feedback, damit Wir Unsere Website und Ihre Benutzererfahrung kontinuierlich verbessern k\u00f6nnen;<\/p>\n<p><\/p>\n<p>Mit Ihrer Erlaubnis und\/oder soweit gesetzlich zul\u00e4ssig, k\u00f6nnen wir Ihre Daten auch f\u00fcr Marketingzwecke verwenden, wozu auch geh\u00f6ren kann, dass wir Sie per E-Mail, Telefon und Post mit Informationen, Neuigkeiten und Angeboten zu unseren Dienstleistungen kontaktieren. Wir werden alle angemessenen Schritte unternehmen, um sicherzustellen, dass wir Ihre Rechte vollst\u00e4ndig sch\u00fctzen und unsere Verpflichtungen gem\u00e4\u00df der GDPR und der Verordnung \u00fcber den Datenschutz und die elektronische Kommunikation (EG-Richtlinie) von 2003 einhalten. <\/p>\n<p><\/p>\n<p>Sie haben das Recht, Ihre Zustimmung zur Verwendung Ihrer personenbezogenen Daten durch uns jederzeit zu widerrufen und deren L\u00f6schung zu verlangen.<\/p>\n<p><\/p>\n<p>Wir bewahren Ihre personenbezogenen Daten nicht l\u00e4nger auf, als es f\u00fcr den Zweck, f\u00fcr den sie urspr\u00fcnglich erhoben wurden, erforderlich ist.<\/p>\n<p><\/p>\n<h4> <\/h4>\n<p><\/p>\n<h4>Wie verwenden wir Ihre Daten?<\/h4>\n<p><\/p>\n<p>Alle personenbezogenen Daten werden sicher verarbeitet und gespeichert, und zwar nur so lange, wie es f\u00fcr die Zwecke, f\u00fcr die sie urspr\u00fcnglich erhoben wurden, erforderlich ist. Wir werden unseren Verpflichtungen nachkommen und Ihre Rechte im Rahmen der GDPR jederzeit wahren. <\/p>\n<p><\/p>\n<p>Unsere Verwendung Ihrer personenbezogenen Daten hat immer eine rechtm\u00e4\u00dfige Grundlage, entweder weil sie f\u00fcr die Erf\u00fcllung eines Vertrags mit Ihnen erforderlich ist, weil Sie in die Verwendung Ihrer personenbezogenen Daten eingewilligt haben (z. B. durch das Abonnieren von E-Mails) oder weil sie in unserem berechtigten Interesse liegt. Wir k\u00f6nnen Ihre Daten insbesondere f\u00fcr die folgenden Zwecke verwenden: <\/p>\n<p><\/p>\n<p>Bereitstellung und Verwaltung Ihres Kontos, Bereitstellung und Verwaltung Ihres Zugangs zu Unserer Website, Personalisierung und Anpassung Ihrer Erfahrungen auf Unserer Website, Bereitstellung Unserer Dienstleistungen f\u00fcr Sie (bitte beachten Sie, dass Wir Ihre pers\u00f6nlichen Daten ben\u00f6tigen, um einen Vertrag mit Ihnen abzuschlie\u00dfen), Personalisierung und Anpassung Unserer Dienstleistungen f\u00fcr Sie, Beantwortung von E-Mails von Ihnen, Versorgung mit E-Mails, f\u00fcr die Sie sich entschieden haben (Sie k\u00f6nnen diese jederzeit abbestellen oder abbestellen), Marktforschung, Analyse Ihrer Nutzung Unserer Website und Sammlung von Feedback, damit Wir Unsere Website und Ihre Benutzererfahrung kontinuierlich verbessern k\u00f6nnen;<\/p>\n<p><\/p>\n<p>Mit Ihrer Erlaubnis und\/oder soweit gesetzlich zul\u00e4ssig, k\u00f6nnen wir Ihre Daten auch f\u00fcr Marketingzwecke verwenden, wozu auch geh\u00f6ren kann, dass wir Sie per E-Mail, Telefon und Post mit Informationen, Neuigkeiten und Angeboten zu unseren Dienstleistungen kontaktieren. Wir werden alle angemessenen Schritte unternehmen, um sicherzustellen, dass wir Ihre Rechte vollst\u00e4ndig sch\u00fctzen und unsere Verpflichtungen gem\u00e4\u00df der GDPR und der Verordnung \u00fcber den Datenschutz und die elektronische Kommunikation (EG-Richtlinie) von 2003 einhalten. <\/p>\n<p><\/p>\n<p>Sie haben das Recht, Ihre Zustimmung zur Verwendung Ihrer personenbezogenen Daten durch uns jederzeit zu widerrufen und deren L\u00f6schung zu verlangen.<\/p>\n<p><\/p>\n<p>Wir bewahren Ihre personenbezogenen Daten nicht l\u00e4nger auf, als es f\u00fcr den Zweck, f\u00fcr den sie urspr\u00fcnglich erhoben wurden, erforderlich ist.<\/p>\n<p><\/p>\n<h4> <\/h4>\n<p><\/p>\n<h4>Wie und wo speichern wir Ihre Daten?<\/h4>\n<p><\/p>\n<p>Wir bewahren Ihre personenbezogenen Daten nur so lange auf, wie es f\u00fcr die oben beschriebene Verwendung erforderlich ist und\/oder solange wir Ihre Erlaubnis haben, sie zu speichern.<\/p>\n<p><\/p>\n<p>Ihre Daten werden nur in Gro\u00dfbritannien gespeichert.<\/p>\n<p><\/p>\n<p>Die Datensicherheit ist uns sehr wichtig, und um Ihre Daten zu sch\u00fctzen, haben wir geeignete Ma\u00dfnahmen ergriffen, um die \u00fcber unsere Website erfassten Daten zu sch\u00fctzen und zu sichern.<\/p>\n<p><\/p>\n<h4> <\/h4>\n<p><\/p>\n<h4>Geben wir Ihre Daten weiter?<\/h4>\n<p><\/p>\n<p>Vorbehaltlich des nachstehenden Absatzes werden wir keine Ihrer Daten zu irgendwelchen Zwecken an Dritte weitergeben.<\/p>\n<p><\/p>\n<p>Unter bestimmten Umst\u00e4nden k\u00f6nnen wir gesetzlich verpflichtet sein, bestimmte in unserem Besitz befindliche Daten weiterzugeben, zu denen auch Ihre personenbezogenen Daten geh\u00f6ren k\u00f6nnen, z. B. wenn wir in ein Gerichtsverfahren verwickelt sind, wenn wir gesetzlichen Verpflichtungen, einem Gerichtsbeschluss oder einer staatlichen Beh\u00f6rde nachkommen.<\/p>\n<p><\/p>\n<p>Wir k\u00f6nnen Statistiken \u00fcber die Nutzung unserer Website erstellen, einschlie\u00dflich Daten \u00fcber den Datenverkehr, Nutzungsmuster, Nutzerzahlen, Verk\u00e4ufe und andere Informationen. Alle diese Daten werden anonymisiert und enthalten keine personenbezogenen Daten oder anonymisierte Daten, die mit anderen Daten kombiniert und zu Ihrer Identifizierung verwendet werden k\u00f6nnen. Von Zeit zu Zeit k\u00f6nnen wir solche Daten an Dritte weitergeben, z. B. an potenzielle Investoren, verbundene Unternehmen, Partner und Werbekunden. Die Daten werden nur im Rahmen der gesetzlichen Bestimmungen weitergegeben und verwendet.   <\/p>\n<p><\/p>\n<h4> <\/h4>\n<p><\/p>\n<h4>Was passiert, wenn unser Unternehmen den Besitzer wechselt?<\/h4>\n<p><\/p>\n<p>Wir k\u00f6nnen von Zeit zu Zeit unser Gesch\u00e4ft erweitern oder reduzieren, und dies kann den Verkauf und\/oder die \u00dcbertragung der Kontrolle \u00fcber unser gesamtes Gesch\u00e4ft oder einen Teil davon beinhalten. Alle personenbezogenen Daten, die Sie uns zur Verf\u00fcgung gestellt haben, werden, sofern sie f\u00fcr einen Teil Unseres Gesch\u00e4fts relevant sind, der \u00fcbertragen wird, zusammen mit diesem Teil \u00fcbertragen, und der neue Eigent\u00fcmer oder die neu kontrollierende Partei wird gem\u00e4\u00df den Bedingungen dieser Datenschutzrichtlinie berechtigt sein, diese Daten nur f\u00fcr die gleichen Zwecke zu verwenden, f\u00fcr die sie urspr\u00fcnglich von Uns erhoben wurden.<\/p>\n<p><\/p>\n<h4> <\/h4>\n<p><\/p>\n<h4>Wie k\u00f6nnen Sie Ihre Daten kontrollieren?<\/h4>\n<p><\/p>\n<p>Zus\u00e4tzlich zu Ihren Rechten gem\u00e4\u00df der GDPR k\u00f6nnen Sie bei der \u00dcbermittlung personenbezogener Daten \u00fcber unsere Website die M\u00f6glichkeit haben, unsere Nutzung Ihrer Daten einzuschr\u00e4nken. Wir sind insbesondere bestrebt, Ihnen eine starke Kontrolle \u00fcber unsere Verwendung Ihrer Daten f\u00fcr Direktmarketingzwecke zu geben, einschlie\u00dflich der M\u00f6glichkeit, den Erhalt von E-Mails von uns abzulehnen, was Sie tun k\u00f6nnen, indem Sie sich \u00fcber die in unseren E-Mails bereitgestellten Links und bei der Angabe Ihrer Daten abmelden.<\/p>\n<p><\/p>\n<h4> <\/h4>\n<p><\/p>\n<h4>Ihr Recht auf Zur\u00fcckhaltung von Informationen<\/h4>\n<p><\/p>\n<p>Sie k\u00f6nnen auf unsere Website zugreifen, ohne irgendwelche Daten anzugeben. Um jedoch alle auf unserer Website verf\u00fcgbaren Merkmale und Funktionen nutzen zu k\u00f6nnen, m\u00fcssen Sie m\u00f6glicherweise bestimmte Daten \u00fcbermitteln oder deren Erfassung zulassen.<\/p>\n<p><\/p>\n<p>Sie k\u00f6nnen unsere Verwendung von Cookies einschr\u00e4nken.<\/p>\n<p><\/p>\n<h4> <\/h4>\n<p><\/p>\n<h4>Wie k\u00f6nnen Sie auf Ihre Daten zugreifen?<\/h4>\n<p><\/p>\n<p>Sie haben das Recht, eine Kopie der von uns gespeicherten pers\u00f6nlichen Daten anzufordern (sofern solche Daten gespeichert sind). Gem\u00e4\u00df der Datenschutz-Grundverordnung (GDPR) ist keine Geb\u00fchr zu entrichten, und Wir stellen Ihnen alle Informationen als Antwort auf Ihre Anfrage kostenlos zur Verf\u00fcgung. Bitte kontaktieren Sie uns f\u00fcr weitere Informationen unter shaun@pocketfulofstones.com, oder verwenden Sie die unten stehenden Kontaktinformationen.<\/p>\n<p><\/p>\n<h4> <\/h4>\n<p><\/p>\n<h4>Unsere Verwendung von Cookies<\/h4>\n<p><\/p>\n<p>Ein Cookie ist eine kleine Textdatei, die von unserer Website auf Ihrem Computer oder Ger\u00e4t platziert wird, wenn Sie bestimmte Teile unserer Website besuchen und\/oder wenn Sie bestimmte Funktionen unserer Website nutzen.<\/p>\n<p><\/p>\n<p>Unsere Website kann bestimmte Cookies von Erstanbietern auf Ihrem Computer oder Ger\u00e4t platzieren und darauf zugreifen. Erstanbieter-Cookies sind Cookies, die direkt von uns gesetzt werden und nur von uns verwendet werden. Wir verwenden Cookies, um Ihre Nutzung unserer Website zu erleichtern und zu verbessern und um unsere Dienste anzubieten und zu verbessern. Durch die Nutzung unserer Website k\u00f6nnen Sie auch bestimmte Cookies von Drittanbietern auf Ihrem Computer oder Ger\u00e4t empfangen. Cookies von Dritten sind Cookies, die von anderen Websites, Diensten und\/oder Parteien als uns gesetzt werden. Bitte beachten Sie, dass wir weder die Aktivit\u00e4ten dieser Dritten noch die von ihnen gesammelten und verwendeten Daten kontrollieren und empfehlen Ihnen, die Datenschutzrichtlinien dieser Dritten zu pr\u00fcfen. Dar\u00fcber hinaus nutzt unsere Website Analysedienste von Google Analytics und Who Is Visiting, die ebenfalls Cookies verwenden. Die Website-Analyse bezieht sich auf eine Reihe von Tools, die zum Sammeln und Analysieren von Nutzungsstatistiken verwendet werden und es uns erm\u00f6glichen, besser zu verstehen, wie Menschen unsere Website nutzen.<\/p>\n<p><\/p>\n<h4> <\/h4>\n<p><\/p>\n<h4>Kontaktieren Sie uns<\/h4>\n<p><\/p>\n<p>Wenn Sie Fragen zu unserer Website oder dieser Datenschutzrichtlinie haben, wenden Sie sich bitte per E-Mail an shaun@pocketfulofstones.com, telefonisch an 01736333550 oder per Post an Pocketful of Stones, 4C Longrock, Penzance, TR20 8HX. Bitte stellen Sie sicher, dass Ihre Anfrage klar und deutlich formuliert ist, insbesondere wenn es sich um eine Bitte um Auskunft \u00fcber die Daten handelt, die wir \u00fcber Sie gespeichert haben.<\/p>\n<p><\/p>\n<h4> <\/h4>\n<p><\/p>\n<h4>\u00c4nderungen an unserer Datenschutzrichtlinie<\/h4>\n<p><\/p>\n<p>Wir k\u00f6nnen diese Datenschutzrichtlinie von Zeit zu Zeit \u00e4ndern (z.B. wenn sich das Gesetz \u00e4ndert). Alle \u00c4nderungen werden sofort auf unserer Website ver\u00f6ffentlicht und es wird davon ausgegangen, dass Sie die Bedingungen der Datenschutzrichtlinie bei Ihrer ersten Nutzung unserer Website nach den \u00c4nderungen akzeptieren. Wir empfehlen Ihnen, diese Seite regelm\u00e4\u00dfig zu besuchen, um auf dem Laufenden zu bleiben.<\/p>\n<p>[\/et_pb_text][\/et_pb_column][\/et_pb_row][\/et_pb_section]<\/p>\n","protected":false},"excerpt":{"rendered":"<p>DatenschutzbestimmungenPocketful of Stones Distillers Ltd. nimmt den Datenschutz sehr ernst und versteht, dass Ihnen Ihre Privatsph\u00e4re wichtig ist und dass Sie sich darum sorgen, wie Ihre pers\u00f6nlichen Daten online verwendet und weitergegeben werden. Wir respektieren und sch\u00e4tzen die Privatsph\u00e4re eines jeden, der diese Website besucht, auf die Sie \u00fcber pocketfulofstones.co.uk oder pocketfulofstones.com oder caspyn.com (&#8222;Unsere [&hellip;]<\/p>\n","protected":false},"author":4,"featured_media":0,"parent":0,"menu_order":0,"comment_status":"closed","ping_status":"closed","template":"","meta":{"_et_pb_use_builder":"on","_et_pb_old_content":"","_et_gb_content_width":"","footnotes":""},"class_list":["post-13267","page","type-page","status-publish","hentry"],"_links":{"self":[{"href":"https:\/\/www.pocketfulofstones.com\/de\/wp-json\/wp\/v2\/pages\/13267","targetHints":{"allow":["GET"]}}],"collection":[{"href":"https:\/\/www.pocketfulofstones.com\/de\/wp-json\/wp\/v2\/pages"}],"about":[{"href":"https:\/\/www.pocketfulofstones.com\/de\/wp-json\/wp\/v2\/types\/page"}],"author":[{"embeddable":true,"href":"https:\/\/www.pocketfulofstones.com\/de\/wp-json\/wp\/v2\/users\/4"}],"replies":[{"embeddable":true,"href":"https:\/\/www.pocketfulofstones.com\/de\/wp-json\/wp\/v2\/comments?post=13267"}],"version-history":[{"count":5,"href":"https:\/\/www.pocketfulofstones.com\/de\/wp-json\/wp\/v2\/pages\/13267\/revisions"}],"predecessor-version":[{"id":14712,"href":"https:\/\/www.pocketfulofstones.com\/de\/wp-json\/wp\/v2\/pages\/13267\/revisions\/14712"}],"wp:attachment":[{"href":"https:\/\/www.pocketfulofstones.com\/de\/wp-json\/wp\/v2\/media?parent=13267"}],"curies":[{"name":"wp","href":"https:\/\/api.w.org\/{rel}","templated":true}]}}