{"id":13447,"date":"2020-07-01T09:00:35","date_gmt":"2020-07-01T09:00:35","guid":{"rendered":"https:\/\/www.pocketfulofstones.co.uk\/verkostungen\/"},"modified":"2025-07-21T05:27:03","modified_gmt":"2025-07-21T05:27:03","slug":"tastings","status":"publish","type":"page","link":"https:\/\/www.pocketfulofstones.com\/de\/tastings\/","title":{"rendered":"Verkostungen"},"content":{"rendered":"<p>[et_pb_section fb_built=&#8220;1&#8243; fullwidth=&#8220;on&#8220; admin_label=&#8220;Section&#8220; _builder_version=&#8220;4.16&#8243; custom_padding=&#8220;0px|||&#8220; transparent_background=&#8220;off&#8220; make_fullwidth=&#8220;off&#8220; use_custom_width=&#8220;off&#8220; width_unit=&#8220;on&#8220; global_colors_info=&#8220;{}&#8220;][et_pb_fullwidth_code disabled_on=&#8220;off|off|off&#8220; admin_label=&#8220;Fullwidth Code&#8220; _builder_version=&#8220;4.16&#8243; custom_css_main_element=&#8220;padding-top:0px !important;&#8220; global_colors_info=&#8220;{}&#8220;]\n\t\t\t<!-- START ps_tastings REVOLUTION SLIDER 6.7.52 --><p class=\"rs-p-wp-fix\"><\/p>\n\t\t\t<rs-module-wrap id=\"rev_slider_5_1_wrapper\" data-source=\"gallery\" style=\"visibility:hidden;background:#333137;padding:0;margin:0px auto;margin-top:0;margin-bottom:0;\">\n\t\t\t\t<rs-module id=\"rev_slider_5_1\" style=\"\" data-version=\"6.7.52\">\n\t\t\t\t\t<rs-slides style=\"overflow: hidden; position: absolute;\">\n\t\t\t\t\t\t<rs-slide style=\"position: absolute;\" data-key=\"rs-112\" data-title=\"New Slide DE\" data-in=\"o:0;\" data-out=\"a:false;\">\n\t\t\t\t\t\t\t<img decoding=\"async\" src=\"\/\/www.pocketfulofstones.com\/wp-content\/plugins\/revslider\/sr6\/assets\/assets\/dummy.png\" alt=\"\" title=\"tastings_header\" width=\"1920\" height=\"680\" class=\"rev-slidebg tp-rs-img rs-lazyload\" data-lazyload=\"\/\/www.pocketfulofstones.co.uk\/wp-content\/uploads\/2020\/07\/tastings_header.jpg\" data-panzoom=\"d:7500ms;e:power0.inOut;ss:100%;se:100%;\" data-no-retina>\n<!--\n\t\t\t\t\t\t\t--><rs-layer\n\t\t\t\t\t\t\t\tid=\"slider-5-slide-112-layer-0\" \n\t\t\t\t\t\t\t\tclass=\"ps_slide_heading\"\n\t\t\t\t\t\t\t\tdata-type=\"text\"\n\t\t\t\t\t\t\t\tdata-color=\"#ffffff\"\n\t\t\t\t\t\t\t\tdata-rsp_ch=\"on\"\n\t\t\t\t\t\t\t\tdata-xy=\"x:100px;y:c;yo:219px;\"\n\t\t\t\t\t\t\t\tdata-text=\"w:normal;s:80;l:85;\"\n\t\t\t\t\t\t\t\tdata-frame_0=\"y:50;\"\n\t\t\t\t\t\t\t\tdata-frame_1=\"st:240;sp:1000;sR:240;\"\n\t\t\t\t\t\t\t\tdata-frame_999=\"o:0;e:power4.inOut;st:w;sp:1000;sR:3760;\"\n\t\t\t\t\t\t\t\tstyle=\"z-index:8;font-family:'Roboto';\"\n\t\t\t\t\t\t\t>DESTILLERIE-<br \/>\nVERKOSTUNGEN \n\t\t\t\t\t\t\t<\/rs-layer><!--\n-->\t\t\t\t\t<\/rs-slide>\n\t\t\t\t\t<\/rs-slides>\n\t\t\t\t<\/rs-module>\n\t\t\t\t<script>\n\t\t\t\t\tsetREVStartSize({c: 'rev_slider_5_1',rl:[1281,1280,778,480],el:[680],gw:[1280],gh:[680],type:'standard',justify:'',layout:'fullwidth',mh:\"0\"});if (window.RS_MODULES!==undefined && window.RS_MODULES.modules!==undefined && window.RS_MODULES.modules[\"revslider51\"]!==undefined) {window.RS_MODULES.modules[\"revslider51\"].once = false;window.revapi5 = undefined;if (window.RS_MODULES.checkMinimal!==undefined) window.RS_MODULES.checkMinimal()}\n\t\t\t\t<\/script>\n\t\t\t<\/rs-module-wrap>\n\t\t\t<!-- END REVOLUTION SLIDER -->\n[\/et_pb_fullwidth_code][\/et_pb_section][et_pb_section fb_built=&#8220;1&#8243; custom_padding_last_edited=&#8220;on|phone&#8220; admin_label=&#8220;Section&#8220; module_id=&#8220;ps_home_products&#8220; _builder_version=&#8220;4.27.0&#8243; background_image=&#8220;https:\/\/www.pocketfulofstones.com\/wp-content\/uploads\/2024\/07\/bg_2024_no_text.jpg&#8220; parallax=&#8220;on&#8220; max_width=&#8220;100%&#8220; custom_padding=&#8220;||100px|&#8220; custom_padding_tablet=&#8220;&#8220; custom_padding_phone=&#8220;||0px||false|false&#8220; transparent_background=&#8220;off&#8220; make_fullwidth=&#8220;off&#8220; use_custom_width=&#8220;off&#8220; width_unit=&#8220;on&#8220; global_colors_info=&#8220;{}&#8220;][et_pb_row column_structure=&#8220;1_2,1_2&#8243; make_equal=&#8220;on&#8220; custom_padding_last_edited=&#8220;on|phone&#8220; module_class=&#8220;ps_mobile_flexswap&#8220; _builder_version=&#8220;4.27.0&#8243; custom_margin=&#8220;||50px||false|false&#8220; custom_margin_tablet=&#8220;||50px||false|false&#8220; custom_margin_phone=&#8220;||10px||false|false&#8220; custom_margin_last_edited=&#8220;on|phone&#8220; custom_padding_tablet=&#8220;&#8220; custom_padding_phone=&#8220;||0px||false|false&#8220; global_colors_info=&#8220;{}&#8220;][et_pb_column type=&#8220;1_2&#8243; _builder_version=&#8220;4.16&#8243; custom_css_main_element=&#8220;align-self: center;&#8220; global_colors_info=&#8220;{}&#8220;][et_pb_text module_class=&#8220;tastingstext&#8220; _builder_version=&#8220;4.27.0&#8243; custom_padding=&#8220;30px|||100px|false|false&#8220; custom_padding_tablet=&#8220;30px||0px|0px|false|false&#8220; custom_padding_phone=&#8220;||0px||false|false&#8220; custom_padding_last_edited=&#8220;on|desktop&#8220; animation_style=&#8220;fade&#8220; hover_enabled=&#8220;0&#8243; global_colors_info=&#8220;{}&#8220; sticky_enabled=&#8220;0&#8243;]<\/p>\n<h3>Gin-Verkostung in Cornwall<\/h3>\n<p>Entdecken Sie bei Pocketful of Stones die Geschichte, die Aromen und die Geschichte des Gins.<\/p>\n<p><strong>Preis:<\/strong> Standardticket \u00a320, designierter Fahrer \u00a310<\/p>\n<p><strong>Dauer:<\/strong> 90 min \/ 2 Stunden<\/p>\n<p><strong>Standort:<\/strong> Unsere sch\u00f6ne Bar im Herzen von Penzance. 13 Causewayhead, Penzance, TR18 2SN. <\/p>\n<p>OR<\/p>\n<p>Unser skurriles Gesch\u00e4ft in Falmouth mit Blick auf den Hafen. 55 Church Street, Falmouth TR11 3DS <\/p>\n<p><strong>Verkostungszeiten:<\/strong> Montag - Samstag, 12 Uhr und 15 Uhr. Buchen Sie am Freitag oder Samstag, um nach der Verkostung in der Bar zu bleiben. <\/p>\n<p><a target=\"_self\" href=\"https:\/\/www.pocketfulofstones.co.uk\/product\/book-a-tasting\/\" class=\" kbutton\">Reservierung vornehmen - Penzance<\/a> <a target=\"_self\" href=\"https:\/\/www.pocketfulofstones.co.uk\/product\/book-a-tasting-falmouth\/\" class=\" kbutton\">Reservierung vornehmen - Falmouth<\/a><br \/>\n<a target=\"_self\" href=\"https:\/\/www.pocketfulofstones.co.uk\/product\/tasting-gift-card\/\" class=\" kbutton\">einen Gutschein kaufen<\/a>[\/et_pb_text][\/et_pb_column][et_pb_column type=&#8220;1_2&#8243; _builder_version=&#8220;4.16&#8243; custom_css_main_element=&#8220;align-self: center;&#8220; global_colors_info=&#8220;{}&#8220;][et_pb_image src=&#8220;https:\/\/www.pocketfulofstones.com\/wp-content\/uploads\/2020\/07\/tastings_image1.png&#8220; title_text=&#8220;verkostungen_bild1&#8243; module_class=&#8220;ps_about_image&#8220; _builder_version=&#8220;4.16&#8243; animation_style=&#8220;fade&#8220; global_colors_info=&#8220;{}&#8220;][\/et_pb_image][\/et_pb_column][\/et_pb_row][et_pb_row _builder_version=&#8220;4.27.0&#8243; _module_preset=&#8220;default&#8220; global_colors_info=&#8220;{}&#8220;][et_pb_column type=&#8220;4_4&#8243; _builder_version=&#8220;4.27.0&#8243; _module_preset=&#8220;default&#8220; global_colors_info=&#8220;{}&#8220;][et_pb_text _builder_version=&#8220;4.27.0&#8243; _module_preset=&#8220;default&#8220; text_text_color=&#8220;#FFFFFF&#8220; header_text_color=&#8220;#FFFFFF&#8220; header_2_text_color=&#8220;#FFFFFF&#8220; header_3_text_color=&#8220;#FFFFFF&#8220; custom_margin=&#8220;50px|100px|50px|100px|false|false&#8220; custom_margin_tablet=&#8220;50px|100px|50px|100px|false|false&#8220; custom_margin_phone=&#8220;10px|0px|10px|0px|false|false&#8220; custom_margin_last_edited=&#8220;on|desktop&#8220; custom_padding=&#8220;50px|50px|50px|50px|false|false&#8220; custom_padding_tablet=&#8220;50px|50px|50px|50px|false|false&#8220; custom_padding_phone=&#8220;20px|20px|20px|20px|false|false&#8220; custom_padding_last_edited=&#8220;on|phone&#8220; border_width_all=&#8220;6px&#8220; border_color_all=&#8220;#d68a47&#8243; global_colors_info=&#8220;{}&#8220;]<\/p>\n<h2>Was ist in einer Pocketful of Stones Gin-Verkostung inbegriffen?<\/h2>\n<p>&nbsp;<\/p>\n<p><span style=\"font-weight: 400;\">Begr\u00fc\u00dfungsgetr\u00e4nk mit Gin und Tonic<\/span><\/p>\n<p><span style=\"font-weight: 400;\">Probieren Sie eine Vielzahl von handgefertigten, preisgekr\u00f6nten Gins mit einer Kombination Ihrer Wahl<\/span><\/p>\n<p><span style=\"font-weight: 400;\">Lernen Sie, wie man Gin wie ein Profi verkostet<\/span><\/p>\n<p><span style=\"font-weight: 400;\">Entdecken Sie den Prozess der Gin-Herstellung und sehen Sie eine funktionierende Kupferbrennerei<\/span><\/p>\n<p><span style=\"font-weight: 400;\">Lernen Sie den Unterschied zwischen den einzelnen Gin-Sorten<\/span><\/p>\n<p><span style=\"font-weight: 400;\">H\u00f6ren Sie die Geschichten hinter jedem unserer in kleinen Mengen destillierten Gins<\/span><\/p>\n<p><span style=\"font-weight: 400;\">Ausgewiesene Fahrer erhalten eine 50ml Miniatur und ein Tonic ihrer Wahl, die sie zu Hause genie\u00dfen k\u00f6nnen.<\/span><\/p>\n<p>[\/et_pb_text][\/et_pb_column][\/et_pb_row][et_pb_row column_structure=&#8220;1_2,1_2&#8243; make_equal=&#8220;on&#8220; custom_padding_last_edited=&#8220;on|phone&#8220; module_class=&#8220;ps_mobile_flexswap&#8220; _builder_version=&#8220;4.27.0&#8243; custom_margin=&#8220;||||false|false&#8220; custom_padding_tablet=&#8220;&#8220; custom_padding_phone=&#8220;||0px||false|false&#8220; global_colors_info=&#8220;{}&#8220;][et_pb_column type=&#8220;1_2&#8243; _builder_version=&#8220;4.16&#8243; custom_css_main_element=&#8220;align-self: center;&#8220; global_colors_info=&#8220;{}&#8220;][et_pb_image src=&#8220;https:\/\/www.pocketfulofstones.com\/wp-content\/uploads\/2024\/08\/Gin-circle-2.png&#8220; title_text=&#8220;Gin Kreis 2&#8243; align=&#8220;right&#8220; module_class=&#8220;ps_about_image&#8220; _builder_version=&#8220;4.27.0&#8243; custom_margin_tablet=&#8220;&#8220; custom_margin_phone=&#8220;45px||||false|false&#8220; custom_margin_last_edited=&#8220;on|phone&#8220; animation_style=&#8220;fade&#8220; global_colors_info=&#8220;{}&#8220;][\/et_pb_image][\/et_pb_column][et_pb_column type=&#8220;1_2&#8243; _builder_version=&#8220;4.16&#8243; custom_css_main_element=&#8220;align-self: center;&#8220; global_colors_info=&#8220;{}&#8220;][et_pb_text module_class=&#8220;tastingstext&#8220; _builder_version=&#8220;4.27.0&#8243; custom_margin_tablet=&#8220;&#8220; custom_margin_phone=&#8220;||45px||false|false&#8220; custom_margin_last_edited=&#8220;on|phone&#8220; custom_padding=&#8220;30px|100px|||false|false&#8220; custom_padding_tablet=&#8220;30px||0px|0px|false|false&#8220; custom_padding_phone=&#8220;|0px|0px||false|false&#8220; custom_padding_last_edited=&#8220;on|desktop&#8220; animation_style=&#8220;fade&#8220; global_colors_info=&#8220;{}&#8220;]<\/p>\n<h3>Die Geschichte, die Geschm\u00e4cker und<br \/>Die Geschichte!<\/h3>\n<p><span style=\"font-weight: 400;\">Ihr Abenteuer beginnt damit, dass Sie alles \u00fcber den Prozess der Gin-Herstellung hier bei Pocketful of Stones und die reichen Geschichten hinter unseren Gins erfahren. Jeder von ihnen ist inspiriert von der kornischen Folklore und der rauen Naturlandschaft, die uns umgibt. <\/span><\/p>\n<p><span style=\"font-weight: 400;\">Tauchen Sie ein in die Arbeit unserer preisgekr\u00f6nten Destillerie. An diesem Punkt des Erlebnisses sehen Sie eine echte, funktionierende Kupferbrennblase und erfahren mehr \u00fcber den Prozess der Gin-Herstellung, von der Ernte bis zum Schluck. <\/span><\/p>\n<p><span style=\"font-weight: 400;\">Bevor wir Sie auf unseren exquisiten handgefertigten Gin loslassen k\u00f6nnen, m\u00fcssen Sie zun\u00e4chst lernen, wie man Gin wie ein Profi verkostet. Entdecken Sie, wie Sie die einzigartigen Aromen, Zutaten und Geschmacksprofile erkennen, auf die Sie achten sollten. <\/span><\/p>\n<p><span style=\"font-weight: 400;\">W\u00e4hrend des gesamten Erlebnisses werden wir die verschiedenen Gin-Sorten erkunden und verkosten und dabei Ihre Verkostungsf\u00e4higkeiten auf die Probe stellen.<\/span><\/p>\n<p><a target=\"_self\" href=\"https:\/\/www.pocketfulofstones.co.uk\/product\/book-a-tasting\/\" class=\" kbutton\">Reservierung vornehmen - Penzance<\/a> <a target=\"_self\" href=\"https:\/\/www.pocketfulofstones.co.uk\/product\/book-a-tasting-falmouth\/\" class=\" kbutton\">Reservierung vornehmen - Falmouth<\/a> <\/p>\n<a target=\"_self\" href=\"https:\/\/www.pocketfulofstones.co.uk\/product\/tasting-gift-card\/\" class=\" kbutton\">einen Gutschein kaufen<\/a>\n<p>[\/et_pb_text][\/et_pb_column][\/et_pb_row][et_pb_row _builder_version=&#8220;4.16&#8243; custom_margin=&#8220;60px||||false|false&#8220; custom_margin_tablet=&#8220;0px||||false|false&#8220; custom_margin_phone=&#8220;0px||||false|false&#8220; custom_margin_last_edited=&#8220;on|phone&#8220; global_colors_info=&#8220;{}&#8220;][et_pb_column type=&#8220;4_4&#8243; _builder_version=&#8220;4.16&#8243; global_colors_info=&#8220;{}&#8220;][et_pb_image src=&#8220;https:\/\/www.pocketfulofstones.com\/wp-content\/uploads\/2020\/07\/tastings_image2.jpg&#8220; title_text=&#8220;verkostungen_bild2&#8243; align=&#8220;center&#8220; _builder_version=&#8220;4.16&#8243; global_colors_info=&#8220;{}&#8220;][\/et_pb_image][\/et_pb_column][\/et_pb_row][\/et_pb_section][et_pb_section fb_built=&#8220;1&#8243; admin_label=&#8220;Section&#8220; _builder_version=&#8220;4.16&#8243; background_image=&#8220;https:\/\/www.pocketfulofstones.com\/wp-content\/uploads\/2020\/04\/parallax1.jpg&#8220; parallax=&#8220;on&#8220; parallax_method=&#8220;off&#8220; custom_padding=&#8220;40px||40px|&#8220; custom_css_main_element=&#8220;background-position: center center !important;&#8220; transparent_background=&#8220;off&#8220; make_fullwidth=&#8220;off&#8220; use_custom_width=&#8220;off&#8220; width_unit=&#8220;on&#8220; global_colors_info=&#8220;{}&#8220;][et_pb_row admin_label=&#8220;Reihe&#8220; _builder_version=&#8220;4.16&#8243; background_size=&#8220;initial&#8220; background_position=&#8220;top_left&#8220; background_repeat=&#8220;repeat&#8220; custom_padding=&#8220;0px|0px|0px|0px&#8220; make_fullwidth=&#8220;off&#8220; use_custom_width=&#8220;off&#8220; width_unit=&#8220;on&#8220; global_colors_info=&#8220;{}&#8220;][et_pb_column type=&#8220;4_4&#8243; _builder_version=&#8220;4.16&#8243; custom_padding=&#8220;|||&#8220; global_colors_info=&#8220;{}&#8220; custom_padding__hover=&#8220;|||&#8220;][et_pb_image src=&#8220;https:\/\/www.pocketfulofstones.com\/wp-content\/uploads\/2020\/05\/distilled_with_passion.png&#8220; align=&#8220;center&#8220; force_fullwidth=&#8220;on&#8220; align_tablet=&#8220;center&#8220; align_phone=&#8220;&#8220; align_last_edited=&#8220;on|desktop&#8220; admin_label=&#8220;Image&#8220; _builder_version=&#8220;4.16&#8243; animation_style=&#8220;fade&#8220; animation_duration=&#8220;500ms&#8220; use_border_color=&#8220;off&#8220; border_color=&#8220;#ffffff&#8220; border_style=&#8220;solid&#8220; animation=&#8220;fade_in&#8220; sticky=&#8220;off&#8220; always_center_on_mobile=&#8220;on&#8220; global_colors_info=&#8220;{}&#8220;][\/et_pb_image][\/et_pb_column][\/et_pb_row][\/et_pb_section][et_pb_section fb_built=&#8220;1&#8243; custom_padding_last_edited=&#8220;on|desktop&#8220; admin_label=&#8220;Section&#8220; _builder_version=&#8220;4.4.8&#8243; background_color=&#8220;#333137&#8243; custom_padding=&#8220;0px||20px||false|false&#8220; custom_padding_tablet=&#8220;&#8220; custom_padding_phone=&#8220;&#8220; transparent_background=&#8220;off&#8220; make_fullwidth=&#8220;off&#8220; use_custom_width=&#8220;off&#8220; width_unit=&#8220;on&#8220; global_module=&#8220;168&#8243; collapsed=&#8220;off&#8220; global_colors_info=&#8220;{}&#8220;][et_pb_row admin_label=&#8220;Reihe&#8220; module_class=&#8220; et_pb_row_fullwidth&#8220; _builder_version=&#8220;4.16&#8243; background_size=&#8220;initial&#8220; background_position=&#8220;top_left&#8220; background_repeat=&#8220;repeat&#8220; width=&#8220;100%&#8220; width_tablet=&#8220;100%&#8220; width_phone=&#8220;&#8220; width_last_edited=&#8220;on|desktop&#8220; max_width=&#8220;100%&#8220; max_width_tablet=&#8220;100%&#8220; max_width_phone=&#8220;&#8220; max_width_last_edited=&#8220;on|desktop&#8220; custom_padding=&#8220;||0px||false|false&#8220; make_fullwidth=&#8220;on&#8220; use_custom_width=&#8220;off&#8220; width_unit=&#8220;on&#8220; global_colors_info=&#8220;{}&#8220;][et_pb_column type=&#8220;4_4&#8243; _builder_version=&#8220;4.16&#8243; custom_padding=&#8220;|||&#8220; global_colors_info=&#8220;{}&#8220; custom_padding__hover=&#8220;|||&#8220;][et_pb_code admin_label=&#8220;Logo Rollover Code&#8220; _builder_version=&#8220;4.16&#8243; global_colors_info=&#8220;{}&#8220;]<div class='footer_brands'><a href='https:\/\/www.pocketfulofstones.com\/de\/tastings\/' class='branding spacer'><\/a><a href='https:\/\/www.pocketfulofstones.com\/de\/cornish-dry-gin\/' class='branding cornish-dry-gin'><\/a><a href='https:\/\/www.pocketfulofstones.com\/de\/midsummer-cornish-gin\/' class='branding midsummer-cornish-gin'><\/a><a href='https:\/\/www.pocketfulofstones.com\/de\/marmalade-old-tom-gin\/' class='branding marmalade-old-tom-gin'><\/a><a href='https:\/\/www.pocketfulofstones.com\/de\/dandelion-and-burdock-gin\/' class='branding dandelion-and-burdock-gin'><\/a><a href='https:\/\/www.pocketfulofstones.com\/de\/dandelion-and-burdock-gin\/' class='branding spacer'><\/a><a href='https:\/\/www.pocketfulofstones.com\/de\/dandelion-and-burdock-gin\/' class='branding spacer'><\/a><a href='https:\/\/www.pocketfulofstones.com\/de\/damson-gin\/' class='branding damson-gin'><\/a><a href='https:\/\/www.pocketfulofstones.com\/de\/summercup\/' class='branding summercup'><\/a><a href='https:\/\/www.pocketfulofstones.com\/de\/pilgrim-galaxy-hop-gin\/' class='branding pilgrim-galaxy-hop-gin'><\/a><a href='https:\/\/www.pocketfulofstones.com\/de\/dr-squid-gin\/' class='branding dr-squid-gin'><\/a><a href='https:\/\/www.pocketfulofstones.com\/de\/dr-squid-gin\/' class='branding spacer'><\/a><a href='https:\/\/www.pocketfulofstones.com\/de\/dr-squid-gin\/' class='branding spacer'><\/a><a href='https:\/\/www.pocketfulofstones.com\/de\/lost-mexican-reposado-agave\/' class='branding lost-mexican-reposado-agave'><\/a><a href='https:\/\/www.pocketfulofstones.com\/de\/lost-mexican-el-cafe-agave\/' class='branding lost-mexican-el-cafe-agave'><\/a><a href='https:\/\/www.pocketfulofstones.com\/de\/lost-mexican-blanco-agave\/' class='branding lost-mexican-blanco-agave'><\/a><a href='https:\/\/www.pocketfulofstones.com\/de\/hells-stone-whisky\/' class='branding hells-stone-whisky'><\/a><a href='https:\/\/www.pocketfulofstones.com\/de\/hells-stone-whisky\/' class='branding spacer'><\/a><a href='https:\/\/www.pocketfulofstones.com\/de\/hells-stone-whisky\/' class='branding spacer'><\/a><a href='https:\/\/www.pocketfulofstones.com\/de\/morveren-absinthe\/' class='branding absinthe'><\/a><a href='https:\/\/www.pocketfulofstones.com\/de\/cider-brandy\/' class='branding cider-brandy'><\/a><a href='https:\/\/www.pocketfulofstones.com\/de\/cornish-vodka\/' class='branding cornish-vodka'><\/a><a href='https:\/\/www.pocketfulofstones.com\/de\/king-of-prussia-spiced-rum\/' class='branding king-of-prussia-spiced-rum'><\/a><a href='https:\/\/www.pocketfulofstones.com\/de\/king-of-prussia-spiced-rum\/' class='branding spacer'><\/a><div class='clear'><\/div><\/div>[\/et_pb_code][\/et_pb_column][\/et_pb_row][\/et_pb_section]<\/p>\n","protected":false},"excerpt":{"rendered":"<p>\n\t\t\t<!-- START ps_tastings REVOLUTION SLIDER 6.7.52 --><p class=\"rs-p-wp-fix\"><\/p>\n\t\t\t<rs-module-wrap id=\"rev_slider_5_2_wrapper\" data-source=\"gallery\" style=\"visibility:hidden;background:#333137;padding:0;margin:0px auto;margin-top:0;margin-bottom:0;\">\n\t\t\t\t<rs-module id=\"rev_slider_5_2\" style=\"\" data-version=\"6.7.52\">\n\t\t\t\t\t<rs-slides style=\"overflow: hidden; position: absolute;\">\n\t\t\t\t\t\t<rs-slide style=\"position: absolute;\" data-key=\"rs-112\" data-title=\"New Slide DE\" data-in=\"o:0;\" data-out=\"a:false;\">\n\t\t\t\t\t\t\t<img decoding=\"async\" src=\"\/\/www.pocketfulofstones.com\/wp-content\/plugins\/revslider\/sr6\/assets\/assets\/dummy.png\" alt=\"\" title=\"tastings_header\" width=\"1920\" height=\"680\" class=\"rev-slidebg tp-rs-img rs-lazyload\" data-lazyload=\"\/\/www.pocketfulofstones.co.uk\/wp-content\/uploads\/2020\/07\/tastings_header.jpg\" data-panzoom=\"d:7500ms;e:power0.inOut;ss:100%;se:100%;\" data-no-retina>\n<!--\n\t\t\t\t\t\t\t--><rs-layer\n\t\t\t\t\t\t\t\tid=\"slider-5-slide-112-layer-0\" \n\t\t\t\t\t\t\t\tclass=\"ps_slide_heading\"\n\t\t\t\t\t\t\t\tdata-type=\"text\"\n\t\t\t\t\t\t\t\tdata-color=\"#ffffff\"\n\t\t\t\t\t\t\t\tdata-rsp_ch=\"on\"\n\t\t\t\t\t\t\t\tdata-xy=\"x:100px;y:c;yo:219px;\"\n\t\t\t\t\t\t\t\tdata-text=\"w:normal;s:80;l:85;\"\n\t\t\t\t\t\t\t\tdata-frame_0=\"y:50;\"\n\t\t\t\t\t\t\t\tdata-frame_1=\"st:240;sp:1000;sR:240;\"\n\t\t\t\t\t\t\t\tdata-frame_999=\"o:0;e:power4.inOut;st:w;sp:1000;sR:3760;\"\n\t\t\t\t\t\t\t\tstyle=\"z-index:8;font-family:'Roboto';\"\n\t\t\t\t\t\t\t>DESTILLERIE-<br \/>\nVERKOSTUNGEN \n\t\t\t\t\t\t\t<\/rs-layer><!--\n-->\t\t\t\t\t<\/rs-slide>\n\t\t\t\t\t<\/rs-slides>\n\t\t\t\t<\/rs-module>\n\t\t\t\t<script>\n\t\t\t\t\tsetREVStartSize({c: 'rev_slider_5_2',rl:[1281,1280,778,480],el:[680],gw:[1280],gh:[680],type:'standard',justify:'',layout:'fullwidth',mh:\"0\"});if (window.RS_MODULES!==undefined && window.RS_MODULES.modules!==undefined && window.RS_MODULES.modules[\"revslider52\"]!==undefined) {window.RS_MODULES.modules[\"revslider52\"].once = false;window.revapi5_2 = undefined;if (window.RS_MODULES.checkMinimal!==undefined) window.RS_MODULES.checkMinimal()}\n\t\t\t\t<\/script>\n\t\t\t<\/rs-module-wrap>\n\t\t\t<!-- END REVOLUTION SLIDER -->\nGin-Verkostung in Cornwall Entdecken Sie bei Pocketful of Stones die Geschichte, die Aromen und die Geschichte des Gins. Preis: Standardticket \u00a320, designierter Fahrer \u00a310 Dauer: 90 min \/ 2 Stunden Standort: Unsere sch\u00f6ne Bar im Herzen von Penzance. 13 Causewayhead, Penzance, TR18 2SN. OR Unser skurriles Gesch\u00e4ft in Falmouth mit Blick auf den Hafen. [&hellip;]<\/p>\n","protected":false},"author":4,"featured_media":13166,"parent":0,"menu_order":0,"comment_status":"closed","ping_status":"closed","template":"","meta":{"_et_pb_use_builder":"on","_et_pb_old_content":"","_et_gb_content_width":"","footnotes":""},"class_list":["post-13447","page","type-page","status-publish","has-post-thumbnail","hentry"],"_links":{"self":[{"href":"https:\/\/www.pocketfulofstones.com\/de\/wp-json\/wp\/v2\/pages\/13447","targetHints":{"allow":["GET"]}}],"collection":[{"href":"https:\/\/www.pocketfulofstones.com\/de\/wp-json\/wp\/v2\/pages"}],"about":[{"href":"https:\/\/www.pocketfulofstones.com\/de\/wp-json\/wp\/v2\/types\/page"}],"author":[{"embeddable":true,"href":"https:\/\/www.pocketfulofstones.com\/de\/wp-json\/wp\/v2\/users\/4"}],"replies":[{"embeddable":true,"href":"https:\/\/www.pocketfulofstones.com\/de\/wp-json\/wp\/v2\/comments?post=13447"}],"version-history":[{"count":3,"href":"https:\/\/www.pocketfulofstones.com\/de\/wp-json\/wp\/v2\/pages\/13447\/revisions"}],"predecessor-version":[{"id":13450,"href":"https:\/\/www.pocketfulofstones.com\/de\/wp-json\/wp\/v2\/pages\/13447\/revisions\/13450"}],"wp:featuredmedia":[{"embeddable":true,"href":"https:\/\/www.pocketfulofstones.com\/de\/wp-json\/wp\/v2\/media\/13166"}],"wp:attachment":[{"href":"https:\/\/www.pocketfulofstones.com\/de\/wp-json\/wp\/v2\/media?parent=13447"}],"curies":[{"name":"wp","href":"https:\/\/api.w.org\/{rel}","templated":true}]}}