{"id":14425,"date":"2024-11-19T12:08:11","date_gmt":"2024-11-19T12:08:11","guid":{"rendered":"https:\/\/www.pocketfulofstones.co.uk\/lieferung-rueckgabe\/"},"modified":"2025-07-29T09:21:34","modified_gmt":"2025-07-29T09:21:34","slug":"delivery-returns","status":"publish","type":"page","link":"https:\/\/www.pocketfulofstones.com\/de\/delivery-returns\/","title":{"rendered":"Lieferung &amp; R\u00fcckgabe"},"content":{"rendered":"<p>[et_pb_section fb_built=&#8220;1&#8243; admin_label=&#8220;section&#8220; module_class=&#8220;ps-info-page&#8220; _builder_version=&#8220;4.27.4&#8243; background_color=&#8220;#232226&#8243; global_colors_info=&#8220;{}&#8220;][et_pb_row admin_label=&#8220;Zeile&#8220; _builder_version=&#8220;4.16&#8243; background_size=&#8220;initial&#8220; background_position=&#8220;top_left&#8220; background_repeat=&#8220;repeat&#8220; global_colors_info=&#8220;{}&#8220;][et_pb_column type=&#8220;4_4&#8243; _builder_version=&#8220;4.16&#8243; custom_padding=&#8220;|||&#8220; global_colors_info=&#8220;{}&#8220; custom_padding__hover=&#8220;|||&#8220;][et_pb_text admin_label=&#8220;Text&#8220; _builder_version=&#8220;4.27.4&#8243; text_text_color=&#8220;#ffffff&#8220; background_size=&#8220;initial&#8220; background_position=&#8220;top_left&#8220; background_repeat=&#8220;repeat&#8220; hover_enabled=&#8220;0&#8243; use_border_color=&#8220;off&#8220; border_color=&#8220;#ffffff&#8220; border_style=&#8220;solid&#8220; global_colors_info=&#8220;{}&#8220; sticky_enabled=&#8220;0&#8243;]<\/p>\n<h3>LIEFERUNG<\/h3>\n<h4>Bestellungen aus Gro\u00dfbritannien<\/h4>\n<p>Pocketful of Stones Distillers Limited bietet Standard- und Expresslieferungen in Gro\u00dfbritannien f\u00fcr alle Bestellungen an (au\u00dfer an Feiertagen und Wochenenden).<\/p>\n<table>\n<tbody>\n<tr>\n<td>\u00a0<\/td>\n<td><strong>Preis<\/strong><\/td>\n<td><strong>Lieferoption<\/strong><\/td>\n<td><strong>Zeitrahmen<\/strong><\/td>\n<\/tr>\n<tr>\n<td><strong>Bestellungen \u00fcber \u00a330<\/strong><\/td>\n<td>Kostenlos<\/td>\n<td>Standard-Lieferung<\/td>\n<td>3-4 Arbeitstage (Mo-Fr) bei Bestellung bis 12 Uhr<\/td>\n<\/tr>\n<tr>\n<td><strong>Bestellungen bis zu \u00a329.99<\/strong><\/td>\n<td>\u00a34.79<\/td>\n<td>Standard-Lieferung<\/td>\n<td>3-4 Arbeitstage (Mo-Fr) bei Bestellung bis 12 Uhr<\/td>\n<\/tr>\n<tr>\n<td><strong>Jede Bestellung<\/strong><\/td>\n<td>\u00a36.00<\/td>\n<td>Lieferung am n\u00e4chsten Tag<\/td>\n<td>Lieferung am n\u00e4chsten Tag (Mo-Fr) bei Bestellung bis 12 Uhr<\/td>\n<\/tr>\n<\/tbody>\n<\/table>\n<h4>Internationale Bestellungen<\/h4>\n<p>Wir liefern derzeit nur in folgende Europ\u00e4ische l\u00e4nder:<\/p>\n<table>\n<tbody>\n<tr>\n<td>\u00a0<\/td>\n<td><strong>Preis<\/strong><\/td>\n<td><strong>Lieferoption<\/strong><\/td>\n<td><strong>Zeitrahmen<\/strong><\/td>\n<\/tr>\n<tr>\n<td><strong>Belgien, Frankreich, Deutschland, Niederlande<\/strong><\/td>\n<td>\u20ac5.99<\/td>\n<td>Standard-Lieferung<\/td>\n<td>2-4 Arbeitstage (Mo-Fr)<\/td>\n<\/tr>\n<tr>\n<td><strong>\u00d6sterreich<\/strong><\/td>\n<td>\u20ac8.50<\/td>\n<td>Standard-Lieferung<\/td>\n<td>\u00a02-4 Arbeitstage (Mo-Fr)<\/td>\n<\/tr>\n<tr>\n<td><strong>D\u00e4nemark<\/strong><\/td>\n<td>kr65.00<\/td>\n<td>Standard-Lieferung<\/td>\n<td>\u00a02-4 Arbeitstage (Mo-Fr)<\/td>\n<\/tr>\n<\/tbody>\n<\/table>\n<p>Sobald Ihre Bestellung unser Lager verlassen hat, erhalten Sie eine Versandbest\u00e4tigung mit Tracking-Informationen von unserem Versandpartner.<br \/>Bitte beachten Sie, dass alle angegebenen Lieferzeiten nur Richtwerte sind. Wir bem\u00fchen uns stets, Ihre Bestellung p\u00fcnktlich zu versenden und zu liefern. Es kann jedoch vorkommen, dass wir von Faktoren beeinflusst werden, die sich unserer Kontrolle entziehen, so dass sich die Lieferung verz\u00f6gern kann. Sollte sich Ihre Bestellung verz\u00f6gern, senden Sie uns bitte eine E-Mail an <a href=\"mailto:distillery@pocketfulofstones.com\">distillery@pocketfulofstones.com<\/a> und wir werden den Status Ihrer Bestellung f\u00fcr Sie \u00fcberpr\u00fcfen.<\/p>\n<h3>R\u00fcckgabe und Umtausch<\/h3>\n<h4>R\u00fcckgabepolitik<\/h4>\n<p>Wenn Sie nach der Lieferung Ihrer Bestellung Ihre Meinung \u00e4ndern und Ihre Bestellung aus irgendeinem Grund ganz oder teilweise zur\u00fcckgeben m\u00f6chten, k\u00f6nnen Sie dies innerhalb von 14 Werktagen nach der Lieferung tun.<br \/>Die Flaschen m\u00fcssen unge\u00f6ffnet sein, und Sie tragen die Kosten f\u00fcr die R\u00fccksendung und die Verpackung (unter Verwendung einer angemessenen Verpackung). Wir erstatten Ihnen innerhalb von 30 Tagen einen Betrag in H\u00f6he der zur\u00fcckgesandten Waren auf Ihre Kreditkarte.<\/p>\n<h4>Besch\u00e4digte oder fehlerhafte Pakete<\/h4>\n<p>Wenn die Ware bei der Lieferung besch\u00e4digt oder fehlerhaft ist, senden Sie bitte eine E-Mail mit Ihrer Bestellnummer und dem Nachweis des Schadens an <a href=\"mailto:distillery@pocketfulofstones.com\">distillery@pocketfulofstones.com<\/a>. Bitte geben Sie so viele Informationen wie m\u00f6glich an, einschlie\u00dflich Ihrer Bestellnummer und Einzelheiten zum Schaden, einschlie\u00dflich Fotos. Wir werden die R\u00fccksendung Ihrer Bestellung auf unsere Kosten veranlassen und unser Bestes tun, um einen Ersatz zu beschaffen, falls verf\u00fcgbar. Wenn kein Ersatz verf\u00fcgbar ist, erstatten wir Ihnen nur die vollen Kosten des Artikels. Es wird keine Entsch\u00e4digung gezahlt. Ihre gesetzlichen Rechte bleiben hiervon unber\u00fchrt.<\/p>\n<h4>Tauschen Sie<\/h4>\n<p>Der schnellste Weg, um sicherzustellen, dass Sie bekommen, was Sie wollen, ist, den Artikel, den Sie haben, zur\u00fcckzuschicken und, sobald die R\u00fcckgabe akzeptiert wurde, den neuen Artikel separat zu kaufen.<\/p>\n<h4>Erstattungen<\/h4>\n<p>Wir werden Sie benachrichtigen, sobald wir Ihre R\u00fccksendung erhalten und gepr\u00fcft haben, und Ihnen mitteilen, ob die Erstattung genehmigt wurde oder nicht. Wenn dies der Fall ist, erhalten Sie die R\u00fcckerstattung automatisch \u00fcber Ihre urspr\u00fcngliche Zahlungsmethode. Bitte denken Sie daran, dass es einige Zeit dauern kann, bis Ihre Bank oder Ihr Kreditkartenunternehmen die Erstattung bearbeitet und verbucht hat.<\/p>\n<p>[\/et_pb_text][\/et_pb_column][\/et_pb_row][\/et_pb_section]<\/p>\n","protected":false},"excerpt":{"rendered":"<p>LIEFERUNG Bestellungen aus Gro\u00dfbritannien Pocketful of Stones Distillers Limited bietet Standard- und Expresslieferungen in Gro\u00dfbritannien f\u00fcr alle Bestellungen an (au\u00dfer an Feiertagen und Wochenenden). \u00a0 Preis Lieferoption Zeitrahmen Bestellungen \u00fcber \u00a330 Kostenlos Standard-Lieferung 3-4 Arbeitstage (Mo-Fr) bei Bestellung bis 12 Uhr Bestellungen bis zu \u00a329.99 \u00a34.79 Standard-Lieferung 3-4 Arbeitstage (Mo-Fr) bei Bestellung bis 12 Uhr [&hellip;]<\/p>\n","protected":false},"author":4,"featured_media":0,"parent":0,"menu_order":0,"comment_status":"closed","ping_status":"closed","template":"","meta":{"_et_pb_use_builder":"on","_et_pb_old_content":"","_et_gb_content_width":"","footnotes":""},"class_list":["post-14425","page","type-page","status-publish","hentry"],"_links":{"self":[{"href":"https:\/\/www.pocketfulofstones.com\/de\/wp-json\/wp\/v2\/pages\/14425","targetHints":{"allow":["GET"]}}],"collection":[{"href":"https:\/\/www.pocketfulofstones.com\/de\/wp-json\/wp\/v2\/pages"}],"about":[{"href":"https:\/\/www.pocketfulofstones.com\/de\/wp-json\/wp\/v2\/types\/page"}],"author":[{"embeddable":true,"href":"https:\/\/www.pocketfulofstones.com\/de\/wp-json\/wp\/v2\/users\/4"}],"replies":[{"embeddable":true,"href":"https:\/\/www.pocketfulofstones.com\/de\/wp-json\/wp\/v2\/comments?post=14425"}],"version-history":[{"count":14,"href":"https:\/\/www.pocketfulofstones.com\/de\/wp-json\/wp\/v2\/pages\/14425\/revisions"}],"predecessor-version":[{"id":15324,"href":"https:\/\/www.pocketfulofstones.com\/de\/wp-json\/wp\/v2\/pages\/14425\/revisions\/15324"}],"wp:attachment":[{"href":"https:\/\/www.pocketfulofstones.com\/de\/wp-json\/wp\/v2\/media?parent=14425"}],"curies":[{"name":"wp","href":"https:\/\/api.w.org\/{rel}","templated":true}]}}