{"id":13798,"date":"2024-08-01T07:45:19","date_gmt":"2024-08-01T07:45:19","guid":{"rendered":"https:\/\/www.pocketfulofstones.co.uk\/product\/dr-tintenfisch-gin\/"},"modified":"2025-11-07T13:12:41","modified_gmt":"2025-11-07T13:12:41","slug":"dr-squid-gin","status":"publish","type":"product","link":"https:\/\/www.pocketfulofstones.com\/de\/produkt\/dr-squid-gin\/","title":{"rendered":"Dr Squid Gin"},"content":{"rendered":"<p>[et_pb_section fb_built=&#8220;1&#8243; _builder_version=&#8220;4.27.0&#8243; background_image=&#8220;https:\/\/www.pocketfulofstones.com\/wp-content\/uploads\/2020\/06\/product_header_dr_squid.jpg&#8220; global_colors_info=&#8220;{}&#8220;][et_pb_row column_structure=&#8220;1_2,1_2&#8243; module_class=&#8220;ps_product_hero&#8220; _builder_version=&#8220;4.16&#8243; locked=&#8220;off&#8220; global_colors_info=&#8220;{}&#8220;][et_pb_column type=&#8220;1_2&#8243; _builder_version=&#8220;4.16&#8243; global_colors_info=&#8220;{}&#8220;][\/et_pb_column][et_pb_column type=&#8220;1_2&#8243; _builder_version=&#8220;4.16&#8243; global_colors_info=&#8220;{}&#8220;][et_pb_image src=&#8220;https:\/\/www.pocketfulofstones.com\/wp-content\/uploads\/2020\/06\/ps_header_text_drsquid.png&#8220; alt=&#8220;<\/p>\n<p>Cidre Brandy Logo<\/p>\n<p>&#8220; title_text=&#8220;<\/p>\n<p>ps_header_text_drsquid<\/p>\n<p>&#8220; align=&#8220;center&#8220; admin_label=&#8220;Header Logo&#8220; module_class=&#8220;ps_product_header_logo ps_nontext_logo&#8220; _builder_version=&#8220;4.27.0&#8243; custom_margin=&#8220;0px|||0px|false|false&#8220; custom_margin_tablet=&#8220;0px|||0px|false|false&#8220; custom_margin_phone=&#8220;-120px||||false|false&#8220; custom_margin_last_edited=&#8220;on|desktop&#8220; custom_padding=&#8220;||||false|false&#8220; global_colors_info=&#8220;{}&#8220;][\/et_pb_image][\/et_pb_column][\/et_pb_row][\/et_pb_section][et_pb_section fb_built=&#8220;1&#8243; _builder_version=&#8220;4.27.0&#8243; background_color=&#8220;#333137&#8243; background_image=&#8220;https:\/\/www.pocketfulofstones.com\/wp-content\/uploads\/2024\/07\/bg_2024_no_text.jpg&#8220; parallax=&#8220;on&#8220; custom_padding=&#8220;0px||||false|false&#8220; global_colors_info=&#8220;{}&#8220;][et_pb_row column_structure=&#8220;1_2,1_2&#8243; disabled_on=&#8220;on|off|off&#8220; admin_label=&#8220;<\/p>\n<p>Zeile - Desktop<\/p>\n<p>&#8220; module_class=&#8220;ps_product_page_row&#8220; _builder_version=&#8220;4.27.0&#8243; width_tablet=&#8220;&#8220; width_phone=&#8220;90%&#8220; width_last_edited=&#8220;on|phone&#8220; custom_margin_tablet=&#8220;&#8220; custom_margin_phone=&#8220;&#8220; custom_margin_last_edited=&#8220;on|desktop&#8220; custom_padding=&#8220;0px||0px||false|false&#8220; global_colors_info=&#8220;{}&#8220;][et_pb_column type=&#8220;1_2&#8243; _builder_version=&#8220;4.16&#8243; global_colors_info=&#8220;{}&#8220;][et_pb_code admin_label=&#8220;<\/p>\n<p>Packshot<\/p>\n<p>&#8220; _builder_version=&#8220;4.27.0&#8243; custom_margin_tablet=&#8220;&#8220; custom_margin_phone=&#8220;-100px||||false|false&#8220; custom_margin_last_edited=&#8220;on|phone&#8220; custom_padding=&#8220;|70px|||false|false&#8220; custom_padding_tablet=&#8220;|0px|||false|false&#8220; custom_padding_phone=&#8220;|0px|||false|false&#8220; custom_padding_last_edited=&#8220;on|desktop&#8220; global_colors_info=&#8220;{}&#8220;]<div class='bottleHolder '><img decoding=\"async\" class=\"lefter bottleImg\" src=\"https:\/\/www.pocketfulofstones.com\/wp-content\/uploads\/2025\/03\/dr_squid_new_2025_product_page.png\"\/><img decoding=\"async\" class=\"middle bottleImg\" src=\"https:\/\/www.pocketfulofstones.com\/wp-content\/uploads\/2025\/03\/dr_squid_new_2025_product_page.png\"\/><img decoding=\"async\" class=\"righter bottleImg\" src=\"https:\/\/www.pocketfulofstones.com\/wp-content\/uploads\/2025\/03\/dr_squid_new_2025_product_page.png\"\/><\/div>[\/et_pb_code][et_pb_text admin_label=&#8220;Copper Heading&#8220; _builder_version=&#8220;4.27.0&#8243; background_size=&#8220;initial&#8220; background_position=&#8220;top_left&#8220; background_repeat=&#8220;repeat&#8220; custom_margin=&#8220;130px||||false|false&#8220; custom_margin_tablet=&#8220;130px||||false|false&#8220; custom_margin_phone=&#8220;50px||||false|false&#8220; custom_margin_last_edited=&#8220;on|phone&#8220; use_border_color=&#8220;off&#8220; border_color=&#8220;#ffffff&#8220; border_style=&#8220;solid&#8220; global_colors_info=&#8220;{}&#8220;]<\/p>\n<h3>DER AUS DER TIEFE<\/h3>\n<p>[\/et_pb_text][et_pb_wc_description description_type=&#8220;description&#8220; admin_label=&#8220;Woo Product Description&#8220; module_class=&#8220;ps_product_description&#8220; _builder_version=&#8220;4.27.4&#8243; _module_preset=&#8220;default&#8220; body_text_color=&#8220;#6d6f71&#8243; body_font_size=&#8220;17px&#8220; custom_margin=&#8220;||||false|false&#8220; custom_margin_tablet=&#8220;||||false|false&#8220; custom_margin_phone=&#8220;||40px||false|false&#8220; custom_margin_last_edited=&#8220;on|phone&#8220; custom_padding=&#8220;|60px|||false|false&#8220; custom_padding_tablet=&#8220;|0px|||false|false&#8220; custom_padding_phone=&#8220;|0px|||false|false&#8220; custom_padding_last_edited=&#8220;on|desktop&#8220; global_colors_info=&#8220;{}&#8220;][\/et_pb_wc_description][\/et_pb_column][et_pb_column type=&#8220;1_2&#8243; module_class=&#8220;ps_product_page_card&#8220; _builder_version=&#8220;4.27.0&#8243; background_color=&#8220;#000000&#8243; custom_padding=&#8220;30px|30px|30px|30px|false|false&#8220; border_radii=&#8220;on|30px|30px|30px|30px&#8220; global_colors_info=&#8220;{}&#8220;][et_pb_wc_title _builder_version=&#8220;4.27.0&#8243; _module_preset=&#8220;default&#8220; header_font=&#8220;Barlow Condensed|||on|||||&#8220; header_text_color=&#8220;#FFFFFF&#8220; header_font_size=&#8220;45px&#8220; global_colors_info=&#8220;{}&#8220;][\/et_pb_wc_title][et_pb_text admin_label=&#8220;Custom Product Meta&#8220; _builder_version=&#8220;4.27.0&#8243; _module_preset=&#8220;default&#8220; global_colors_info=&#8220;{}&#8220;]<\/p>\n<div class='ps_cm_outer_wrapper'><div class='ps_cm_inner_wrapper'><div class='ps_cm_subtitle'>Cornischer Gin<\/div><div class='ps_cm_abv'>40% abv<\/div><div class='ps_cm_packsize'>3cl \/ 70cl<\/div><\/div><\/div>\n<p>[\/et_pb_text][et_pb_wc_description admin_label=&#8220;Woo Product Short Description&#8220; module_class=&#8220;ps_product_short_text&#8220; _builder_version=&#8220;4.27.0&#8243; _module_preset=&#8220;default&#8220; body_text_color=&#8220;#8b8e90&#8243; global_colors_info=&#8220;{}&#8220;][\/et_pb_wc_description][et_pb_wc_price _builder_version=&#8220;4.27.0&#8243; _module_preset=&#8220;default&#8220; body_font=&#8220;|700|||||||&#8220; body_text_color=&#8220;#FFFFFF&#8220; body_font_size=&#8220;30px&#8220; custom_margin=&#8220;20px||20px||false|false&#8220; custom_padding=&#8220;||20px||false|false&#8220; border_width_bottom=&#8220;1px&#8220; border_color_bottom=&#8220;#444444&#8243; global_colors_info=&#8220;{}&#8220;][\/et_pb_wc_price][et_pb_wc_add_to_cart field_label_position=&#8220;inline&#8220; module_class=&#8220;ps_single_add_to_cart&#8220; _builder_version=&#8220;4.27.0&#8243; _module_preset=&#8220;default&#8220; fields_background_color=&#8220;#000000&#8243; fields_text_color=&#8220;#FFFFFF&#8220; fields_custom_padding=&#8220;0px||0px||false|false&#8220; dropdown_menus_background_color=&#8220;#000000&#8243; dropdown_menus_text_color=&#8220;#FFFFFF&#8220; field_label_text_color=&#8220;#FFFFFF&#8220; fields_font=&#8220;Lato||||||||&#8220; fields_font_size=&#8220;17px&#8220; dropdown_menus_font=&#8220;Lato||||||||&#8220; dropdown_menus_font_size=&#8220;17px&#8220; custom_button=&#8220;on&#8220; button_text_color=&#8220;#000000&#8243; button_bg_color=&#8220;#d68a47&#8243; button_border_color=&#8220;#d68a47&#8243; button_border_radius=&#8220;8px&#8220; button_font=&#8220;Lato||||||||&#8220; button_icon=&#8220;&#xe015;||divi||400&#8243; button_icon_color=&#8220;#FFFFFF&#8220; button_icon_placement=&#8220;left&#8220; button_on_hover=&#8220;off&#8220; border_radii_fields=&#8220;on|8px|8px|8px|8px&#8220; border_width_all_fields=&#8220;2px&#8220; border_color_all_fields=&#8220;#444444&#8243; border_width_all_dropdown_menus=&#8220;2px&#8220; border_color_all_dropdown_menus=&#8220;#444444&#8243; global_colors_info=&#8220;{}&#8220;][\/et_pb_wc_add_to_cart][et_pb_code admin_label=&#8220;<\/p>\n<p>Merken &#038; Teilen<\/p>\n<p>&#8220; module_class=&#8220;ps_single_notice_share&#8220; _builder_version=&#8220;4.27.0&#8243; _module_preset=&#8220;default&#8220; global_colors_info=&#8220;{}&#8220;]<\/p>\n<div class=\"ps-notice\"><!-- [et_pb_line_break_holder] --><!-- [et_pb_line_break_holder] --><pee>Nicht zum Verkauf an Personen unter 18 Jahren.<!\u2013- [et_pb_br_holder] -\u2013><!-- [et_pb_line_break_holder] -->Einwegartikel.<\/pee><!-- [et_pb_line_break_holder] --><!-- [et_pb_line_break_holder] --><\/div>\n<p><!-- [et_pb_line_break_holder] --><!-- [et_pb_line_break_holder] --><!-- [et_pb_line_break_holder] --><\/p>\n<div class=\"ps-share\"><!-- [et_pb_line_break_holder] --><!-- [et_pb_line_break_holder] --><pee><!-- [et_pb_line_break_holder] --> Teilen Sie dies:<!-- [et_pb_line_break_holder] --><\/pee><!-- [et_pb_line_break_holder] --><!-- [et_pb_line_break_holder] --> <div class=\"addtoany_shortcode\"><div class=\"a2a_kit a2a_kit_size_30 addtoany_list\" data-a2a-url=\"https:\/\/www.pocketfulofstones.com\/de\/produkt\/dr-squid-gin\/\" data-a2a-title=\"Dr Squid Gin\"><a class=\"a2a_button_facebook\" href=\"https:\/\/www.addtoany.com\/add_to\/facebook?linkurl=https%3A%2F%2Fwww.pocketfulofstones.com%2Fde%2Fprodukt%2Fdr-squid-gin%2F&amp;linkname=Dr%20Squid%20Gin\" title=\"Facebook\" rel=\"nofollow noopener\" target=\"_blank\"><\/a><a class=\"a2a_button_x\" href=\"https:\/\/www.addtoany.com\/add_to\/x?linkurl=https%3A%2F%2Fwww.pocketfulofstones.com%2Fde%2Fprodukt%2Fdr-squid-gin%2F&amp;linkname=Dr%20Squid%20Gin\" title=\"X\" rel=\"nofollow noopener\" target=\"_blank\"><\/a><a class=\"a2a_button_whatsapp\" href=\"https:\/\/www.addtoany.com\/add_to\/whatsapp?linkurl=https%3A%2F%2Fwww.pocketfulofstones.com%2Fde%2Fprodukt%2Fdr-squid-gin%2F&amp;linkname=Dr%20Squid%20Gin\" title=\"WhatsApp\" rel=\"nofollow noopener\" target=\"_blank\"><\/a><\/div><\/div><!-- [et_pb_line_break_holder] --><\/div>\n<p><!-- [et_pb_line_break_holder] --><!-- [et_pb_line_break_holder] -->[\/et_pb_code][\/et_pb_column][\/et_pb_row][et_pb_row column_structure=&#8220;1_3,1_3,1_3&#8243; disabled_on=&#8220;off|on|on&#8220; admin_label=&#8220;<\/p>\n<p>Reihe - Mobil<\/p>\n<p>&#8220; module_class=&#8220;ps_product_page_row&#8220; _builder_version=&#8220;4.27.0&#8243; width_tablet=&#8220;&#8220; width_phone=&#8220;90%&#8220; width_last_edited=&#8220;on|phone&#8220; custom_margin_tablet=&#8220;&#8220; custom_margin_phone=&#8220;&#8220; custom_margin_last_edited=&#8220;on|desktop&#8220; custom_padding=&#8220;0px||0px||false|false&#8220; global_colors_info=&#8220;{}&#8220;][et_pb_column type=&#8220;1_3&#8243; _builder_version=&#8220;4.16&#8243; global_colors_info=&#8220;{}&#8220;][et_pb_code admin_label=&#8220;<\/p>\n<p>Packshot<\/p>\n<p>&#8220; _builder_version=&#8220;4.27.0&#8243; custom_margin_tablet=&#8220;&#8220; custom_margin_phone=&#8220;-100px||50px||false|false&#8220; custom_margin_last_edited=&#8220;on|phone&#8220; custom_padding=&#8220;|70px|||false|false&#8220; custom_padding_tablet=&#8220;|0px|||false|false&#8220; custom_padding_phone=&#8220;|0px|||false|false&#8220; custom_padding_last_edited=&#8220;on|desktop&#8220; global_colors_info=&#8220;{}&#8220;]<div class='bottleHolder '><img decoding=\"async\" class=\"lefter bottleImg\" src=\"https:\/\/www.pocketfulofstones.com\/wp-content\/uploads\/2025\/03\/dr_squid_new_2025_product_page.png\"\/><img decoding=\"async\" class=\"middle bottleImg\" src=\"https:\/\/www.pocketfulofstones.com\/wp-content\/uploads\/2025\/03\/dr_squid_new_2025_product_page.png\"\/><img decoding=\"async\" class=\"righter bottleImg\" src=\"https:\/\/www.pocketfulofstones.com\/wp-content\/uploads\/2025\/03\/dr_squid_new_2025_product_page.png\"\/><\/div>[\/et_pb_code][\/et_pb_column][et_pb_column type=&#8220;1_3&#8243; module_class=&#8220;ps_product_page_card&#8220; _builder_version=&#8220;4.27.0&#8243; background_color=&#8220;#000000&#8243; custom_padding=&#8220;30px|30px|30px|30px|false|false&#8220; border_radii=&#8220;on|30px|30px|30px|30px&#8220; global_colors_info=&#8220;{}&#8220;][et_pb_wc_title _builder_version=&#8220;4.27.0&#8243; _module_preset=&#8220;default&#8220; header_font=&#8220;Barlow Condensed|||on|||||&#8220; header_text_color=&#8220;#FFFFFF&#8220; header_font_size=&#8220;45px&#8220; global_colors_info=&#8220;{}&#8220;][\/et_pb_wc_title][et_pb_text admin_label=&#8220;Custom Product Meta&#8220; _builder_version=&#8220;4.27.0&#8243; _module_preset=&#8220;default&#8220; global_colors_info=&#8220;{}&#8220;]<\/p>\n<div class='ps_cm_outer_wrapper'><div class='ps_cm_inner_wrapper'><div class='ps_cm_subtitle'>Cornischer Gin<\/div><div class='ps_cm_abv'>40% abv<\/div><div class='ps_cm_packsize'>3cl \/ 70cl<\/div><\/div><\/div>\n<p>[\/et_pb_text][et_pb_wc_price _builder_version=&#8220;4.27.0&#8243; _module_preset=&#8220;default&#8220; body_font=&#8220;|700|||||||&#8220; body_text_color=&#8220;#FFFFFF&#8220; body_font_size=&#8220;30px&#8220; custom_margin=&#8220;20px||20px||false|false&#8220; custom_padding=&#8220;||20px||false|false&#8220; border_width_bottom=&#8220;1px&#8220; border_color_bottom=&#8220;#131414&#8243; global_colors_info=&#8220;{}&#8220;][\/et_pb_wc_price][et_pb_wc_add_to_cart field_label_position=&#8220;inline&#8220; module_class=&#8220;ps_single_add_to_cart&#8220; _builder_version=&#8220;4.27.0&#8243; _module_preset=&#8220;default&#8220; fields_background_color=&#8220;#000000&#8243; fields_text_color=&#8220;#FFFFFF&#8220; fields_custom_padding=&#8220;0px||0px||false|false&#8220; dropdown_menus_background_color=&#8220;#000000&#8243; dropdown_menus_text_color=&#8220;#FFFFFF&#8220; field_label_text_color=&#8220;#FFFFFF&#8220; fields_font=&#8220;Lato||||||||&#8220; fields_font_size=&#8220;17px&#8220; dropdown_menus_font=&#8220;Lato||||||||&#8220; dropdown_menus_font_size=&#8220;17px&#8220; custom_button=&#8220;on&#8220; button_text_color=&#8220;#000000&#8243; button_bg_color=&#8220;#d68a47&#8243; button_border_color=&#8220;#d68a47&#8243; button_border_radius=&#8220;8px&#8220; button_font=&#8220;Lato||||||||&#8220; button_icon=&#8220;&#xe015;||divi||400&#8243; button_icon_color=&#8220;#FFFFFF&#8220; button_icon_placement=&#8220;left&#8220; button_on_hover=&#8220;off&#8220; border_radii_fields=&#8220;on|8px|8px|8px|8px&#8220; border_width_all_fields=&#8220;2px&#8220; border_color_all_fields=&#8220;#151515&#8243; border_width_all_dropdown_menus=&#8220;2px&#8220; border_color_all_dropdown_menus=&#8220;#151515&#8243; global_colors_info=&#8220;{}&#8220;][\/et_pb_wc_add_to_cart][et_pb_code admin_label=&#8220;<\/p>\n<p>Merken &#038; Teilen<\/p>\n<p>&#8220; module_class=&#8220;ps_single_notice_share&#8220; _builder_version=&#8220;4.27.0&#8243; _module_preset=&#8220;default&#8220; global_colors_info=&#8220;{}&#8220;]<\/p>\n<div class=\"ps-notice\"><!-- [et_pb_line_break_holder] --><!-- [et_pb_line_break_holder] --><pee>Nicht zum Verkauf an Personen unter 18 Jahren.<!\u2013- [et_pb_br_holder] -\u2013><!-- [et_pb_line_break_holder] -->Einwegartikel.<\/pee><!-- [et_pb_line_break_holder] --><!-- [et_pb_line_break_holder] --><\/div>\n<p><!-- [et_pb_line_break_holder] --><!-- [et_pb_line_break_holder] --><!-- [et_pb_line_break_holder] --><\/p>\n<div class=\"ps-share\"><!-- [et_pb_line_break_holder] --><!-- [et_pb_line_break_holder] --><pee><!-- [et_pb_line_break_holder] --> Teilen Sie dies:<!-- [et_pb_line_break_holder] --><\/pee><!-- [et_pb_line_break_holder] --><!-- [et_pb_line_break_holder] --> <div class=\"addtoany_shortcode\"><div class=\"a2a_kit a2a_kit_size_30 addtoany_list\" data-a2a-url=\"https:\/\/www.pocketfulofstones.com\/de\/produkt\/dr-squid-gin\/\" data-a2a-title=\"Dr Squid Gin\"><a class=\"a2a_button_facebook\" href=\"https:\/\/www.addtoany.com\/add_to\/facebook?linkurl=https%3A%2F%2Fwww.pocketfulofstones.com%2Fde%2Fprodukt%2Fdr-squid-gin%2F&amp;linkname=Dr%20Squid%20Gin\" title=\"Facebook\" rel=\"nofollow noopener\" target=\"_blank\"><\/a><a class=\"a2a_button_x\" href=\"https:\/\/www.addtoany.com\/add_to\/x?linkurl=https%3A%2F%2Fwww.pocketfulofstones.com%2Fde%2Fprodukt%2Fdr-squid-gin%2F&amp;linkname=Dr%20Squid%20Gin\" title=\"X\" rel=\"nofollow noopener\" target=\"_blank\"><\/a><a class=\"a2a_button_whatsapp\" href=\"https:\/\/www.addtoany.com\/add_to\/whatsapp?linkurl=https%3A%2F%2Fwww.pocketfulofstones.com%2Fde%2Fprodukt%2Fdr-squid-gin%2F&amp;linkname=Dr%20Squid%20Gin\" title=\"WhatsApp\" rel=\"nofollow noopener\" target=\"_blank\"><\/a><\/div><\/div><!-- [et_pb_line_break_holder] --><\/div>\n<p><!-- [et_pb_line_break_holder] --><!-- [et_pb_line_break_holder] -->[\/et_pb_code][et_pb_wc_description admin_label=&#8220;Woo Product Short Description&#8220; module_class=&#8220;ps_product_short_text&#8220; _builder_version=&#8220;4.27.0&#8243; _module_preset=&#8220;default&#8220; body_text_color=&#8220;#8b8e90&#8243; custom_margin=&#8220;15px||||false|false&#8220; border_width_top=&#8220;1px&#8220; border_color_top=&#8220;#131414&#8243; global_colors_info=&#8220;{}&#8220;][\/et_pb_wc_description][\/et_pb_column][et_pb_column type=&#8220;1_3&#8243; _builder_version=&#8220;4.27.0&#8243; _module_preset=&#8220;default&#8220; global_colors_info=&#8220;{}&#8220;][et_pb_text admin_label=&#8220;Copper Heading&#8220; _builder_version=&#8220;4.27.0&#8243; background_size=&#8220;initial&#8220; background_position=&#8220;top_left&#8220; background_repeat=&#8220;repeat&#8220; custom_margin=&#8220;130px||||false|false&#8220; custom_margin_tablet=&#8220;130px||||false|false&#8220; custom_margin_phone=&#8220;50px||||false|false&#8220; custom_margin_last_edited=&#8220;on|phone&#8220; use_border_color=&#8220;off&#8220; border_color=&#8220;#ffffff&#8220; border_style=&#8220;solid&#8220; global_colors_info=&#8220;{}&#8220;]<\/p>\n<h3>DER AUS DER TIEFE<\/h3>\n<p>[\/et_pb_text][et_pb_wc_description description_type=&#8220;description&#8220; admin_label=&#8220;Woo Product Description&#8220; module_class=&#8220;ps_product_description&#8220; _builder_version=&#8220;4.27.0&#8243; _module_preset=&#8220;default&#8220; body_text_color=&#8220;#6d6f71&#8243; custom_margin=&#8220;||||false|false&#8220; custom_margin_tablet=&#8220;||||false|false&#8220; custom_margin_phone=&#8220;||40px||false|false&#8220; custom_margin_last_edited=&#8220;on|phone&#8220; custom_padding=&#8220;|60px|||false|false&#8220; custom_padding_tablet=&#8220;|0px|||false|false&#8220; custom_padding_phone=&#8220;|0px|||false|false&#8220; custom_padding_last_edited=&#8220;on|desktop&#8220; global_colors_info=&#8220;{}&#8220;][\/et_pb_wc_description][\/et_pb_column][\/et_pb_row][et_pb_row column_structure=&#8220;1_4,1_2,1_4&#8243; module_id=&#8220;dr-squid-video-row&#8220; _builder_version=&#8220;4.27.4&#8243; _module_preset=&#8220;default&#8220; custom_margin=&#8220;80px||||false|false&#8220; custom_margin_tablet=&#8220;80px||||false|false&#8220; custom_margin_phone=&#8220;0px||||false|false&#8220; custom_margin_last_edited=&#8220;on|phone&#8220; locked=&#8220;off&#8220; global_colors_info=&#8220;{}&#8220;][et_pb_column type=&#8220;1_4&#8243; _builder_version=&#8220;4.27.4&#8243; _module_preset=&#8220;default&#8220; global_colors_info=&#8220;{}&#8220;][et_pb_code _builder_version=&#8220;4.27.4&#8243; _module_preset=&#8220;default&#8220; global_colors_info=&#8220;{}&#8220;]<\/p>\n<div style=\"padding:177.78% 0 0 0;position:relative;\"><iframe src=\"https:\/\/player.vimeo.com\/video\/1134190142?autoplay=1&#038;loop=1&#038;background=1&#038;title=0&#038;byline=0&#038;portrait=0&#038;badge=0&#038;autopause=0&#038;player_id=0&#038;app_id=58479\" frameborder=\"0\" allow=\"autoplay; fullscreen; picture-in-picture; clipboard-write; encrypted-media; web-share\" referrerpolicy=\"strict-origin-when-cross-origin\" style=\"position:absolute;top:0;left:0;width:100%;height:100%;\" title=\"Dr Squid Gin\"><\/iframe><\/div>\n<p><script src=\"https:\/\/player.vimeo.com\/api\/player.js\"><\/script>[\/et_pb_code][\/et_pb_column][et_pb_column type=&#8220;1_2&#8243; _builder_version=&#8220;4.27.4&#8243; _module_preset=&#8220;default&#8220; global_colors_info=&#8220;{}&#8220;][et_pb_text module_class=&#8220;ps_product_description&#8220; _builder_version=&#8220;4.27.4&#8243; _module_preset=&#8220;default&#8220; custom_margin_tablet=&#8220;&#8220; custom_margin_phone=&#8220;35px||||false|false&#8220; custom_margin_last_edited=&#8220;on|phone&#8220; custom_padding=&#8220;|||70px|false|false&#8220; custom_padding_tablet=&#8220;|||40px|false|false&#8220; custom_padding_phone=&#8220;|||0px|false|false&#8220; custom_padding_last_edited=&#8220;on|desktop&#8220; hover_enabled=&#8220;0&#8243; global_colors_info=&#8220;{}&#8220; sticky_enabled=&#8220;0&#8243;]<\/p>\n<h3>VON TINTE ZU <em>ROSA<\/em><\/h3>\n<p>Dr Squid ist sehr theatralisch - <strong>es hat eine tintenblaue bis schwarze Farbe,<\/strong> <em>die sich beim Mischen mit Tonic rosa f\u00e4rbt.<\/em><\/p>\n<p>Die atemberaubende Kupferflasche ist ein Sammlerst\u00fcck und ist mit Darstellungen der Landschaft, Tierwelt, Folklore und Geschichte rund um die Destillerie graviert.<\/p>\n<p>Dr. Squid Gin z\u00e4hlt seit seiner Markteinf\u00fchrung vor f\u00fcnf Jahren zu den meistverkauften Gins unabh\u00e4ngiger Hersteller in Gro\u00dfbritannien. Nicht nur wegen seiner wundersch\u00f6nen Steampunk-\u00c4sthetik, sondern vor allem, weil er einen unvergleichlichen Geschmack bietet \u2013 ein Schluck gen\u00fcgt, um zu verstehen, was wir meinen.<\/p>\n<p>[\/et_pb_text][\/et_pb_column][et_pb_column type=&#8220;1_4&#8243; _builder_version=&#8220;4.27.4&#8243; _module_preset=&#8220;default&#8220; global_colors_info=&#8220;{}&#8220;][et_pb_image src=&#8220;https:\/\/www.pocketfulofstones.com\/wp-content\/uploads\/2025\/11\/dr-squid-label.png&#8220; title_text=&#8220;dr-squid-label&#8220; align=&#8220;right&#8220; align_tablet=&#8220;right&#8220; align_phone=&#8220;center&#8220; align_last_edited=&#8220;on|phone&#8220; _builder_version=&#8220;4.27.4&#8243; _module_preset=&#8220;default&#8220; custom_margin_tablet=&#8220;&#8220; custom_margin_phone=&#8220;35px||||false|false&#8220; custom_margin_last_edited=&#8220;on|phone&#8220; global_colors_info=&#8220;{}&#8220;][\/et_pb_image][\/et_pb_column][\/et_pb_row][et_pb_row _builder_version=&#8220;4.27.0&#8243; _module_preset=&#8220;default&#8220; width=&#8220;90%&#8220; global_colors_info=&#8220;{}&#8220;][et_pb_column type=&#8220;4_4&#8243; _builder_version=&#8220;4.27.0&#8243; _module_preset=&#8220;default&#8220; global_colors_info=&#8220;{}&#8220;][et_pb_wc_related_products posts_number=&#8220;3&#8243; columns_number=&#8220;3&#8243; include_categories=&#8220;all&#8220; icon_hover_color=&#8220;RGBA(255,255,255,0)&#8220; hover_overlay_color=&#8220;RGBA(255,255,255,0)&#8220; _builder_version=&#8220;4.27.0&#8243; _module_preset=&#8220;default&#8220; title_font=&#8220;Lato||||||||&#8220; title_text_align=&#8220;left&#8220; title_text_color=&#8220;#FFFFFF&#8220; title_font_size=&#8220;20px&#8220; product_title_font=&#8220;Barlow Condensed||||||||&#8220; product_title_text_color=&#8220;#8b8e90&#8243; product_title_font_size=&#8220;30px&#8220; price_font=&#8220;|700|||||||&#8220; price_text_align=&#8220;right&#8220; price_text_color=&#8220;#FFFFFF&#8220; price_font_size=&#8220;25px&#8220; title_font_size_tablet=&#8220;20px&#8220; title_font_size_phone=&#8220;&#8220; title_font_size_last_edited=&#8220;on|desktop&#8220; product_title_font_size_tablet=&#8220;30px&#8220; product_title_font_size_phone=&#8220;23px&#8220; product_title_font_size_last_edited=&#8220;on|phone&#8220; price_font_size_tablet=&#8220;25px&#8220; price_font_size_phone=&#8220;18px&#8220; price_font_size_last_edited=&#8220;on|phone&#8220; global_colors_info=&#8220;{}&#8220;][\/et_pb_wc_related_products][\/et_pb_column][\/et_pb_row][\/et_pb_section]<\/p>\n","protected":false},"excerpt":{"rendered":"<p>Dr. Squid feiert dieses Jahr seinen f\u00fcnften Geburtstag! Zur Feier des Tages haben wir unserem ber\u00fchmten Flachmann ein kleines Upgrade verpasst, holen Sie sich Ihren noch heute. Vergessen Sie nicht, dass unser <a href=\"https:\/\/www.pocketfulofstones.com\/de\/?post_type=product&amp;p=13486\">Nautical Nocturn<\/a><\/p>\n","protected":false},"featured_media":13214,"template":"","meta":{"_et_pb_use_builder":"on","_et_pb_old_content":"<h4>Die Geschichte<\/h4>\r\nDiese einzigartige Produkt wird aus einer Kupferflasche serviert, in die die Landschaft, die Tierwelt, die Folklore und die Geschichte eingraviert sind, welche die Brennerei umgeben.\r\n\r\nDr. Squid Gin ist seit dem Fr\u00fchjahr 2018 ein echtes Werk der Liebe.\r\n\r\nEs gab viele Momente, da h\u00e4tten wir fast zugegeben, dass es nicht m\u00f6glich sein w\u00fcrde - weder die Produktion Kupferflasche noch das Ausbalancieren des Rezepts -, aber es war eine Idee, an die wir so fest glaubten, dass wir sie nicht mehr loslassen konnten.\r\n\r\nSquid Ink ist eine so starke Zutat, dass sowohl f\u00fcr die Destillation als auch f\u00fcr die Farbe oder den Aufguss des Gins nur eine minimale Menge ben\u00f6tigt wird. Vanille wurde der Basis des Rezepts hinzugef\u00fcgt, um ein abgerundetes Mundgef\u00fchl und eine wahrgenommene S\u00fc\u00dfe zu erzielen, gepaart mit Sanddorn f\u00fcr einen s\u00e4uerlichen, frischen Fruchtabgang.\r\n\r\nDr. Squid gie\u00dft schwarz und f\u00e4rbt sich mit Tonic in ein leuchtendes Rosa. Er eignet sich auch hervorragend als Gin Mule, wenn er \u00fcber zersto\u00dfenes Eis und Ingwerbier gegossen wird.\r\n\r\n<a href=\"https:\/\/www.pocketfulofstones.com\/product\/dr-squid-gin-nautical-nocturne\/\">Klicken Sie hier<\/a> f\u00fcr die Dr. Squid Nautical Nocturne","_et_gb_content_width":""},"product_brand":[],"product_cat":[81,80],"product_tag":[82],"class_list":{"0":"post-13798","1":"product","2":"type-product","3":"status-publish","4":"has-post-thumbnail","6":"product_cat-gin-de","7":"product_cat-spirituosen","8":"product_tag-pocketful-of-stones-de","10":"first","11":"instock","12":"shipping-taxable","13":"purchasable","14":"product-type-simple"},"_links":{"self":[{"href":"https:\/\/www.pocketfulofstones.com\/de\/wp-json\/wp\/v2\/product\/13798","targetHints":{"allow":["GET"]}}],"collection":[{"href":"https:\/\/www.pocketfulofstones.com\/de\/wp-json\/wp\/v2\/product"}],"about":[{"href":"https:\/\/www.pocketfulofstones.com\/de\/wp-json\/wp\/v2\/types\/product"}],"wp:featuredmedia":[{"embeddable":true,"href":"https:\/\/www.pocketfulofstones.com\/de\/wp-json\/wp\/v2\/media\/13214"}],"wp:attachment":[{"href":"https:\/\/www.pocketfulofstones.com\/de\/wp-json\/wp\/v2\/media?parent=13798"}],"wp:term":[{"taxonomy":"product_brand","embeddable":true,"href":"https:\/\/www.pocketfulofstones.com\/de\/wp-json\/wp\/v2\/product_brand?post=13798"},{"taxonomy":"product_cat","embeddable":true,"href":"https:\/\/www.pocketfulofstones.com\/de\/wp-json\/wp\/v2\/product_cat?post=13798"},{"taxonomy":"product_tag","embeddable":true,"href":"https:\/\/www.pocketfulofstones.com\/de\/wp-json\/wp\/v2\/product_tag?post=13798"}],"curies":[{"name":"wp","href":"https:\/\/api.w.org\/{rel}","templated":true}]}}