{"id":14014,"date":"2024-07-31T06:30:20","date_gmt":"2024-07-31T06:30:20","guid":{"rendered":"https:\/\/www.pocketfulofstones.co.uk\/product\/cornish-dry-gin\/"},"modified":"2025-07-21T07:25:32","modified_gmt":"2025-07-21T07:25:32","slug":"cornish-dry-gin","status":"publish","type":"product","link":"https:\/\/www.pocketfulofstones.com\/de\/produkt\/cornish-dry-gin\/","title":{"rendered":"Cornish Dry Gin"},"content":{"rendered":"<p>[et_pb_section fb_built=&#8220;1&#8243; _builder_version=&#8220;4.27.0&#8243; background_image=&#8220;https:\/\/www.pocketfulofstones.com\/wp-content\/uploads\/2020\/06\/product_header_cornish_dry.jpg&#8220; global_colors_info=&#8220;{}&#8220;][et_pb_row column_structure=&#8220;1_2,1_2&#8243; module_class=&#8220;ps_product_hero&#8220; _builder_version=&#8220;4.16&#8243; locked=&#8220;off&#8220; global_colors_info=&#8220;{}&#8220;][et_pb_column type=&#8220;1_2&#8243; _builder_version=&#8220;4.16&#8243; global_colors_info=&#8220;{}&#8220;][\/et_pb_column][et_pb_column type=&#8220;1_2&#8243; _builder_version=&#8220;4.16&#8243; global_colors_info=&#8220;{}&#8220;][et_pb_image alt=&#8220;&lt;p&gt;Cidre Brandy Logo&lt;\/p&gt;&#8220; title_text=&#8220;&lt;p&gt;product_header_midsummer&lt;\/p&gt;&#8220; align=&#8220;center&#8220; admin_label=&#8220;Header Logo&#8220; module_class=&#8220;ps_product_header_logo ps_nontext_logo&#8220; _builder_version=&#8220;4.27.0&#8243; custom_margin=&#8220;0px|||0px|false|false&#8220; custom_margin_tablet=&#8220;0px|||0px|false|false&#8220; custom_margin_phone=&#8220;-120px||||false|false&#8220; custom_margin_last_edited=&#8220;on|desktop&#8220; custom_padding=&#8220;||||false|false&#8220; global_colors_info=&#8220;{}&#8220;][\/et_pb_image][\/et_pb_column][\/et_pb_row][\/et_pb_section][et_pb_section fb_built=&#8220;1&#8243; _builder_version=&#8220;4.27.0&#8243; background_color=&#8220;#333137&#8243; background_image=&#8220;https:\/\/www.pocketfulofstones.com\/wp-content\/uploads\/2024\/07\/bg_2024_no_text.jpg&#8220; parallax=&#8220;on&#8220; custom_padding=&#8220;0px||||false|false&#8220; global_colors_info=&#8220;{}&#8220;][et_pb_row column_structure=&#8220;1_2,1_2&#8243; disabled_on=&#8220;on|off|off&#8220; admin_label=&#8220;&lt;p&gt;Zeile - Desktop&lt;\/p&gt;&#8220; module_class=&#8220;ps_product_page_row&#8220; _builder_version=&#8220;4.27.0&#8243; width_tablet=&#8220;&#8220; width_phone=&#8220;90%&#8220; width_last_edited=&#8220;on|phone&#8220; custom_margin_tablet=&#8220;&#8220; custom_margin_phone=&#8220;&#8220; custom_margin_last_edited=&#8220;on|desktop&#8220; custom_padding=&#8220;0px||0px||false|false&#8220; global_colors_info=&#8220;{}&#8220;][et_pb_column type=&#8220;1_2&#8243; _builder_version=&#8220;4.16&#8243; global_colors_info=&#8220;{}&#8220;][et_pb_code admin_label=&#8220;&lt;p&gt;Packshot&lt;\/p&gt;&#8220; _builder_version=&#8220;4.27.0&#8243; custom_margin_tablet=&#8220;&#8220; custom_margin_phone=&#8220;-100px||||false|false&#8220; custom_margin_last_edited=&#8220;on|phone&#8220; custom_padding=&#8220;|70px|||false|false&#8220; custom_padding_tablet=&#8220;|0px|||false|false&#8220; custom_padding_phone=&#8220;|0px|||false|false&#8220; custom_padding_last_edited=&#8220;on|desktop&#8220; global_colors_info=&#8220;{}&#8220;]<pee><div class='bottleHolder '><img decoding=\"async\" class=\"lefter bottleImg\" src=\"https:\/\/www.pocketfulofstones.com\/wp-content\/uploads\/2021\/05\/caspyn4.png\"\/><img decoding=\"async\" class=\"middle bottleImg\" src=\"https:\/\/www.pocketfulofstones.com\/wp-content\/uploads\/2021\/05\/caspyn4.png\"\/><img decoding=\"async\" class=\"righter bottleImg\" src=\"https:\/\/www.pocketfulofstones.com\/wp-content\/uploads\/2021\/05\/caspyn4.png\"\/><\/div><\/pee>[\/et_pb_code][et_pb_text admin_label=&#8220;Copper Heading&#8220; _builder_version=&#8220;4.27.0&#8243; background_size=&#8220;initial&#8220; background_position=&#8220;top_left&#8220; background_repeat=&#8220;repeat&#8220; custom_margin=&#8220;130px||||false|false&#8220; custom_margin_tablet=&#8220;130px||||false|false&#8220; custom_margin_phone=&#8220;50px||||false|false&#8220; custom_margin_last_edited=&#8220;on|phone&#8220; use_border_color=&#8220;off&#8220; border_color=&#8220;#ffffff&#8220; border_style=&#8220;solid&#8220; global_colors_info=&#8220;{}&#8220;]<\/p>\n<h3>DER ERSTGEBORENE<\/h3>\n<p>[\/et_pb_text][et_pb_wc_description description_type=&#8220;description&#8220; admin_label=&#8220;Woo Product Description&#8220; module_class=&#8220;ps_product_description&#8220; _builder_version=&#8220;4.27.0&#8243; _module_preset=&#8220;default&#8220; body_text_color=&#8220;#6d6f71&#8243; custom_margin=&#8220;||||false|false&#8220; custom_margin_tablet=&#8220;||||false|false&#8220; custom_margin_phone=&#8220;||40px||false|false&#8220; custom_margin_last_edited=&#8220;on|phone&#8220; custom_padding=&#8220;|60px|||false|false&#8220; custom_padding_tablet=&#8220;|0px|||false|false&#8220; custom_padding_phone=&#8220;|0px|||false|false&#8220; custom_padding_last_edited=&#8220;on|desktop&#8220; global_colors_info=&#8220;{}&#8220;][\/et_pb_wc_description][\/et_pb_column][et_pb_column type=&#8220;1_2&#8243; module_class=&#8220;ps_product_page_card&#8220; _builder_version=&#8220;4.27.0&#8243; background_color=&#8220;#000000&#8243; custom_padding=&#8220;30px|30px|30px|30px|false|false&#8220; border_radii=&#8220;on|30px|30px|30px|30px&#8220; global_colors_info=&#8220;{}&#8220;][et_pb_wc_title _builder_version=&#8220;4.27.0&#8243; _module_preset=&#8220;default&#8220; header_font=&#8220;Barlow Condensed|||on|||||&#8220; header_text_color=&#8220;#FFFFFF&#8220; header_font_size=&#8220;45px&#8220; global_colors_info=&#8220;{}&#8220;][\/et_pb_wc_title][et_pb_text admin_label=&#8220;Custom Product Meta&#8220; _builder_version=&#8220;4.27.0&#8243; _module_preset=&#8220;default&#8220; global_colors_info=&#8220;{}&#8220;]<\/p>\n<div class='ps_cm_outer_wrapper'><div class='ps_cm_inner_wrapper'><div class='ps_cm_subtitle'>Cornischer Gin<\/div><div class='ps_cm_abv'>40% vol.<\/div><div class='ps_cm_packsize'>5cl \/ 35cl \/ 70cl<\/div><\/div><\/div>\n<p>[\/et_pb_text][et_pb_wc_description admin_label=&#8220;Woo Product Short Description&#8220; module_class=&#8220;ps_product_short_text&#8220; _builder_version=&#8220;4.27.0&#8243; _module_preset=&#8220;default&#8220; body_text_color=&#8220;#8b8e90&#8243; global_colors_info=&#8220;{}&#8220;][\/et_pb_wc_description][et_pb_wc_price _builder_version=&#8220;4.27.0&#8243; _module_preset=&#8220;default&#8220; body_font=&#8220;|700|||||||&#8220; body_text_color=&#8220;#FFFFFF&#8220; body_font_size=&#8220;30px&#8220; custom_margin=&#8220;20px||20px||false|false&#8220; custom_padding=&#8220;||20px||false|false&#8220; border_width_bottom=&#8220;1px&#8220; border_color_bottom=&#8220;#444444&#8243; global_colors_info=&#8220;{}&#8220;][\/et_pb_wc_price][et_pb_wc_add_to_cart field_label_position=&#8220;inline&#8220; module_class=&#8220;ps_single_add_to_cart&#8220; _builder_version=&#8220;4.27.0&#8243; _module_preset=&#8220;default&#8220; fields_background_color=&#8220;#000000&#8243; fields_text_color=&#8220;#FFFFFF&#8220; fields_custom_padding=&#8220;0px||0px||false|false&#8220; dropdown_menus_background_color=&#8220;#000000&#8243; dropdown_menus_text_color=&#8220;#FFFFFF&#8220; field_label_text_color=&#8220;#FFFFFF&#8220; fields_font=&#8220;Lato||||||||&#8220; fields_font_size=&#8220;17px&#8220; dropdown_menus_font=&#8220;Lato||||||||&#8220; dropdown_menus_font_size=&#8220;17px&#8220; custom_button=&#8220;on&#8220; button_text_color=&#8220;#000000&#8243; button_bg_color=&#8220;#d68a47&#8243; button_border_color=&#8220;#d68a47&#8243; button_border_radius=&#8220;8px&#8220; button_font=&#8220;Lato||||||||&#8220; button_icon=&#8220;&#xe015;||divi||400&#8243; button_icon_color=&#8220;#FFFFFF&#8220; button_icon_placement=&#8220;left&#8220; button_on_hover=&#8220;off&#8220; border_radii_fields=&#8220;on|8px|8px|8px|8px&#8220; border_width_all_fields=&#8220;2px&#8220; border_color_all_fields=&#8220;#444444&#8243; border_width_all_dropdown_menus=&#8220;2px&#8220; border_color_all_dropdown_menus=&#8220;#444444&#8243; global_colors_info=&#8220;{}&#8220;][\/et_pb_wc_add_to_cart][et_pb_code admin_label=&#8220;&lt;p&gt;Merken &amp; Teilen&lt;\/p&gt;&#8220; module_class=&#8220;ps_single_notice_share&#8220; _builder_version=&#8220;4.27.0&#8243; _module_preset=&#8220;default&#8220; global_colors_info=&#8220;{}&#8220;]<\/p>\n<div class=\"ps-notice\"><!-- [et_pb_line_break_holder] -->\n<pee>Nicht zum Verkauf an Personen unter 18 Jahren.<!\u2013- [et_pb_br_holder] -\u2013><!-- [et_pb_line_break_holder] -->Einwegartikel.<\/pee>\n<!-- [et_pb_line_break_holder] --><\/div>\n<p><!-- [et_pb_line_break_holder] --><\/p>\n<div class=\"ps-share\"><!-- [et_pb_line_break_holder] -->\n<pee><!-- [et_pb_line_break_holder] --> Teilen Sie dies:<!-- [et_pb_line_break_holder] --><\/pee>\n<!-- [et_pb_line_break_holder] --> <div class=\"addtoany_shortcode\"><div class=\"a2a_kit a2a_kit_size_30 addtoany_list\" data-a2a-url=\"https:\/\/www.pocketfulofstones.com\/de\/produkt\/cornish-dry-gin\/\" data-a2a-title=\"Cornish Dry Gin\"><a class=\"a2a_button_facebook\" href=\"https:\/\/www.addtoany.com\/add_to\/facebook?linkurl=https%3A%2F%2Fwww.pocketfulofstones.com%2Fde%2Fprodukt%2Fcornish-dry-gin%2F&amp;linkname=Cornish%20Dry%20Gin\" title=\"Facebook\" rel=\"nofollow noopener\" target=\"_blank\"><\/a><a class=\"a2a_button_x\" href=\"https:\/\/www.addtoany.com\/add_to\/x?linkurl=https%3A%2F%2Fwww.pocketfulofstones.com%2Fde%2Fprodukt%2Fcornish-dry-gin%2F&amp;linkname=Cornish%20Dry%20Gin\" title=\"X\" rel=\"nofollow noopener\" target=\"_blank\"><\/a><a class=\"a2a_button_whatsapp\" href=\"https:\/\/www.addtoany.com\/add_to\/whatsapp?linkurl=https%3A%2F%2Fwww.pocketfulofstones.com%2Fde%2Fprodukt%2Fcornish-dry-gin%2F&amp;linkname=Cornish%20Dry%20Gin\" title=\"WhatsApp\" rel=\"nofollow noopener\" target=\"_blank\"><\/a><\/div><\/div><!-- [et_pb_line_break_holder] --><\/div>\n<p><!-- [et_pb_line_break_holder] -->[\/et_pb_code][\/et_pb_column][\/et_pb_row][et_pb_row column_structure=&#8220;1_3,1_3,1_3&#8243; disabled_on=&#8220;off|on|on&#8220; admin_label=&#8220;&lt;p&gt;Reihe - Mobil&lt;\/p&gt;&#8220; module_class=&#8220;ps_product_page_row&#8220; _builder_version=&#8220;4.27.0&#8243; width_tablet=&#8220;&#8220; width_phone=&#8220;90%&#8220; width_last_edited=&#8220;on|phone&#8220; custom_margin_tablet=&#8220;&#8220; custom_margin_phone=&#8220;&#8220; custom_margin_last_edited=&#8220;on|desktop&#8220; custom_padding=&#8220;0px||0px||false|false&#8220; global_colors_info=&#8220;{}&#8220;][et_pb_column type=&#8220;1_3&#8243; _builder_version=&#8220;4.16&#8243; global_colors_info=&#8220;{}&#8220;][et_pb_code admin_label=&#8220;&lt;p&gt;Packshot&lt;\/p&gt;&#8220; _builder_version=&#8220;4.27.0&#8243; custom_margin_tablet=&#8220;&#8220; custom_margin_phone=&#8220;-100px||50px||false|false&#8220; custom_margin_last_edited=&#8220;on|phone&#8220; custom_padding=&#8220;|70px|||false|false&#8220; custom_padding_tablet=&#8220;|0px|||false|false&#8220; custom_padding_phone=&#8220;|0px|||false|false&#8220; custom_padding_last_edited=&#8220;on|desktop&#8220; global_colors_info=&#8220;{}&#8220;]<pee><div class='bottleHolder '><img decoding=\"async\" class=\"lefter bottleImg\" src=\"https:\/\/www.pocketfulofstones.com\/wp-content\/uploads\/2021\/05\/caspyn4.png\"\/><img decoding=\"async\" class=\"middle bottleImg\" src=\"https:\/\/www.pocketfulofstones.com\/wp-content\/uploads\/2021\/05\/caspyn4.png\"\/><img decoding=\"async\" class=\"righter bottleImg\" src=\"https:\/\/www.pocketfulofstones.com\/wp-content\/uploads\/2021\/05\/caspyn4.png\"\/><\/div><\/pee>[\/et_pb_code][\/et_pb_column][et_pb_column type=&#8220;1_3&#8243; module_class=&#8220;ps_product_page_card&#8220; _builder_version=&#8220;4.27.0&#8243; background_color=&#8220;#000000&#8243; custom_padding=&#8220;30px|30px|30px|30px|false|false&#8220; border_radii=&#8220;on|30px|30px|30px|30px&#8220; global_colors_info=&#8220;{}&#8220;][et_pb_wc_title _builder_version=&#8220;4.27.0&#8243; _module_preset=&#8220;default&#8220; header_font=&#8220;Barlow Condensed|||on|||||&#8220; header_text_color=&#8220;#FFFFFF&#8220; header_font_size=&#8220;45px&#8220; global_colors_info=&#8220;{}&#8220;][\/et_pb_wc_title][et_pb_text admin_label=&#8220;Custom Product Meta&#8220; _builder_version=&#8220;4.27.0&#8243; _module_preset=&#8220;default&#8220; global_colors_info=&#8220;{}&#8220;]<\/p>\n<div class='ps_cm_outer_wrapper'><div class='ps_cm_inner_wrapper'><div class='ps_cm_subtitle'>Cornischer Gin<\/div><div class='ps_cm_abv'>40% vol.<\/div><div class='ps_cm_packsize'>5cl \/ 35cl \/ 70cl<\/div><\/div><\/div>\n<p>[\/et_pb_text][et_pb_wc_price _builder_version=&#8220;4.27.0&#8243; _module_preset=&#8220;default&#8220; body_font=&#8220;|700|||||||&#8220; body_text_color=&#8220;#FFFFFF&#8220; body_font_size=&#8220;30px&#8220; custom_margin=&#8220;20px||20px||false|false&#8220; custom_padding=&#8220;||20px||false|false&#8220; border_width_bottom=&#8220;1px&#8220; border_color_bottom=&#8220;#131414&#8243; global_colors_info=&#8220;{}&#8220;][\/et_pb_wc_price][et_pb_wc_add_to_cart field_label_position=&#8220;inline&#8220; module_class=&#8220;ps_single_add_to_cart&#8220; _builder_version=&#8220;4.27.0&#8243; _module_preset=&#8220;default&#8220; fields_background_color=&#8220;#000000&#8243; fields_text_color=&#8220;#FFFFFF&#8220; fields_custom_padding=&#8220;0px||0px||false|false&#8220; dropdown_menus_background_color=&#8220;#000000&#8243; dropdown_menus_text_color=&#8220;#FFFFFF&#8220; field_label_text_color=&#8220;#FFFFFF&#8220; fields_font=&#8220;Lato||||||||&#8220; fields_font_size=&#8220;17px&#8220; dropdown_menus_font=&#8220;Lato||||||||&#8220; dropdown_menus_font_size=&#8220;17px&#8220; custom_button=&#8220;on&#8220; button_text_color=&#8220;#000000&#8243; button_bg_color=&#8220;#d68a47&#8243; button_border_color=&#8220;#d68a47&#8243; button_border_radius=&#8220;8px&#8220; button_font=&#8220;Lato||||||||&#8220; button_icon=&#8220;&#xe015;||divi||400&#8243; button_icon_color=&#8220;#FFFFFF&#8220; button_icon_placement=&#8220;left&#8220; button_on_hover=&#8220;off&#8220; border_radii_fields=&#8220;on|8px|8px|8px|8px&#8220; border_width_all_fields=&#8220;2px&#8220; border_color_all_fields=&#8220;#151515&#8243; border_width_all_dropdown_menus=&#8220;2px&#8220; border_color_all_dropdown_menus=&#8220;#151515&#8243; global_colors_info=&#8220;{}&#8220;][\/et_pb_wc_add_to_cart][et_pb_code admin_label=&#8220;&lt;p&gt;Merken &amp; Teilen&lt;\/p&gt;&#8220; module_class=&#8220;ps_single_notice_share&#8220; _builder_version=&#8220;4.27.0&#8243; _module_preset=&#8220;default&#8220; global_colors_info=&#8220;{}&#8220;]<\/p>\n<div class=\"ps-notice\"><!-- [et_pb_line_break_holder] -->\n<pee>Nicht zum Verkauf an Personen unter 18 Jahren.<!\u2013- [et_pb_br_holder] -\u2013><!-- [et_pb_line_break_holder] -->Einwegartikel.<\/pee>\n<!-- [et_pb_line_break_holder] --><\/div>\n<p><!-- [et_pb_line_break_holder] --><\/p>\n<div class=\"ps-share\"><!-- [et_pb_line_break_holder] -->\n<pee><!-- [et_pb_line_break_holder] --> Teilen Sie dies:<!-- [et_pb_line_break_holder] --><\/pee>\n<!-- [et_pb_line_break_holder] --> <div class=\"addtoany_shortcode\"><div class=\"a2a_kit a2a_kit_size_30 addtoany_list\" data-a2a-url=\"https:\/\/www.pocketfulofstones.com\/de\/produkt\/cornish-dry-gin\/\" data-a2a-title=\"Cornish Dry Gin\"><a class=\"a2a_button_facebook\" href=\"https:\/\/www.addtoany.com\/add_to\/facebook?linkurl=https%3A%2F%2Fwww.pocketfulofstones.com%2Fde%2Fprodukt%2Fcornish-dry-gin%2F&amp;linkname=Cornish%20Dry%20Gin\" title=\"Facebook\" rel=\"nofollow noopener\" target=\"_blank\"><\/a><a class=\"a2a_button_x\" href=\"https:\/\/www.addtoany.com\/add_to\/x?linkurl=https%3A%2F%2Fwww.pocketfulofstones.com%2Fde%2Fprodukt%2Fcornish-dry-gin%2F&amp;linkname=Cornish%20Dry%20Gin\" title=\"X\" rel=\"nofollow noopener\" target=\"_blank\"><\/a><a class=\"a2a_button_whatsapp\" href=\"https:\/\/www.addtoany.com\/add_to\/whatsapp?linkurl=https%3A%2F%2Fwww.pocketfulofstones.com%2Fde%2Fprodukt%2Fcornish-dry-gin%2F&amp;linkname=Cornish%20Dry%20Gin\" title=\"WhatsApp\" rel=\"nofollow noopener\" target=\"_blank\"><\/a><\/div><\/div><!-- [et_pb_line_break_holder] --><\/div>\n<p><!-- [et_pb_line_break_holder] -->[\/et_pb_code][et_pb_wc_description admin_label=&#8220;Woo Product Short Description&#8220; module_class=&#8220;ps_product_short_text&#8220; _builder_version=&#8220;4.27.0&#8243; _module_preset=&#8220;default&#8220; body_text_color=&#8220;#8b8e90&#8243; custom_margin=&#8220;15px||||false|false&#8220; border_width_top=&#8220;1px&#8220; border_color_top=&#8220;#131414&#8243; global_colors_info=&#8220;{}&#8220;][\/et_pb_wc_description][\/et_pb_column][et_pb_column type=&#8220;1_3&#8243; _builder_version=&#8220;4.27.0&#8243; _module_preset=&#8220;default&#8220; global_colors_info=&#8220;{}&#8220;][et_pb_text admin_label=&#8220;Copper Heading&#8220; _builder_version=&#8220;4.27.0&#8243; background_size=&#8220;initial&#8220; background_position=&#8220;top_left&#8220; background_repeat=&#8220;repeat&#8220; custom_margin=&#8220;130px||||false|false&#8220; custom_margin_tablet=&#8220;130px||||false|false&#8220; custom_margin_phone=&#8220;50px||||false|false&#8220; custom_margin_last_edited=&#8220;on|phone&#8220; use_border_color=&#8220;off&#8220; border_color=&#8220;#ffffff&#8220; border_style=&#8220;solid&#8220; global_colors_info=&#8220;{}&#8220;]<\/p>\n<h3>DER ERSTGEBORENE<\/h3>\n<p>[\/et_pb_text][et_pb_wc_description description_type=&#8220;description&#8220; admin_label=&#8220;Woo Product Description&#8220; module_class=&#8220;ps_product_description&#8220; _builder_version=&#8220;4.27.0&#8243; _module_preset=&#8220;default&#8220; body_text_color=&#8220;#6d6f71&#8243; custom_margin=&#8220;||||false|false&#8220; custom_margin_tablet=&#8220;||||false|false&#8220; custom_margin_phone=&#8220;||40px||false|false&#8220; custom_margin_last_edited=&#8220;on|phone&#8220; custom_padding=&#8220;|60px|||false|false&#8220; custom_padding_tablet=&#8220;|0px|||false|false&#8220; custom_padding_phone=&#8220;|0px|||false|false&#8220; custom_padding_last_edited=&#8220;on|desktop&#8220; global_colors_info=&#8220;{}&#8220;][\/et_pb_wc_description][\/et_pb_column][\/et_pb_row][et_pb_row _builder_version=&#8220;4.27.0&#8243; _module_preset=&#8220;default&#8220; width=&#8220;90%&#8220; global_colors_info=&#8220;{}&#8220;][et_pb_column type=&#8220;4_4&#8243; _builder_version=&#8220;4.27.0&#8243; _module_preset=&#8220;default&#8220; global_colors_info=&#8220;{}&#8220;]<\/p>\n<p>[et_pb_wc_related_products posts_number=&#8220;3&#8243; columns_number=&#8220;3&#8243; include_categories=&#8220;all&#8220; icon_hover_color=&#8220;RGBA(255,255,255,0)&#8220; hover_overlay_color=&#8220;RGBA(255,255,255,0)&#8220; _builder_version=&#8220;4.27.0&#8243; _module_preset=&#8220;default&#8220; title_font=&#8220;Lato||||||||&#8220; title_text_align=&#8220;left&#8220; title_text_color=&#8220;#FFFFFF&#8220; title_font_size=&#8220;20px&#8220; product_title_font=&#8220;Barlow Condensed||||||||&#8220; product_title_text_color=&#8220;#8b8e90&#8243; product_title_font_size=&#8220;30px&#8220; price_font=&#8220;|700|||||||&#8220; price_text_align=&#8220;right&#8220; price_text_color=&#8220;#FFFFFF&#8220; price_font_size=&#8220;25px&#8220; title_font_size_tablet=&#8220;20px&#8220; title_font_size_phone=&#8220;&#8220; title_font_size_last_edited=&#8220;on|desktop&#8220; product_title_font_size_tablet=&#8220;30px&#8220; product_title_font_size_phone=&#8220;23px&#8220; product_title_font_size_last_edited=&#8220;on|phone&#8220; price_font_size_tablet=&#8220;25px&#8220; price_font_size_phone=&#8220;18px&#8220; price_font_size_last_edited=&#8220;on|phone&#8220; global_colors_info=&#8220;{}&#8220;][\/et_pb_wc_related_products]<\/p>\n<p>[\/et_pb_column][\/et_pb_row][\/et_pb_section]<\/p>\n","protected":false},"excerpt":{"rendered":"<p>Geboren in West Penwith, haben wir uns von der Umgebung des Atlantiks inspirieren lassen. Von all ihren Stimmungen sind es diese klaren, frischen Fr\u00fchlingsmorgen, die uns am meisten gefallen. Unser Cornish Dry Gin ist knackig und erfrischend mit Tonic serviert, charmant in einem Martini und fesselnd in einem Negroni.<\/p>\n","protected":false},"featured_media":13006,"template":"","meta":{"_et_pb_use_builder":"on","_et_pb_old_content":"<h4>Die Geschichte<\/h4>\r\n<p>Ein klassischer Dry Gin mit vielen blumigen (Hibiskusbl\u00fcten) und zitrischen Noten (Zitronen- und Orangenschalen, Zitronengras, Zitronenverbene), einer Frische (japanischer Tee), L\u00e4nge und einem langen, herben Abgang (Ginster und Iris). Wir vergleichen es gerne mit den fr\u00fchen Fr\u00fchlingsmorgen in Cornwall. Wenn es noch ein bisschen kalt ist, das Meer kristallklar ist, aber Sie wissen, dass es noch zu kalt ist, um ins Wasser zu springen. Sie sind wahrscheinlich eingemummelt, aber Sie f\u00fchlen sich warm und es ist frisch und belebend. Sie kennen diese Vormittage. Der Cornish Dry Gin ist perfekt, wenn Sie ihn mit erstklassigem Tonic und einer Orangenspalte garnieren. Wir halten die Garnierung gerne einfach, damit der Geschmack und die Aromen des Gins zur Geltung kommen. Wir lieben diesen Gin auch in einem klassischen Negroni oder einem Dry Martini, aber zwei unserer Lieblingscocktails sind derzeit ein Dirty Gibson und ein Marmalade Cocktail.<\/p>\r\n<h4>Internationale Auszeichnungen<\/h4>\r\n<p><img class=\"alignnone size-full wp-image-1129\" src=\"https:\/\/www.pocketfulofstones.com\/wp-content\/uploads\/2020\/06\/awards-cornish-dry.png\" alt=\"\" width=\"534\" height=\"152\" \/><\/p>","_et_gb_content_width":""},"product_brand":[],"product_cat":[81,80],"product_tag":[82],"class_list":{"0":"post-14014","1":"product","2":"type-product","3":"status-publish","4":"has-post-thumbnail","6":"product_cat-gin-de","7":"product_cat-spirituosen","8":"product_tag-pocketful-of-stones-de","10":"first","11":"instock","12":"shipping-taxable","13":"purchasable","14":"product-type-simple"},"_links":{"self":[{"href":"https:\/\/www.pocketfulofstones.com\/de\/wp-json\/wp\/v2\/product\/14014","targetHints":{"allow":["GET"]}}],"collection":[{"href":"https:\/\/www.pocketfulofstones.com\/de\/wp-json\/wp\/v2\/product"}],"about":[{"href":"https:\/\/www.pocketfulofstones.com\/de\/wp-json\/wp\/v2\/types\/product"}],"wp:featuredmedia":[{"embeddable":true,"href":"https:\/\/www.pocketfulofstones.com\/de\/wp-json\/wp\/v2\/media\/13006"}],"wp:attachment":[{"href":"https:\/\/www.pocketfulofstones.com\/de\/wp-json\/wp\/v2\/media?parent=14014"}],"wp:term":[{"taxonomy":"product_brand","embeddable":true,"href":"https:\/\/www.pocketfulofstones.com\/de\/wp-json\/wp\/v2\/product_brand?post=14014"},{"taxonomy":"product_cat","embeddable":true,"href":"https:\/\/www.pocketfulofstones.com\/de\/wp-json\/wp\/v2\/product_cat?post=14014"},{"taxonomy":"product_tag","embeddable":true,"href":"https:\/\/www.pocketfulofstones.com\/de\/wp-json\/wp\/v2\/product_tag?post=14014"}],"curies":[{"name":"wp","href":"https:\/\/api.w.org\/{rel}","templated":true}]}}