{"id":13432,"date":"2020-07-01T09:00:35","date_gmt":"2020-07-01T09:00:35","guid":{"rendered":"https:\/\/www.pocketfulofstones.co.uk\/degustations\/"},"modified":"2025-07-22T10:46:45","modified_gmt":"2025-07-22T10:46:45","slug":"tastings","status":"publish","type":"page","link":"https:\/\/www.pocketfulofstones.com\/fr\/tastings\/","title":{"rendered":"D\u00e9gustations"},"content":{"rendered":"<p>[et_pb_section fb_built=\u00a0\u00bb1&Prime; fullwidth=\u00a0\u00bbon\u00a0\u00bb admin_label=\u00a0\u00bbSection\u00a0\u00bb _builder_version=\u00a0\u00bb4.16&Prime; custom_padding=\u00a0\u00bb0px|||\u00a0\u00bb transparent_background=\u00a0\u00bboff\u00a0\u00bb make_fullwidth=\u00a0\u00bboff\u00a0\u00bb use_custom_width=\u00a0\u00bboff\u00a0\u00bb width_unit=\u00a0\u00bbon\u00a0\u00bb global_colors_info=\u00a0\u00bb{}\u00a0\u00bb][et_pb_fullwidth_code disabled_on=\u00a0\u00bboff|off|off\u00a0\u00bb admin_label=\u00a0\u00bbFullwidth Code\u00a0\u00bb _builder_version=\u00a0\u00bb4.16&Prime; custom_css_main_element=\u00a0\u00bbpadding-top:0px !important;\u00a0\u00bb global_colors_info=\u00a0\u00bb{}\u00a0\u00bb]\n\t\t\t<!-- START ps_tastings REVOLUTION SLIDER 6.7.52 --><p class=\"rs-p-wp-fix\"><\/p>\n\t\t\t<rs-module-wrap id=\"rev_slider_5_1_wrapper\" data-source=\"gallery\" style=\"visibility:hidden;background:#333137;padding:0;margin:0px auto;margin-top:0;margin-bottom:0;\">\n\t\t\t\t<rs-module id=\"rev_slider_5_1\" style=\"\" data-version=\"6.7.52\">\n\t\t\t\t\t<rs-slides style=\"overflow: hidden; position: absolute;\">\n\t\t\t\t\t\t<rs-slide style=\"position: absolute;\" data-key=\"rs-127\" data-title=\"New Slide FR\" data-in=\"o:0;\" data-out=\"a:false;\">\n\t\t\t\t\t\t\t<img decoding=\"async\" src=\"\/\/www.pocketfulofstones.com\/wp-content\/plugins\/revslider\/sr6\/assets\/assets\/dummy.png\" alt=\"\" title=\"tastings_header\" width=\"1920\" height=\"680\" class=\"rev-slidebg tp-rs-img rs-lazyload\" data-lazyload=\"\/\/www.pocketfulofstones.co.uk\/wp-content\/uploads\/2020\/07\/tastings_header.jpg\" data-panzoom=\"d:7500ms;e:power0.inOut;ss:100%;se:100%;\" data-no-retina>\n<!--\n\t\t\t\t\t\t\t--><rs-layer\n\t\t\t\t\t\t\t\tid=\"slider-5-slide-127-layer-0\" \n\t\t\t\t\t\t\t\tclass=\"ps_slide_heading\"\n\t\t\t\t\t\t\t\tdata-type=\"text\"\n\t\t\t\t\t\t\t\tdata-color=\"#ffffff\"\n\t\t\t\t\t\t\t\tdata-rsp_ch=\"on\"\n\t\t\t\t\t\t\t\tdata-xy=\"x:100px;y:c;yo:219px;\"\n\t\t\t\t\t\t\t\tdata-text=\"w:normal;s:80;l:85;\"\n\t\t\t\t\t\t\t\tdata-frame_0=\"y:50;\"\n\t\t\t\t\t\t\t\tdata-frame_1=\"st:240;sp:1000;sR:240;\"\n\t\t\t\t\t\t\t\tdata-frame_999=\"o:0;e:power4.inOut;st:w;sp:1000;sR:3760;\"\n\t\t\t\t\t\t\t\tstyle=\"z-index:8;font-family:'Roboto';\"\n\t\t\t\t\t\t\t>D\u00c9GUSTATIONS<br \/>\nDE DISTILLERIE \n\t\t\t\t\t\t\t<\/rs-layer><!--\n-->\t\t\t\t\t<\/rs-slide>\n\t\t\t\t\t<\/rs-slides>\n\t\t\t\t<\/rs-module>\n\t\t\t\t<script>\n\t\t\t\t\tsetREVStartSize({c: 'rev_slider_5_1',rl:[1281,1280,778,480],el:[680],gw:[1280],gh:[680],type:'standard',justify:'',layout:'fullwidth',mh:\"0\"});if (window.RS_MODULES!==undefined && window.RS_MODULES.modules!==undefined && window.RS_MODULES.modules[\"revslider51\"]!==undefined) {window.RS_MODULES.modules[\"revslider51\"].once = false;window.revapi5 = undefined;if (window.RS_MODULES.checkMinimal!==undefined) window.RS_MODULES.checkMinimal()}\n\t\t\t\t<\/script>\n\t\t\t<\/rs-module-wrap>\n\t\t\t<!-- END REVOLUTION SLIDER -->\n[\/et_pb_fullwidth_code][\/et_pb_section][et_pb_section fb_built=\u00a0\u00bb1&Prime; custom_padding_last_edited=\u00a0\u00bbon|phone\u00a0\u00bb admin_label=\u00a0\u00bbSection\u00a0\u00bb module_id=\u00a0\u00bbps_home_products\u00a0\u00bb _builder_version=\u00a0\u00bb4.27.0&Prime; background_image=\u00a0\u00bbhttps:\/\/www.pocketfulofstones.com\/wp-content\/uploads\/2024\/07\/bg_2024_no_text.jpg\u00a0\u00bb parallax=\u00a0\u00bbon\u00a0\u00bb max_width=\u00a0\u00bb100%\u00a0\u00bb custom_padding=\u00a0\u00bb||100px|\u00a0\u00bb custom_padding_tablet=\u00a0\u00bb\u00a0\u00bb custom_padding_phone=\u00a0\u00bb||0px||false|false\u00a0\u00bb transparent_background=\u00a0\u00bboff\u00a0\u00bb make_fullwidth=\u00a0\u00bboff\u00a0\u00bb use_custom_width=\u00a0\u00bboff\u00a0\u00bb width_unit=\u00a0\u00bbon\u00a0\u00bb global_colors_info=\u00a0\u00bb{}\u00a0\u00bb][et_pb_row column_structure=\u00a0\u00bb1_2,1_2&Prime; make_equal=\u00a0\u00bbon\u00a0\u00bb custom_padding_last_edited=\u00a0\u00bbon|phone\u00a0\u00bb module_class=\u00a0\u00bbps_mobile_flexswap\u00a0\u00bb _builder_version=\u00a0\u00bb4.27.0&Prime; custom_margin=\u00a0\u00bb||50px||false|false\u00a0\u00bb custom_margin_tablet=\u00a0\u00bb||50px||false|false\u00a0\u00bb custom_margin_phone=\u00a0\u00bb||10px||false|false\u00a0\u00bb custom_margin_last_edited=\u00a0\u00bbon|phone\u00a0\u00bb custom_padding_tablet=\u00a0\u00bb\u00a0\u00bb custom_padding_phone=\u00a0\u00bb||0px||false|false\u00a0\u00bb global_colors_info=\u00a0\u00bb{}\u00a0\u00bb][et_pb_column type=\u00a0\u00bb1_2&Prime; _builder_version=\u00a0\u00bb4.16&Prime; custom_css_main_element=\u00a0\u00bbalign-self: center;\u00a0\u00bb global_colors_info=\u00a0\u00bb{}\u00a0\u00bb][et_pb_text module_class=\u00a0\u00bbtastingstext\u00a0\u00bb _builder_version=\u00a0\u00bb4.27.0&Prime; custom_padding=\u00a0\u00bb30px|||100px|false|false\u00a0\u00bb custom_padding_tablet=\u00a0\u00bb30px||0px|0px|false|false\u00a0\u00bb custom_padding_phone=\u00a0\u00bb||0px||false|false\u00a0\u00bb custom_padding_last_edited=\u00a0\u00bbon|desktop\u00a0\u00bb animation_style=\u00a0\u00bbfade\u00a0\u00bb hover_enabled=\u00a0\u00bb0&Prime; global_colors_info=\u00a0\u00bb{}\u00a0\u00bb sticky_enabled=\u00a0\u00bb0&Prime;]<\/p>\n<h3>D\u00e9gustation de gin en Cornouailles<\/h3>\n<p>D\u00e9couvrez l&rsquo;histoire, les saveurs et le pass\u00e9 du gin chez Pocketful of Stones.<\/p>\n<p><strong>Prix :<\/strong> Billet standard : 20 \u00a3, conducteur d\u00e9sign\u00e9 : 10 \u00a3.<\/p>\n<p><strong>Dur\u00e9e :<\/strong> 90 min \/ 2 heures<\/p>\n<p><strong>Emplacement :<\/strong> Notre magnifique bar au c\u0153ur de Penzance. 13 Causewayhead, Penzance, TR18 2SN. <\/p>\n<p>OU<\/p>\n<p>Notre boutique fantaisiste de Falmouth surplombe le port. 55 Church Street, Falmouth TR11 3DS <\/p>\n<p><strong>Horaires de d\u00e9gustation :<\/strong> Du lundi au samedi, \u00e0 12 heures et \u00e0 15 heures. R\u00e9servez le vendredi ou le samedi pour rester et profiter du bar apr\u00e8s votre d\u00e9gustation. <\/p>\n<p><a target=\"_self\" href=\"https:\/\/www.pocketfulofstones.co.uk\/product\/book-a-tasting\/\" class=\" kbutton\">faire une r\u00e9servation - Penzance<\/a> <a target=\"_self\" href=\"https:\/\/www.pocketfulofstones.co.uk\/product\/book-a-tasting-falmouth\/\" class=\" kbutton\">faire une r\u00e9servation - Falmouth<\/a><br \/><a target=\"_self\" href=\"https:\/\/www.pocketfulofstones.co.uk\/product\/tasting-gift-card\/\" class=\" kbutton\">acheter un bon<\/a>[\/et_pb_text][\/et_pb_column][et_pb_column type=\u00a0\u00bb1_2&Prime; _builder_version=\u00a0\u00bb4.16&Prime; custom_css_main_element=\u00a0\u00bbalign-self: center;\u00a0\u00bb global_colors_info=\u00a0\u00bb{}\u00a0\u00bb][et_pb_image src=\u00a0\u00bbhttps:\/\/www.pocketfulofstones.com\/wp-content\/uploads\/2020\/07\/tastings_image1.png\u00a0\u00bb title_text=\u00a0\u00bbtastings_image1&Prime; module_class=\u00a0\u00bbps_about_image\u00a0\u00bb _builder_version=\u00a0\u00bb4.16&Prime; animation_style=\u00a0\u00bbfade\u00a0\u00bb global_colors_info=\u00a0\u00bb{}\u00a0\u00bb][\/et_pb_image][\/et_pb_column][\/et_pb_row][et_pb_row _builder_version=\u00a0\u00bb4.27.0&Prime; _module_preset=\u00a0\u00bbdefault\u00a0\u00bb global_colors_info=\u00a0\u00bb{}\u00a0\u00bb][et_pb_column type=\u00a0\u00bb4_4&Prime; _builder_version=\u00a0\u00bb4.27.0&Prime; _module_preset=\u00a0\u00bbdefault\u00a0\u00bb global_colors_info=\u00a0\u00bb{}\u00a0\u00bb][et_pb_text _builder_version=\u00a0\u00bb4.27.0&Prime; _module_preset=\u00a0\u00bbdefault\u00a0\u00bb text_text_color=\u00a0\u00bb#FFFFFF\u00a0\u00bb header_text_color=\u00a0\u00bb#FFFFFF\u00a0\u00bb header_2_text_color=\u00a0\u00bb#FFFFFF\u00a0\u00bb header_3_text_color=\u00a0\u00bb#FFFFFF\u00a0\u00bb custom_margin=\u00a0\u00bb50px|100px|50px|100px|false|false\u00a0\u00bb custom_margin_tablet=\u00a0\u00bb50px|100px|50px|100px|false|false\u00a0\u00bb custom_margin_phone=\u00a0\u00bb10px|0px|10px|0px|false|false\u00a0\u00bb custom_margin_last_edited=\u00a0\u00bbon|desktop\u00a0\u00bb custom_padding=\u00a0\u00bb50px|50px|50px|50px|false|false\u00a0\u00bb custom_padding_tablet=\u00a0\u00bb50px|50px|50px|50px|false|false\u00a0\u00bb custom_padding_phone=\u00a0\u00bb20px|20px|20px|20px|false|false\u00a0\u00bb custom_padding_last_edited=\u00a0\u00bbon|phone\u00a0\u00bb border_width_all=\u00a0\u00bb6px\u00a0\u00bb border_color_all=\u00a0\u00bb#d68a47&Prime; global_colors_info=\u00a0\u00bb{}\u00a0\u00bb]<\/p>\n<h2>Ce qui est inclus dans une d\u00e9gustation de gin Pocketful of Stones<\/h2>\n<p><\/p>\n<p>&nbsp;<\/p>\n<p><\/p>\n<p><span style=\"font-weight: 400;\">Gin et tonic : boisson d&rsquo;arriv\u00e9e<\/span><\/p>\n<p><\/p>\n<p><span style=\"font-weight: 400;\">D\u00e9gustez une vari\u00e9t\u00e9 de gins artisanaux et prim\u00e9s avec l&rsquo;accompagnement de votre choix.<\/span><\/p>\n<p><\/p>\n<p><span style=\"font-weight: 400;\">Apprenez \u00e0 d\u00e9guster un gin comme un pro<\/span><\/p>\n<p><\/p>\n<p><span style=\"font-weight: 400;\">D\u00e9couvrez le processus de fabrication du gin et observez un alambic en cuivre en fonctionnement.<\/span><\/p>\n<p><\/p>\n<p><span style=\"font-weight: 400;\">Apprenez la diff\u00e9rence entre chaque type de gin<\/span><\/p>\n<p><\/p>\n<p><span style=\"font-weight: 400;\">D\u00e9couvrez l&rsquo;histoire de chacun de nos gins distill\u00e9s en petite quantit\u00e9.<\/span><\/p>\n<p><\/p>\n<p><span style=\"font-weight: 400;\">Les conducteurs d\u00e9sign\u00e9s re\u00e7oivent une miniature de 50 ml et un tonic de leur choix \u00e0 d\u00e9guster chez eux.<\/span><\/p>\n<p>[\/et_pb_text][\/et_pb_column][\/et_pb_row][et_pb_row column_structure=\u00a0\u00bb1_2,1_2&Prime; make_equal=\u00a0\u00bbon\u00a0\u00bb custom_padding_last_edited=\u00a0\u00bbon|phone\u00a0\u00bb module_class=\u00a0\u00bbps_mobile_flexswap\u00a0\u00bb _builder_version=\u00a0\u00bb4.27.0&Prime; custom_margin=\u00a0\u00bb||||false|false\u00a0\u00bb custom_padding_tablet=\u00a0\u00bb\u00a0\u00bb custom_padding_phone=\u00a0\u00bb||0px||false|false\u00a0\u00bb global_colors_info=\u00a0\u00bb{}\u00a0\u00bb][et_pb_column type=\u00a0\u00bb1_2&Prime; _builder_version=\u00a0\u00bb4.16&Prime; custom_css_main_element=\u00a0\u00bbalign-self: center;\u00a0\u00bb global_colors_info=\u00a0\u00bb{}\u00a0\u00bb][et_pb_image src=\u00a0\u00bbhttps:\/\/www.pocketfulofstones.com\/wp-content\/uploads\/2024\/08\/Gin-circle-2.png\u00a0\u00bb title_text=\u00a0\u00bbCercle de gin 2&Prime; align=\u00a0\u00bbright\u00a0\u00bb module_class=\u00a0\u00bbps_about_image\u00a0\u00bb _builder_version=\u00a0\u00bb4.27.0&Prime; custom_margin_tablet=\u00a0\u00bb\u00a0\u00bb custom_margin_phone=\u00a0\u00bb45px||||false|false\u00a0\u00bb custom_margin_last_edited=\u00a0\u00bbon|phone\u00a0\u00bb animation_style=\u00a0\u00bbfade\u00a0\u00bb global_colors_info=\u00a0\u00bb{}\u00a0\u00bb][\/et_pb_image][\/et_pb_column][et_pb_column type=\u00a0\u00bb1_2&Prime; _builder_version=\u00a0\u00bb4.16&Prime; custom_css_main_element=\u00a0\u00bbalign-self: center;\u00a0\u00bb global_colors_info=\u00a0\u00bb{}\u00a0\u00bb][et_pb_text module_class=\u00a0\u00bbtastingstext\u00a0\u00bb _builder_version=\u00a0\u00bb4.27.0&Prime; custom_margin_tablet=\u00a0\u00bb\u00a0\u00bb custom_margin_phone=\u00a0\u00bb||45px||false|false\u00a0\u00bb custom_margin_last_edited=\u00a0\u00bbon|phone\u00a0\u00bb custom_padding=\u00a0\u00bb30px|100px|||false|false\u00a0\u00bb custom_padding_tablet=\u00a0\u00bb30px||0px|0px|false|false\u00a0\u00bb custom_padding_phone=\u00a0\u00bb|0px|0px||false|false\u00a0\u00bb custom_padding_last_edited=\u00a0\u00bbon|desktop\u00a0\u00bb animation_style=\u00a0\u00bbfade\u00a0\u00bb global_colors_info=\u00a0\u00bb{}\u00a0\u00bb]<\/p>\n<h3>L&rsquo;histoire, les saveurs et<br \/>L&rsquo;histoire !<\/h3>\n<p><\/p>\n<p><span style=\"font-weight: 400;\">Votre aventure commence par la d\u00e9couverte du processus de fabrication du gin chez Pocketful of Stones et des riches histoires qui se cachent derri\u00e8re nos gins. Chacun d&rsquo;entre eux s&rsquo;inspire du folklore de Cornouailles et du paysage naturel accident\u00e9 qui nous entoure. <\/span><\/p>\n<p><\/p>\n<p><span style=\"font-weight: 400;\">Plongez dans les rouages de notre distillerie prim\u00e9e. \u00c0 ce stade de l&rsquo;exp\u00e9rience, vous pourrez voir un v\u00e9ritable alambic en cuivre en fonctionnement et d\u00e9couvrir le processus de fabrication du gin, de la cueillette \u00e0 la d\u00e9gustation. <\/span><\/p>\n<p><\/p>\n<p><span style=\"font-weight: 400;\">Avant que nous puissions vous faire go\u00fbter notre exquis gin artisanal, vous devrez d&rsquo;abord apprendre \u00e0 d\u00e9guster le gin comme un pro. D\u00e9couvrez comment identifier les vapeurs, les ingr\u00e9dients et les profils de saveurs uniques \u00e0 rechercher. <\/span><\/p>\n<p><\/p>\n<p><span style=\"font-weight: 400;\">Tout au long de l&rsquo;exp\u00e9rience, nous explorerons chaque type de gin et les d\u00e9gusterons au fur et \u00e0 mesure, mettant ainsi vos talents de d\u00e9gustateur \u00e0 l&rsquo;\u00e9preuve.<\/span><\/p>\n<p><\/p>\n<p><a target=\"_self\" href=\"https:\/\/www.pocketfulofstones.co.uk\/product\/book-a-tasting\/\" class=\" kbutton\">faire une r\u00e9servation - Penzance<\/a> <a target=\"_self\" href=\"https:\/\/www.pocketfulofstones.co.uk\/product\/book-a-tasting-falmouth\/\" class=\" kbutton\">faire une r\u00e9servation - Falmouth<\/a> <\/p>\n<p><\/p>\n<a target=\"_self\" href=\"https:\/\/www.pocketfulofstones.co.uk\/product\/tasting-gift-card\/\" class=\" kbutton\">acheter un bon<\/a>\n<p>[\/et_pb_text][\/et_pb_column][\/et_pb_row][et_pb_row _builder_version=\u00a0\u00bb4.16&Prime; custom_margin=\u00a0\u00bb60px||||false|false\u00a0\u00bb custom_margin_tablet=\u00a0\u00bb0px||||false|false\u00a0\u00bb custom_margin_phone=\u00a0\u00bb0px||||false|false\u00a0\u00bb custom_margin_last_edited=\u00a0\u00bbon|phone\u00a0\u00bb global_colors_info=\u00a0\u00bb{}\u00a0\u00bb][et_pb_column type=\u00a0\u00bb4_4&Prime; _builder_version=\u00a0\u00bb4.16&Prime; global_colors_info=\u00a0\u00bb{}\u00a0\u00bb][et_pb_image src=\u00a0\u00bbhttps:\/\/www.pocketfulofstones.com\/wp-content\/uploads\/2020\/07\/tastings_image2.jpg\u00a0\u00bb title_text=\u00a0\u00bbtastings_image2&Prime; align=\u00a0\u00bbcenter\u00a0\u00bb _builder_version=\u00a0\u00bb4.16&Prime; global_colors_info=\u00a0\u00bb{}\u00a0\u00bb][\/et_pb_image][\/et_pb_column][\/et_pb_row][\/et_pb_section][et_pb_section fb_built=\u00a0\u00bb1&Prime; admin_label=\u00a0\u00bbSection\u00a0\u00bb _builder_version=\u00a0\u00bb4.16&Prime; background_image=\u00a0\u00bbhttps:\/\/www.pocketfulofstones.com\/wp-content\/uploads\/2020\/04\/parallax1.jpg\u00a0\u00bb parallax=\u00a0\u00bbon\u00a0\u00bb parallax_method=\u00a0\u00bboff\u00a0\u00bb custom_padding=\u00a0\u00bb40px||40px|\u00a0\u00bb custom_css_main_element=\u00a0\u00bbbackground-position: center center !important;\u00a0\u00bb transparent_background=\u00a0\u00bboff\u00a0\u00bb make_fullwidth=\u00a0\u00bboff\u00a0\u00bb use_custom_width=\u00a0\u00bboff\u00a0\u00bb width_unit=\u00a0\u00bbon\u00a0\u00bb global_colors_info=\u00a0\u00bb{}\u00a0\u00bb][et_pb_row admin_label=\u00a0\u00bbRang\u00e9e\u00a0\u00bb _builder_version=\u00a0\u00bb4.16&Prime; background_size=\u00a0\u00bbinitial\u00a0\u00bb background_position=\u00a0\u00bbtop_left\u00a0\u00bb background_repeat=\u00a0\u00bbrepeat\u00a0\u00bb custom_padding=\u00a0\u00bb0px|0px|0px|0px\u00a0\u00bb make_fullwidth=\u00a0\u00bboff\u00a0\u00bb use_custom_width=\u00a0\u00bboff\u00a0\u00bb width_unit=\u00a0\u00bbon\u00a0\u00bb global_colors_info=\u00a0\u00bb{}\u00a0\u00bb][et_pb_column type=\u00a0\u00bb4_4&Prime; _builder_version=\u00a0\u00bb4.16&Prime; custom_padding=\u00a0\u00bb|||\u00a0\u00bb global_colors_info=\u00a0\u00bb{}\u00a0\u00bb custom_padding__hover=\u00a0\u00bb|||\u00a0\u00bb][et_pb_image src=\u00a0\u00bbhttps:\/\/www.pocketfulofstones.com\/wp-content\/uploads\/2020\/05\/distilled_with_passion.png\u00a0\u00bb align=\u00a0\u00bbcenter\u00a0\u00bb force_fullwidth=\u00a0\u00bbon\u00a0\u00bb align_tablet=\u00a0\u00bbcenter\u00a0\u00bb align_phone=\u00a0\u00bb\u00a0\u00bb align_last_edited=\u00a0\u00bbon|desktop\u00a0\u00bb admin_label=\u00a0\u00bbImage\u00a0\u00bb _builder_version=\u00a0\u00bb4.16&Prime; animation_style=\u00a0\u00bbfade\u00a0\u00bb animation_duration=\u00a0\u00bb500ms\u00a0\u00bb use_border_color=\u00a0\u00bboff\u00a0\u00bb border_color=\u00a0\u00bb#ffffff\u00a0\u00bb border_style=\u00a0\u00bbsolid\u00a0\u00bb animation=\u00a0\u00bbfade_in\u00a0\u00bb sticky=\u00a0\u00bboff\u00a0\u00bb always_center_on_mobile=\u00a0\u00bbon\u00a0\u00bb global_colors_info=\u00a0\u00bb{}\u00a0\u00bb][\/et_pb_image][\/et_pb_column][\/et_pb_row][\/et_pb_section][et_pb_section fb_built=\u00a0\u00bb1&Prime; custom_padding_last_edited=\u00a0\u00bbon|desktop\u00a0\u00bb admin_label=\u00a0\u00bbSection\u00a0\u00bb _builder_version=\u00a0\u00bb4.4.8&Prime; background_color=\u00a0\u00bb#333137&Prime; custom_padding=\u00a0\u00bb0px||20px||false|false\u00a0\u00bb custom_padding_tablet=\u00a0\u00bb\u00a0\u00bb custom_padding_phone=\u00a0\u00bb\u00a0\u00bb transparent_background=\u00a0\u00bboff\u00a0\u00bb make_fullwidth=\u00a0\u00bboff\u00a0\u00bb use_custom_width=\u00a0\u00bboff\u00a0\u00bb width_unit=\u00a0\u00bbon\u00a0\u00bb global_module=\u00a0\u00bb168&Prime; collapsed=\u00a0\u00bboff\u00a0\u00bb global_colors_info=\u00a0\u00bb{}\u00a0\u00bb][et_pb_row admin_label=\u00a0\u00bbRang\u00e9e\u00a0\u00bb module_class=\u00a0\u00bb et_pb_row_fullwidth\u00a0\u00bb _builder_version=\u00a0\u00bb4.16&Prime; background_size=\u00a0\u00bbinitial\u00a0\u00bb background_position=\u00a0\u00bbtop_left\u00a0\u00bb background_repeat=\u00a0\u00bbrepeat\u00a0\u00bb width=\u00a0\u00bb100%\u00a0\u00bb width_tablet=\u00a0\u00bb100%\u00a0\u00bb width_phone=\u00a0\u00bb\u00a0\u00bb width_last_edited=\u00a0\u00bbon|desktop\u00a0\u00bb max_width=\u00a0\u00bb100%\u00a0\u00bb max_width_tablet=\u00a0\u00bb100%\u00a0\u00bb max_width_phone=\u00a0\u00bb\u00a0\u00bb max_width_last_edited=\u00a0\u00bbon|desktop\u00a0\u00bb custom_padding=\u00a0\u00bb||0px||false|false\u00a0\u00bb make_fullwidth=\u00a0\u00bbon\u00a0\u00bb use_custom_width=\u00a0\u00bboff\u00a0\u00bb width_unit=\u00a0\u00bbon\u00a0\u00bb global_colors_info=\u00a0\u00bb{}\u00a0\u00bb][et_pb_column type=\u00a0\u00bb4_4&Prime; _builder_version=\u00a0\u00bb4.16&Prime; custom_padding=\u00a0\u00bb|||\u00a0\u00bb global_colors_info=\u00a0\u00bb{}\u00a0\u00bb custom_padding__hover=\u00a0\u00bb|||\u00a0\u00bb][et_pb_code admin_label=\u00a0\u00bbCode de retournement du logo\u00a0\u00bb _builder_version=\u00a0\u00bb4.16&Prime; global_colors_info=\u00a0\u00bb{}\u00a0\u00bb]<div class='footer_brands'><a href='https:\/\/www.pocketfulofstones.com\/fr\/tastings\/' class='branding spacer'><\/a><a href='https:\/\/www.pocketfulofstones.com\/fr\/cornish-dry-gin\/' class='branding cornish-dry-gin'><\/a><a href='https:\/\/www.pocketfulofstones.com\/fr\/midsummer-cornish-gin\/' class='branding midsummer-cornish-gin'><\/a><a href='https:\/\/www.pocketfulofstones.com\/fr\/marmelade-old-tom-gin\/' class='branding marmalade-old-tom-gin'><\/a><a href='https:\/\/www.pocketfulofstones.com\/fr\/dandelion-and-burdock-gin\/' class='branding dandelion-and-burdock-gin'><\/a><a href='https:\/\/www.pocketfulofstones.com\/fr\/dandelion-and-burdock-gin\/' class='branding spacer'><\/a><a href='https:\/\/www.pocketfulofstones.com\/fr\/dandelion-and-burdock-gin\/' class='branding spacer'><\/a><a href='https:\/\/www.pocketfulofstones.com\/fr\/damson-gin\/' class='branding damson-gin'><\/a><a href='https:\/\/www.pocketfulofstones.com\/fr\/summercup\/' class='branding summercup'><\/a><a href='https:\/\/www.pocketfulofstones.com\/fr\/pilgrim-galaxy-hop-gin\/' class='branding pilgrim-galaxy-hop-gin'><\/a><a href='https:\/\/www.pocketfulofstones.com\/fr\/dr-squid-gin\/' class='branding dr-squid-gin'><\/a><a href='https:\/\/www.pocketfulofstones.com\/fr\/dr-squid-gin\/' class='branding spacer'><\/a><a href='https:\/\/www.pocketfulofstones.com\/fr\/dr-squid-gin\/' class='branding spacer'><\/a><a href='https:\/\/www.pocketfulofstones.com\/fr\/lost-mexican-reposado-agave\/' class='branding lost-mexican-reposado-agave'><\/a><a href='https:\/\/www.pocketfulofstones.com\/fr\/lost-mexican-el-cafe-agave\/' class='branding lost-mexican-el-cafe-agave'><\/a><a href='https:\/\/www.pocketfulofstones.com\/fr\/lost-mexican-blanco-agave\/' class='branding lost-mexican-blanco-agave'><\/a><a href='https:\/\/www.pocketfulofstones.com\/fr\/hells-stone-whisky\/' class='branding hells-stone-whisky'><\/a><a href='https:\/\/www.pocketfulofstones.com\/fr\/hells-stone-whisky\/' class='branding spacer'><\/a><a href='https:\/\/www.pocketfulofstones.com\/fr\/hells-stone-whisky\/' class='branding spacer'><\/a><a href='https:\/\/www.pocketfulofstones.com\/fr\/absinthe\/' class='branding absinthe'><\/a><a href='https:\/\/www.pocketfulofstones.com\/fr\/cider-brandy\/' class='branding cider-brandy'><\/a><a href='https:\/\/www.pocketfulofstones.com\/fr\/cornish-vodka\/' class='branding cornish-vodka'><\/a><a href='https:\/\/www.pocketfulofstones.com\/fr\/king-of-prussia-spiced-rum\/' class='branding king-of-prussia-spiced-rum'><\/a><a href='https:\/\/www.pocketfulofstones.com\/fr\/king-of-prussia-spiced-rum\/' class='branding spacer'><\/a><div class='clear'><\/div><\/div>[\/et_pb_code][\/et_pb_column][\/et_pb_row][\/et_pb_section]<\/p>\n","protected":false},"excerpt":{"rendered":"<p>\n\t\t\t<!-- START ps_tastings REVOLUTION SLIDER 6.7.52 --><p class=\"rs-p-wp-fix\"><\/p>\n\t\t\t<rs-module-wrap id=\"rev_slider_5_2_wrapper\" data-source=\"gallery\" style=\"visibility:hidden;background:#333137;padding:0;margin:0px auto;margin-top:0;margin-bottom:0;\">\n\t\t\t\t<rs-module id=\"rev_slider_5_2\" style=\"\" data-version=\"6.7.52\">\n\t\t\t\t\t<rs-slides style=\"overflow: hidden; position: absolute;\">\n\t\t\t\t\t\t<rs-slide style=\"position: absolute;\" data-key=\"rs-127\" data-title=\"New Slide FR\" data-in=\"o:0;\" data-out=\"a:false;\">\n\t\t\t\t\t\t\t<img decoding=\"async\" src=\"\/\/www.pocketfulofstones.com\/wp-content\/plugins\/revslider\/sr6\/assets\/assets\/dummy.png\" alt=\"\" title=\"tastings_header\" width=\"1920\" height=\"680\" class=\"rev-slidebg tp-rs-img rs-lazyload\" data-lazyload=\"\/\/www.pocketfulofstones.co.uk\/wp-content\/uploads\/2020\/07\/tastings_header.jpg\" data-panzoom=\"d:7500ms;e:power0.inOut;ss:100%;se:100%;\" data-no-retina>\n<!--\n\t\t\t\t\t\t\t--><rs-layer\n\t\t\t\t\t\t\t\tid=\"slider-5-slide-127-layer-0\" \n\t\t\t\t\t\t\t\tclass=\"ps_slide_heading\"\n\t\t\t\t\t\t\t\tdata-type=\"text\"\n\t\t\t\t\t\t\t\tdata-color=\"#ffffff\"\n\t\t\t\t\t\t\t\tdata-rsp_ch=\"on\"\n\t\t\t\t\t\t\t\tdata-xy=\"x:100px;y:c;yo:219px;\"\n\t\t\t\t\t\t\t\tdata-text=\"w:normal;s:80;l:85;\"\n\t\t\t\t\t\t\t\tdata-frame_0=\"y:50;\"\n\t\t\t\t\t\t\t\tdata-frame_1=\"st:240;sp:1000;sR:240;\"\n\t\t\t\t\t\t\t\tdata-frame_999=\"o:0;e:power4.inOut;st:w;sp:1000;sR:3760;\"\n\t\t\t\t\t\t\t\tstyle=\"z-index:8;font-family:'Roboto';\"\n\t\t\t\t\t\t\t>D\u00c9GUSTATIONS<br \/>\nDE DISTILLERIE \n\t\t\t\t\t\t\t<\/rs-layer><!--\n-->\t\t\t\t\t<\/rs-slide>\n\t\t\t\t\t<\/rs-slides>\n\t\t\t\t<\/rs-module>\n\t\t\t\t<script>\n\t\t\t\t\tsetREVStartSize({c: 'rev_slider_5_2',rl:[1281,1280,778,480],el:[680],gw:[1280],gh:[680],type:'standard',justify:'',layout:'fullwidth',mh:\"0\"});if (window.RS_MODULES!==undefined && window.RS_MODULES.modules!==undefined && window.RS_MODULES.modules[\"revslider52\"]!==undefined) {window.RS_MODULES.modules[\"revslider52\"].once = false;window.revapi5_2 = undefined;if (window.RS_MODULES.checkMinimal!==undefined) window.RS_MODULES.checkMinimal()}\n\t\t\t\t<\/script>\n\t\t\t<\/rs-module-wrap>\n\t\t\t<!-- END REVOLUTION SLIDER -->\nD\u00e9gustation de gin en CornouaillesD\u00e9couvrez l&rsquo;histoire, les saveurs et le pass\u00e9 du gin chez Pocketful of Stones.Prix : Billet standard : 20 \u00a3, conducteur d\u00e9sign\u00e9 : 10 \u00a3.Dur\u00e9e : 90 min \/ 2 heuresEmplacement : Notre magnifique bar au c\u0153ur de Penzance. 13 Causewayhead, Penzance, TR18 2SN. OUNotre boutique fantaisiste de Falmouth surplombe le [&hellip;]<\/p>\n","protected":false},"author":4,"featured_media":13165,"parent":0,"menu_order":0,"comment_status":"closed","ping_status":"closed","template":"","meta":{"_et_pb_use_builder":"on","_et_pb_old_content":"","_et_gb_content_width":"","footnotes":""},"class_list":["post-13432","page","type-page","status-publish","has-post-thumbnail","hentry"],"_links":{"self":[{"href":"https:\/\/www.pocketfulofstones.com\/fr\/wp-json\/wp\/v2\/pages\/13432","targetHints":{"allow":["GET"]}}],"collection":[{"href":"https:\/\/www.pocketfulofstones.com\/fr\/wp-json\/wp\/v2\/pages"}],"about":[{"href":"https:\/\/www.pocketfulofstones.com\/fr\/wp-json\/wp\/v2\/types\/page"}],"author":[{"embeddable":true,"href":"https:\/\/www.pocketfulofstones.com\/fr\/wp-json\/wp\/v2\/users\/4"}],"replies":[{"embeddable":true,"href":"https:\/\/www.pocketfulofstones.com\/fr\/wp-json\/wp\/v2\/comments?post=13432"}],"version-history":[{"count":5,"href":"https:\/\/www.pocketfulofstones.com\/fr\/wp-json\/wp\/v2\/pages\/13432\/revisions"}],"predecessor-version":[{"id":14894,"href":"https:\/\/www.pocketfulofstones.com\/fr\/wp-json\/wp\/v2\/pages\/13432\/revisions\/14894"}],"wp:featuredmedia":[{"embeddable":true,"href":"https:\/\/www.pocketfulofstones.com\/fr\/wp-json\/wp\/v2\/media\/13165"}],"wp:attachment":[{"href":"https:\/\/www.pocketfulofstones.com\/fr\/wp-json\/wp\/v2\/media?parent=13432"}],"curies":[{"name":"wp","href":"https:\/\/api.w.org\/{rel}","templated":true}]}}