{"id":14415,"date":"2024-11-19T12:08:11","date_gmt":"2024-11-19T12:08:11","guid":{"rendered":"https:\/\/www.pocketfulofstones.co.uk\/livraison-et-retours\/"},"modified":"2025-07-29T09:00:47","modified_gmt":"2025-07-29T09:00:47","slug":"delivery-returns","status":"publish","type":"page","link":"https:\/\/www.pocketfulofstones.com\/fr\/delivery-returns\/","title":{"rendered":"Livraison et retours"},"content":{"rendered":"<p>[et_pb_section fb_built=\u00a0\u00bb1&Prime; admin_label=\u00a0\u00bbsection\u00a0\u00bb module_class=\u00a0\u00bbps-info-page\u00a0\u00bb _builder_version=\u00a0\u00bb4.27.4&Prime; background_color=\u00a0\u00bb#232226&Prime; global_colors_info=\u00a0\u00bb{}\u00a0\u00bb][et_pb_row admin_label=\u00a0\u00bbrang\u00e9e\u00a0\u00bb _builder_version=\u00a0\u00bb4.16&Prime; background_size=\u00a0\u00bbinitial\u00a0\u00bb background_position=\u00a0\u00bbtop_left\u00a0\u00bb background_repeat=\u00a0\u00bbrepeat\u00a0\u00bb global_colors_info=\u00a0\u00bb{}\u00a0\u00bb][et_pb_column type=\u00a0\u00bb4_4&Prime; _builder_version=\u00a0\u00bb4.16&Prime; custom_padding=\u00a0\u00bb|||\u00a0\u00bb global_colors_info=\u00a0\u00bb{}\u00a0\u00bb custom_padding__hover=\u00a0\u00bb|||\u00a0\u00bb][et_pb_text admin_label=\u00a0\u00bbText\u00a0\u00bb _builder_version=\u00a0\u00bb4.27.4&Prime; text_text_color=\u00a0\u00bb#ffffff\u00a0\u00bb background_size=\u00a0\u00bbinitial\u00a0\u00bb background_position=\u00a0\u00bbtop_left\u00a0\u00bb background_repeat=\u00a0\u00bbrepeat\u00a0\u00bb hover_enabled=\u00a0\u00bb0&Prime; use_border_color=\u00a0\u00bboff\u00a0\u00bb border_color=\u00a0\u00bb#ffffff\u00a0\u00bb border_style=\u00a0\u00bbsolid\u00a0\u00bb global_colors_info=\u00a0\u00bb{}\u00a0\u00bb sticky_enabled=\u00a0\u00bb0&Prime;]<\/p>\n<h3>LIVRAISON<\/h3>\n<h4>Commandes au Royaume-Uni<\/h4>\n<p>Pocketful of Stones Distillers Limited propose une livraison standard et express au Royaume-Uni pour toutes les commandes (\u00e0 l&rsquo;exception des jours f\u00e9ri\u00e9s et des week-ends).<\/p>\n<table>\n<tbody>\n<tr>\n<td>\u00a0<\/td>\n<td><strong>Prix<\/strong><\/td>\n<td><strong>Option de livraison<\/strong><\/td>\n<td><strong>D\u00e9lai<\/strong><\/td>\n<\/tr>\n<tr>\n<td><strong>Commandes de plus de 30 euros<\/strong><\/td>\n<td>Gratuit<\/td>\n<td>Livraison standard<\/td>\n<td>3-4 jours ouvrables (lun-ven) si la commande est pass\u00e9e avant midi<\/td>\n<\/tr>\n<tr>\n<td><strong>Commandes jusqu&rsquo;\u00e0 \u00a329.99<\/strong><\/td>\n<td>\u00a34.79<\/td>\n<td>Livraison standard<\/td>\n<td>3-4 jours ouvrables (lun-ven) si la commande est pass\u00e9e avant midi<\/td>\n<\/tr>\n<tr>\n<td><strong>Toute commande<\/strong><\/td>\n<td>\u00a36.00<\/td>\n<td>Livraison le lendemain<\/td>\n<td>Livraison le lendemain (du lundi au vendredi) si la commande est pass\u00e9e avant midi.<\/td>\n<\/tr>\n<\/tbody>\n<\/table>\n<h4>Commandes internationales<\/h4>\n<p>Nous livrons actuellement uniquement dans les pays europ\u00e9ens suivants :<\/p>\n<table>\n<tbody>\n<tr>\n<td>\u00a0<\/td>\n<td><strong>Prix<\/strong><\/td>\n<td><strong>Option de livraison<\/strong><\/td>\n<td><strong>D\u00e9lai<\/strong><\/td>\n<\/tr>\n<tr>\n<td><strong>Belgique, France, Allemagne, Pays-Bas<\/strong><\/td>\n<td>\u20ac5.99<\/td>\n<td>Livraison standard<\/td>\n<td>2-4 jours ouvrables (lun-ven)<\/td>\n<\/tr>\n<tr>\n<td><strong>Autriche<\/strong><\/td>\n<td>\u20ac8.50<\/td>\n<td>Livraison standard<\/td>\n<td>2-4 jours ouvrables (lun-ven)<\/td>\n<\/tr>\n<tr>\n<td><strong>Danemark<\/strong><\/td>\n<td>kr65.00<\/td>\n<td>Livraison standard<\/td>\n<td>2-4 jours ouvrables (lun-ven)<\/td>\n<\/tr>\n<\/tbody>\n<\/table>\n<p>Une fois que votre commande a quitt\u00e9 notre entrep\u00f4t, vous recevrez une confirmation d&rsquo;exp\u00e9dition avec des informations de suivi de la part de notre partenaire d&rsquo;exp\u00e9dition.<br \/>Veuillez noter que tous les d\u00e9lais de livraison indiqu\u00e9s sont donn\u00e9s \u00e0 titre indicatif. Nous nous effor\u00e7ons toujours d&rsquo;exp\u00e9dier et de livrer votre commande \u00e0 temps. Cependant, il peut arriver que nous soyons affect\u00e9s par des facteurs ind\u00e9pendants de notre volont\u00e9 et que les commandes soient retard\u00e9es. Si votre commande est retard\u00e9e, veuillez nous envoyer un courriel \u00e0 <a href=\"mailto:distillery@pocketfulofstones.com\">distillery@pocketfulofstones.com<\/a> et nous v\u00e9rifierons l&rsquo;\u00e9tat de la commande pour vous.<\/p>\n<h3>Retours et \u00e9changes<\/h3>\n<h4>Politique de retour<\/h4>\n<p>Si, \u00e0 la livraison de votre commande, vous changez d&rsquo;avis et souhaitez retourner tout ou partie de votre commande pour quelque raison que ce soit, vous pouvez le faire dans un d\u00e9lai de 14 jours ouvrables \u00e0 compter de la livraison.<br \/>Les bouteilles ne doivent pas avoir \u00e9t\u00e9 ouvertes et les frais de retour sont \u00e0 votre charge (emballage ad\u00e9quat). Nous rembourserons votre carte de paiement d&rsquo;un montant \u00e9quivalent aux produits retourn\u00e9s dans un d\u00e9lai de 30 jours.<\/p>\n<h4>Paquets endommag\u00e9s ou incorrects<\/h4>\n<p>Si, \u00e0 la livraison de votre commande, les marchandises sont endommag\u00e9es ou incorrectes, veuillez envoyer par courriel votre num\u00e9ro de commande et la preuve du dommage \u00e0 <a href=\"mailto:distillery@pocketfulofstones.com\">distillery@pocketfulofstones.com<\/a>. Veuillez fournir autant d&rsquo;informations que possible, y compris votre num\u00e9ro de commande et les d\u00e9tails du dommage, y compris des photographies. Nous prendrons les dispositions n\u00e9cessaires pour que votre commande vous soit renvoy\u00e9e \u00e0 nos frais et nous ferons de notre mieux pour vous fournir un produit de remplacement si celui-ci est disponible. Si un article de remplacement n&rsquo;est pas disponible, nous vous rembourserons uniquement le prix total de l&rsquo;article. Aucune indemnit\u00e9 ne sera vers\u00e9e. Vos droits statutaires ne sont pas affect\u00e9s.<\/p>\n<h4>\u00c9changes<\/h4>\n<p>Le moyen le plus rapide de vous assurer d&rsquo;obtenir ce que vous voulez est de retourner l&rsquo;article que vous avez et, une fois le retour accept\u00e9, d&rsquo;effectuer un achat s\u00e9par\u00e9 pour le nouvel article.<\/p>\n<h4>Remboursements<\/h4>\n<p>Nous vous informerons d\u00e8s que nous aurons re\u00e7u et inspect\u00e9 votre retour, et nous vous ferons savoir si le remboursement a \u00e9t\u00e9 approuv\u00e9 ou non. Si le remboursement est approuv\u00e9, vous serez automatiquement rembours\u00e9 par le biais de votre mode de paiement d&rsquo;origine. N&rsquo;oubliez pas que le traitement et l&rsquo;affichage du remboursement par votre banque ou votre soci\u00e9t\u00e9 de carte de cr\u00e9dit peuvent prendre un certain temps.<\/p>\n<p>[\/et_pb_text][\/et_pb_column][\/et_pb_row][\/et_pb_section]<\/p>\n","protected":false},"excerpt":{"rendered":"<p>LIVRAISON Commandes au Royaume-Uni Pocketful of Stones Distillers Limited propose une livraison standard et express au Royaume-Uni pour toutes les commandes (\u00e0 l&rsquo;exception des jours f\u00e9ri\u00e9s et des week-ends). \u00a0 Prix Option de livraison D\u00e9lai Commandes de plus de 30 euros Gratuit Livraison standard 3-4 jours ouvrables (lun-ven) si la commande est pass\u00e9e avant midi [&hellip;]<\/p>\n","protected":false},"author":4,"featured_media":0,"parent":0,"menu_order":0,"comment_status":"closed","ping_status":"closed","template":"","meta":{"_et_pb_use_builder":"on","_et_pb_old_content":"","_et_gb_content_width":"","footnotes":""},"class_list":["post-14415","page","type-page","status-publish","hentry"],"_links":{"self":[{"href":"https:\/\/www.pocketfulofstones.com\/fr\/wp-json\/wp\/v2\/pages\/14415","targetHints":{"allow":["GET"]}}],"collection":[{"href":"https:\/\/www.pocketfulofstones.com\/fr\/wp-json\/wp\/v2\/pages"}],"about":[{"href":"https:\/\/www.pocketfulofstones.com\/fr\/wp-json\/wp\/v2\/types\/page"}],"author":[{"embeddable":true,"href":"https:\/\/www.pocketfulofstones.com\/fr\/wp-json\/wp\/v2\/users\/4"}],"replies":[{"embeddable":true,"href":"https:\/\/www.pocketfulofstones.com\/fr\/wp-json\/wp\/v2\/comments?post=14415"}],"version-history":[{"count":5,"href":"https:\/\/www.pocketfulofstones.com\/fr\/wp-json\/wp\/v2\/pages\/14415\/revisions"}],"predecessor-version":[{"id":15318,"href":"https:\/\/www.pocketfulofstones.com\/fr\/wp-json\/wp\/v2\/pages\/14415\/revisions\/15318"}],"wp:attachment":[{"href":"https:\/\/www.pocketfulofstones.com\/fr\/wp-json\/wp\/v2\/media?parent=14415"}],"curies":[{"name":"wp","href":"https:\/\/api.w.org\/{rel}","templated":true}]}}