{"id":13470,"date":"2024-07-31T07:56:17","date_gmt":"2024-07-31T07:56:17","guid":{"rendered":"https:\/\/www.pocketfulofstones.co.uk\/product\/pen-sans-summer-cup\/"},"modified":"2025-07-22T11:06:17","modified_gmt":"2025-07-22T11:06:17","slug":"summercup","status":"publish","type":"product","link":"https:\/\/www.pocketfulofstones.com\/fr\/produit\/summercup\/","title":{"rendered":"Pen Sans Summer Cup"},"content":{"rendered":"<p>[et_pb_section fb_built=\u00a0\u00bb1&Prime; _builder_version=\u00a0\u00bb4.27.0&Prime; background_image=\u00a0\u00bbhttps:\/\/www.pocketfulofstones.com\/wp-content\/uploads\/2021\/05\/summercup-1-4_2021-For-Web.jpg\u00a0\u00bb global_colors_info=\u00a0\u00bb{}\u00a0\u00bb][et_pb_row column_structure=\u00a0\u00bb1_2,1_2&Prime; module_class=\u00a0\u00bbps_product_hero\u00a0\u00bb _builder_version=\u00a0\u00bb4.16&Prime; locked=\u00a0\u00bboff\u00a0\u00bb global_colors_info=\u00a0\u00bb{}\u00a0\u00bb][et_pb_column type=\u00a0\u00bb1_2&Prime; _builder_version=\u00a0\u00bb4.16&Prime; global_colors_info=\u00a0\u00bb{}\u00a0\u00bb][\/et_pb_column][et_pb_column type=\u00a0\u00bb1_2&Prime; _builder_version=\u00a0\u00bb4.16&Prime; global_colors_info=\u00a0\u00bb{}\u00a0\u00bb][et_pb_image src=\u00a0\u00bbhttps:\/\/www.pocketfulofstones.com\/wp-content\/uploads\/2021\/05\/ps_header_text_summercup_2021-2.png\u00a0\u00bb alt=\u00a0\u00bbLogo du Cider Brandy\u00a0\u00bb title_text=\u00a0\u00bbps_header_text_summercup_2021-2&Prime; align=\u00a0\u00bbcenter\u00a0\u00bb admin_label=\u00a0\u00bbHeader Logo\u00a0\u00bb module_class=\u00a0\u00bbps_product_header_logo ps_nontext_logo\u00a0\u00bb _builder_version=\u00a0\u00bb4.27.0&Prime; custom_margin=\u00a0\u00bb0px|||0px|false|false\u00a0\u00bb custom_margin_tablet=\u00a0\u00bb0px|||0px|false|false\u00a0\u00bb custom_margin_phone=\u00a0\u00bb-120px||||false|false\u00a0\u00bb custom_margin_last_edited=\u00a0\u00bbon|desktop\u00a0\u00bb custom_padding=\u00a0\u00bb||||false|false\u00a0\u00bb global_colors_info=\u00a0\u00bb{}\u00a0\u00bb][\/et_pb_image][\/et_pb_column][\/et_pb_row][\/et_pb_section][et_pb_section fb_built=\u00a0\u00bb1&Prime; _builder_version=\u00a0\u00bb4.27.0&Prime; background_color=\u00a0\u00bb#333137&Prime; background_image=\u00a0\u00bbhttps:\/\/www.pocketfulofstones.com\/wp-content\/uploads\/2024\/07\/bg_2024_no_text.jpg\u00a0\u00bb parallax=\u00a0\u00bbon\u00a0\u00bb custom_padding=\u00a0\u00bb0px||||false|false\u00a0\u00bb global_colors_info=\u00a0\u00bb{}\u00a0\u00bb][et_pb_row column_structure=\u00a0\u00bb1_2,1_2&Prime; disabled_on=\u00a0\u00bbon|off|off\u00a0\u00bb admin_label=\u00a0\u00bbRang\u00e9e - Bureau\u00a0\u00bb module_class=\u00a0\u00bbps_product_page_row\u00a0\u00bb _builder_version=\u00a0\u00bb4.27.0&Prime; width_tablet=\u00a0\u00bb\u00a0\u00bb width_phone=\u00a0\u00bb90%\u00a0\u00bb width_last_edited=\u00a0\u00bbon|phone\u00a0\u00bb custom_margin_tablet=\u00a0\u00bb\u00a0\u00bb custom_margin_phone=\u00a0\u00bb\u00a0\u00bb custom_margin_last_edited=\u00a0\u00bbon|desktop\u00a0\u00bb custom_padding=\u00a0\u00bb0px||0px||false|false\u00a0\u00bb global_colors_info=\u00a0\u00bb{}\u00a0\u00bb][et_pb_column type=\u00a0\u00bb1_2&Prime; _builder_version=\u00a0\u00bb4.16&Prime; global_colors_info=\u00a0\u00bb{}\u00a0\u00bb][et_pb_code admin_label=\u00a0\u00bbPackshot\u00a0\u00bb _builder_version=\u00a0\u00bb4.27.0&Prime; custom_margin_tablet=\u00a0\u00bb\u00a0\u00bb custom_margin_phone=\u00a0\u00bb-100px||||false|false\u00a0\u00bb custom_margin_last_edited=\u00a0\u00bbon|phone\u00a0\u00bb custom_padding=\u00a0\u00bb|70px|||false|false\u00a0\u00bb custom_padding_tablet=\u00a0\u00bb|0px|||false|false\u00a0\u00bb custom_padding_phone=\u00a0\u00bb|0px|||false|false\u00a0\u00bb custom_padding_last_edited=\u00a0\u00bbon|desktop\u00a0\u00bb global_colors_info=\u00a0\u00bb{}\u00a0\u00bb]<div class='bottleHolder '><img decoding=\"async\" class=\"lefter bottleImg\" src=\"https:\/\/www.pocketfulofstones.com\/wp-content\/uploads\/2021\/03\/packshot_summer_2021.png\"\/><img decoding=\"async\" class=\"middle bottleImg\" src=\"https:\/\/www.pocketfulofstones.com\/wp-content\/uploads\/2021\/03\/packshot_summer_2021.png\"\/><img decoding=\"async\" class=\"righter bottleImg\" src=\"https:\/\/www.pocketfulofstones.com\/wp-content\/uploads\/2021\/03\/packshot_summer_2021.png\"\/><\/div>[\/et_pb_code][et_pb_text admin_label=\u00a0\u00bbCopper Heading\u00a0\u00bb _builder_version=\u00a0\u00bb4.27.0&Prime; background_size=\u00a0\u00bbinitial\u00a0\u00bb background_position=\u00a0\u00bbtop_left\u00a0\u00bb background_repeat=\u00a0\u00bbrepeat\u00a0\u00bb custom_margin=\u00a0\u00bb130px||||false|false\u00a0\u00bb custom_margin_tablet=\u00a0\u00bb130px||||false|false\u00a0\u00bb custom_margin_phone=\u00a0\u00bb50px||||false|false\u00a0\u00bb custom_margin_last_edited=\u00a0\u00bbon|phone\u00a0\u00bb use_border_color=\u00a0\u00bboff\u00a0\u00bb border_color=\u00a0\u00bb#ffffff\u00a0\u00bb border_style=\u00a0\u00bbsolid\u00a0\u00bb global_colors_info=\u00a0\u00bb{}\u00a0\u00bb]<\/p>\n<h3>LE SOLEIL LIQUIDE<\/h3>\n<p>[\/et_pb_text][et_pb_wc_description description_type=\u00a0\u00bbdescription\u00a0\u00bb admin_label=\u00a0\u00bbWoo Product Description\u00a0\u00bb module_class=\u00a0\u00bbps_product_description\u00a0\u00bb _builder_version=\u00a0\u00bb4.27.0&Prime; _module_preset=\u00a0\u00bbdefault\u00a0\u00bb body_text_color=\u00a0\u00bb#6d6f71&Prime; custom_margin=\u00a0\u00bb||||false|false\u00a0\u00bb custom_margin_tablet=\u00a0\u00bb||||false|false\u00a0\u00bb custom_margin_phone=\u00a0\u00bb||40px||false|false\u00a0\u00bb custom_margin_last_edited=\u00a0\u00bbon|phone\u00a0\u00bb custom_padding=\u00a0\u00bb|60px|||false|false\u00a0\u00bb custom_padding_tablet=\u00a0\u00bb|0px|||false|false\u00a0\u00bb custom_padding_phone=\u00a0\u00bb|0px|||false|false\u00a0\u00bb custom_padding_last_edited=\u00a0\u00bbon|desktop\u00a0\u00bb global_colors_info=\u00a0\u00bb{}\u00a0\u00bb][\/et_pb_wc_description][\/et_pb_column][et_pb_column type=\u00a0\u00bb1_2&Prime; module_class=\u00a0\u00bbps_product_page_card\u00a0\u00bb _builder_version=\u00a0\u00bb4.27.0&Prime; background_color=\u00a0\u00bb#000000&Prime; custom_padding=\u00a0\u00bb30px|30px|30px|30px|false|false\u00a0\u00bb border_radii=\u00a0\u00bbon|30px|30px|30px|30px\u00a0\u00bb global_colors_info=\u00a0\u00bb{}\u00a0\u00bb][et_pb_wc_title _builder_version=\u00a0\u00bb4.27.0&Prime; _module_preset=\u00a0\u00bbdefault\u00a0\u00bb header_font=\u00a0\u00bbBarlow Condensed|||on|||||\u00a0\u00bb header_text_color=\u00a0\u00bb#FFFFFF\u00a0\u00bb header_font_size=\u00a0\u00bb45px\u00a0\u00bb global_colors_info=\u00a0\u00bb{}\u00a0\u00bb][\/et_pb_wc_title][et_pb_text admin_label=\u00a0\u00bbCustom Product Meta\u00a0\u00bb _builder_version=\u00a0\u00bb4.27.0&Prime; _module_preset=\u00a0\u00bbdefault\u00a0\u00bb global_colors_info=\u00a0\u00bb{}\u00a0\u00bb]<div class='ps_cm_outer_wrapper'><div class='ps_cm_inner_wrapper'><div class='ps_cm_subtitle'>Gin de Cornouailles<\/div><div class='ps_cm_abv'>25% abv<\/div><div class='ps_cm_packsize'>70cl<\/div><\/div><\/div>[\/et_pb_text][et_pb_wc_description admin_label=\u00a0\u00bbWoo Product Short Description\u00a0\u00bb module_class=\u00a0\u00bbps_product_short_text\u00a0\u00bb _builder_version=\u00a0\u00bb4.27.0&Prime; _module_preset=\u00a0\u00bbdefault\u00a0\u00bb body_text_color=\u00a0\u00bb#8b8e90&Prime; global_colors_info=\u00a0\u00bb{}\u00a0\u00bb][\/et_pb_wc_description][et_pb_wc_price _builder_version=\u00a0\u00bb4.27.0&Prime; _module_preset=\u00a0\u00bbdefault\u00a0\u00bb body_font=\u00a0\u00bb|700|||||||\u00a0\u00bb body_text_color=\u00a0\u00bb#FFFFFF\u00a0\u00bb body_font_size=\u00a0\u00bb30px\u00a0\u00bb custom_margin=\u00a0\u00bb20px||20px||false|false\u00a0\u00bb custom_padding=\u00a0\u00bb||20px||false|false\u00a0\u00bb border_width_bottom=\u00a0\u00bb1px\u00a0\u00bb border_color_bottom=\u00a0\u00bb#444444&Prime; global_colors_info=\u00a0\u00bb{}\u00a0\u00bb][\/et_pb_wc_price][et_pb_wc_add_to_cart field_label_position=\u00a0\u00bbinline\u00a0\u00bb module_class=\u00a0\u00bbps_single_add_to_cart\u00a0\u00bb _builder_version=\u00a0\u00bb4.27.0&Prime; _module_preset=\u00a0\u00bbdefault\u00a0\u00bb fields_background_color=\u00a0\u00bb#000000&Prime; fields_text_color=\u00a0\u00bb#FFFFFF\u00a0\u00bb fields_custom_padding=\u00a0\u00bb0px||0px||false|false\u00a0\u00bb dropdown_menus_background_color=\u00a0\u00bb#000000&Prime; dropdown_menus_text_color=\u00a0\u00bb#FFFFFF\u00a0\u00bb field_label_text_color=\u00a0\u00bb#FFFFFF\u00a0\u00bb fields_font=\u00a0\u00bbLato||||||||\u00a0\u00bb fields_font_size=\u00a0\u00bb17px\u00a0\u00bb dropdown_menus_font=\u00a0\u00bbLato||||||||\u00a0\u00bb dropdown_menus_font_size=\u00a0\u00bb17px\u00a0\u00bb custom_button=\u00a0\u00bbon\u00a0\u00bb button_text_color=\u00a0\u00bb#000000&Prime; button_bg_color=\u00a0\u00bb#d68a47&Prime; button_border_color=\u00a0\u00bb#d68a47&Prime; button_border_radius=\u00a0\u00bb8px\u00a0\u00bb button_font=\u00a0\u00bbLato||||||||\u00a0\u00bb button_icon=\u00a0\u00bb&#xe015;||divi||400&Prime; button_icon_color=\u00a0\u00bb#FFFFFF\u00a0\u00bb button_icon_placement=\u00a0\u00bbleft\u00a0\u00bb button_on_hover=\u00a0\u00bboff\u00a0\u00bb border_radii_fields=\u00a0\u00bbon|8px|8px|8px|8px\u00a0\u00bb border_width_all_fields=\u00a0\u00bb2px\u00a0\u00bb border_color_all_fields=\u00a0\u00bb#444444&Prime; border_width_all_dropdown_menus=\u00a0\u00bb2px\u00a0\u00bb border_color_all_dropdown_menus=\u00a0\u00bb#444444&Prime; global_colors_info=\u00a0\u00bb{}\u00a0\u00bb][\/et_pb_wc_add_to_cart][et_pb_code admin_label=\u00a0\u00bbAvis et partage\u00a0\u00bb module_class=\u00a0\u00bbps_single_notice_share\u00a0\u00bb _builder_version=\u00a0\u00bb4.27.0&Prime; _module_preset=\u00a0\u00bbdefault\u00a0\u00bb global_colors_info=\u00a0\u00bb{}\u00a0\u00bb]<\/p>\n<div class=\"ps-notice\"><!-- [et_pb_line_break_holder] --> <pee>Ne pas vendre aux personnes de moins de 18 ans.<!\u2013- [et_pb_br_holder] -\u2013><!-- [et_pb_line_break_holder] -->Non retournable.<\/pee> <!-- [et_pb_line_break_holder] --><\/div>\n<p><!-- [et_pb_line_break_holder] --><\/p>\n<div class=\"ps-share\"><!-- [et_pb_line_break_holder] -->  <pee><!-- [et_pb_line_break_holder] -->  Partagez cette information :<!-- [et_pb_line_break_holder] -->  <\/pee><!-- [et_pb_line_break_holder] -->  <div class=\"addtoany_shortcode\"><div class=\"a2a_kit a2a_kit_size_30 addtoany_list\" data-a2a-url=\"https:\/\/www.pocketfulofstones.com\/fr\/produit\/summercup\/\" data-a2a-title=\"Pen Sans Summer Cup\"><a class=\"a2a_button_facebook\" href=\"https:\/\/www.addtoany.com\/add_to\/facebook?linkurl=https%3A%2F%2Fwww.pocketfulofstones.com%2Ffr%2Fproduit%2Fsummercup%2F&amp;linkname=Pen%20Sans%20Summer%20Cup\" title=\"Facebook\" rel=\"nofollow noopener\" target=\"_blank\"><\/a><a class=\"a2a_button_x\" href=\"https:\/\/www.addtoany.com\/add_to\/x?linkurl=https%3A%2F%2Fwww.pocketfulofstones.com%2Ffr%2Fproduit%2Fsummercup%2F&amp;linkname=Pen%20Sans%20Summer%20Cup\" title=\"X\" rel=\"nofollow noopener\" target=\"_blank\"><\/a><a class=\"a2a_button_whatsapp\" href=\"https:\/\/www.addtoany.com\/add_to\/whatsapp?linkurl=https%3A%2F%2Fwww.pocketfulofstones.com%2Ffr%2Fproduit%2Fsummercup%2F&amp;linkname=Pen%20Sans%20Summer%20Cup\" title=\"WhatsApp\" rel=\"nofollow noopener\" target=\"_blank\"><\/a><\/div><\/div><!-- [et_pb_line_break_holder] --><\/div>\n<p><!-- [et_pb_line_break_holder] -->[\/et_pb_code][\/et_pb_column][\/et_pb_row][et_pb_row column_structure=\u00a0\u00bb1_3,1_3,1_3&Prime; disabled_on=\u00a0\u00bboff|on|on\u00a0\u00bb admin_label=\u00a0\u00bbRang\u00e9e - Mobile\u00a0\u00bb module_class=\u00a0\u00bbps_product_page_row\u00a0\u00bb _builder_version=\u00a0\u00bb4.27.0&Prime; width_tablet=\u00a0\u00bb\u00a0\u00bb width_phone=\u00a0\u00bb90%\u00a0\u00bb width_last_edited=\u00a0\u00bbon|phone\u00a0\u00bb custom_margin_tablet=\u00a0\u00bb\u00a0\u00bb custom_margin_phone=\u00a0\u00bb\u00a0\u00bb custom_margin_last_edited=\u00a0\u00bbon|desktop\u00a0\u00bb custom_padding=\u00a0\u00bb0px||0px||false|false\u00a0\u00bb global_colors_info=\u00a0\u00bb{}\u00a0\u00bb][et_pb_column type=\u00a0\u00bb1_3&Prime; _builder_version=\u00a0\u00bb4.16&Prime; global_colors_info=\u00a0\u00bb{}\u00a0\u00bb][et_pb_code admin_label=\u00a0\u00bbPackshot\u00a0\u00bb _builder_version=\u00a0\u00bb4.27.0&Prime; custom_margin_tablet=\u00a0\u00bb\u00a0\u00bb custom_margin_phone=\u00a0\u00bb-100px||50px||false|false\u00a0\u00bb custom_margin_last_edited=\u00a0\u00bbon|phone\u00a0\u00bb custom_padding=\u00a0\u00bb|70px|||false|false\u00a0\u00bb custom_padding_tablet=\u00a0\u00bb|0px|||false|false\u00a0\u00bb custom_padding_phone=\u00a0\u00bb|0px|||false|false\u00a0\u00bb custom_padding_last_edited=\u00a0\u00bbon|desktop\u00a0\u00bb global_colors_info=\u00a0\u00bb{}\u00a0\u00bb]<div class='bottleHolder '><img decoding=\"async\" class=\"lefter bottleImg\" src=\"https:\/\/www.pocketfulofstones.com\/wp-content\/uploads\/2021\/03\/packshot_summer_2021.png\"\/><img decoding=\"async\" class=\"middle bottleImg\" src=\"https:\/\/www.pocketfulofstones.com\/wp-content\/uploads\/2021\/03\/packshot_summer_2021.png\"\/><img decoding=\"async\" class=\"righter bottleImg\" src=\"https:\/\/www.pocketfulofstones.com\/wp-content\/uploads\/2021\/03\/packshot_summer_2021.png\"\/><\/div>[\/et_pb_code][\/et_pb_column][et_pb_column type=\u00a0\u00bb1_3&Prime; module_class=\u00a0\u00bbps_product_page_card\u00a0\u00bb _builder_version=\u00a0\u00bb4.27.0&Prime; background_color=\u00a0\u00bb#000000&Prime; custom_padding=\u00a0\u00bb30px|30px|30px|30px|false|false\u00a0\u00bb border_radii=\u00a0\u00bbon|30px|30px|30px|30px\u00a0\u00bb global_colors_info=\u00a0\u00bb{}\u00a0\u00bb][et_pb_wc_title _builder_version=\u00a0\u00bb4.27.0&Prime; _module_preset=\u00a0\u00bbdefault\u00a0\u00bb header_font=\u00a0\u00bbBarlow Condensed|||on|||||\u00a0\u00bb header_text_color=\u00a0\u00bb#FFFFFF\u00a0\u00bb header_font_size=\u00a0\u00bb45px\u00a0\u00bb global_colors_info=\u00a0\u00bb{}\u00a0\u00bb][\/et_pb_wc_title][et_pb_text admin_label=\u00a0\u00bbCustom Product Meta\u00a0\u00bb _builder_version=\u00a0\u00bb4.27.0&Prime; _module_preset=\u00a0\u00bbdefault\u00a0\u00bb global_colors_info=\u00a0\u00bb{}\u00a0\u00bb]<div class='ps_cm_outer_wrapper'><div class='ps_cm_inner_wrapper'><div class='ps_cm_subtitle'>Gin de Cornouailles<\/div><div class='ps_cm_abv'>25% abv<\/div><div class='ps_cm_packsize'>70cl<\/div><\/div><\/div>[\/et_pb_text][et_pb_wc_price _builder_version=\u00a0\u00bb4.27.0&Prime; _module_preset=\u00a0\u00bbdefault\u00a0\u00bb body_font=\u00a0\u00bb|700|||||||\u00a0\u00bb body_text_color=\u00a0\u00bb#FFFFFF\u00a0\u00bb body_font_size=\u00a0\u00bb30px\u00a0\u00bb custom_margin=\u00a0\u00bb20px||20px||false|false\u00a0\u00bb custom_padding=\u00a0\u00bb||20px||false|false\u00a0\u00bb border_width_bottom=\u00a0\u00bb1px\u00a0\u00bb border_color_bottom=\u00a0\u00bb#131414&Prime; global_colors_info=\u00a0\u00bb{}\u00a0\u00bb][\/et_pb_wc_price][et_pb_wc_add_to_cart field_label_position=\u00a0\u00bbinline\u00a0\u00bb module_class=\u00a0\u00bbps_single_add_to_cart\u00a0\u00bb _builder_version=\u00a0\u00bb4.27.0&Prime; _module_preset=\u00a0\u00bbdefault\u00a0\u00bb fields_background_color=\u00a0\u00bb#000000&Prime; fields_text_color=\u00a0\u00bb#FFFFFF\u00a0\u00bb fields_custom_padding=\u00a0\u00bb0px||0px||false|false\u00a0\u00bb dropdown_menus_background_color=\u00a0\u00bb#000000&Prime; dropdown_menus_text_color=\u00a0\u00bb#FFFFFF\u00a0\u00bb field_label_text_color=\u00a0\u00bb#FFFFFF\u00a0\u00bb fields_font=\u00a0\u00bbLato||||||||\u00a0\u00bb fields_font_size=\u00a0\u00bb17px\u00a0\u00bb dropdown_menus_font=\u00a0\u00bbLato||||||||\u00a0\u00bb dropdown_menus_font_size=\u00a0\u00bb17px\u00a0\u00bb custom_button=\u00a0\u00bbon\u00a0\u00bb button_text_color=\u00a0\u00bb#000000&Prime; button_bg_color=\u00a0\u00bb#d68a47&Prime; button_border_color=\u00a0\u00bb#d68a47&Prime; button_border_radius=\u00a0\u00bb8px\u00a0\u00bb button_font=\u00a0\u00bbLato||||||||\u00a0\u00bb button_icon=\u00a0\u00bb&#xe015;||divi||400&Prime; button_icon_color=\u00a0\u00bb#FFFFFF\u00a0\u00bb button_icon_placement=\u00a0\u00bbleft\u00a0\u00bb button_on_hover=\u00a0\u00bboff\u00a0\u00bb border_radii_fields=\u00a0\u00bbon|8px|8px|8px|8px\u00a0\u00bb border_width_all_fields=\u00a0\u00bb2px\u00a0\u00bb border_color_all_fields=\u00a0\u00bb#151515&Prime; border_width_all_dropdown_menus=\u00a0\u00bb2px\u00a0\u00bb border_color_all_dropdown_menus=\u00a0\u00bb#151515&Prime; global_colors_info=\u00a0\u00bb{}\u00a0\u00bb][\/et_pb_wc_add_to_cart][et_pb_code admin_label=\u00a0\u00bbAvis et partage\u00a0\u00bb module_class=\u00a0\u00bbps_single_notice_share\u00a0\u00bb _builder_version=\u00a0\u00bb4.27.0&Prime; _module_preset=\u00a0\u00bbdefault\u00a0\u00bb global_colors_info=\u00a0\u00bb{}\u00a0\u00bb]<\/p>\n<div class=\"ps-notice\"><!-- [et_pb_line_break_holder] --> <pee>Ne pas vendre aux personnes de moins de 18 ans.<!\u2013- [et_pb_br_holder] -\u2013><!-- [et_pb_line_break_holder] -->Non retournable.<\/pee> <!-- [et_pb_line_break_holder] --><\/div>\n<p><!-- [et_pb_line_break_holder] --><\/p>\n<div class=\"ps-share\"><!-- [et_pb_line_break_holder] -->  <pee><!-- [et_pb_line_break_holder] -->  Partagez cette information :<!-- [et_pb_line_break_holder] -->  <\/pee><!-- [et_pb_line_break_holder] -->  <div class=\"addtoany_shortcode\"><div class=\"a2a_kit a2a_kit_size_30 addtoany_list\" data-a2a-url=\"https:\/\/www.pocketfulofstones.com\/fr\/produit\/summercup\/\" data-a2a-title=\"Pen Sans Summer Cup\"><a class=\"a2a_button_facebook\" href=\"https:\/\/www.addtoany.com\/add_to\/facebook?linkurl=https%3A%2F%2Fwww.pocketfulofstones.com%2Ffr%2Fproduit%2Fsummercup%2F&amp;linkname=Pen%20Sans%20Summer%20Cup\" title=\"Facebook\" rel=\"nofollow noopener\" target=\"_blank\"><\/a><a class=\"a2a_button_x\" href=\"https:\/\/www.addtoany.com\/add_to\/x?linkurl=https%3A%2F%2Fwww.pocketfulofstones.com%2Ffr%2Fproduit%2Fsummercup%2F&amp;linkname=Pen%20Sans%20Summer%20Cup\" title=\"X\" rel=\"nofollow noopener\" target=\"_blank\"><\/a><a class=\"a2a_button_whatsapp\" href=\"https:\/\/www.addtoany.com\/add_to\/whatsapp?linkurl=https%3A%2F%2Fwww.pocketfulofstones.com%2Ffr%2Fproduit%2Fsummercup%2F&amp;linkname=Pen%20Sans%20Summer%20Cup\" title=\"WhatsApp\" rel=\"nofollow noopener\" target=\"_blank\"><\/a><\/div><\/div><!-- [et_pb_line_break_holder] --><\/div>\n<p><!-- [et_pb_line_break_holder] -->[\/et_pb_code][et_pb_wc_description admin_label=\u00a0\u00bbWoo Product Short Description\u00a0\u00bb module_class=\u00a0\u00bbps_product_short_text\u00a0\u00bb _builder_version=\u00a0\u00bb4.27.0&Prime; _module_preset=\u00a0\u00bbdefault\u00a0\u00bb body_text_color=\u00a0\u00bb#8b8e90&Prime; custom_margin=\u00a0\u00bb15px||||false|false\u00a0\u00bb border_width_top=\u00a0\u00bb1px\u00a0\u00bb border_color_top=\u00a0\u00bb#131414&Prime; global_colors_info=\u00a0\u00bb{}\u00a0\u00bb][\/et_pb_wc_description][\/et_pb_column][et_pb_column type=\u00a0\u00bb1_3&Prime; _builder_version=\u00a0\u00bb4.27.0&Prime; _module_preset=\u00a0\u00bbdefault\u00a0\u00bb global_colors_info=\u00a0\u00bb{}\u00a0\u00bb][et_pb_text admin_label=\u00a0\u00bbCopper Heading\u00a0\u00bb _builder_version=\u00a0\u00bb4.27.0&Prime; background_size=\u00a0\u00bbinitial\u00a0\u00bb background_position=\u00a0\u00bbtop_left\u00a0\u00bb background_repeat=\u00a0\u00bbrepeat\u00a0\u00bb custom_margin=\u00a0\u00bb130px||||false|false\u00a0\u00bb custom_margin_tablet=\u00a0\u00bb130px||||false|false\u00a0\u00bb custom_margin_phone=\u00a0\u00bb50px||||false|false\u00a0\u00bb custom_margin_last_edited=\u00a0\u00bbon|phone\u00a0\u00bb use_border_color=\u00a0\u00bboff\u00a0\u00bb border_color=\u00a0\u00bb#ffffff\u00a0\u00bb border_style=\u00a0\u00bbsolid\u00a0\u00bb global_colors_info=\u00a0\u00bb{}\u00a0\u00bb]<\/p>\n<h3>LE SOLEIL LIQUIDE<\/h3>\n<p>[\/et_pb_text][et_pb_wc_description description_type=\u00a0\u00bbdescription\u00a0\u00bb admin_label=\u00a0\u00bbWoo Product Description\u00a0\u00bb module_class=\u00a0\u00bbps_product_description\u00a0\u00bb _builder_version=\u00a0\u00bb4.27.0&Prime; _module_preset=\u00a0\u00bbdefault\u00a0\u00bb body_text_color=\u00a0\u00bb#6d6f71&Prime; custom_margin=\u00a0\u00bb||||false|false\u00a0\u00bb custom_margin_tablet=\u00a0\u00bb||||false|false\u00a0\u00bb custom_margin_phone=\u00a0\u00bb||40px||false|false\u00a0\u00bb custom_margin_last_edited=\u00a0\u00bbon|phone\u00a0\u00bb custom_padding=\u00a0\u00bb|60px|||false|false\u00a0\u00bb custom_padding_tablet=\u00a0\u00bb|0px|||false|false\u00a0\u00bb custom_padding_phone=\u00a0\u00bb|0px|||false|false\u00a0\u00bb custom_padding_last_edited=\u00a0\u00bbon|desktop\u00a0\u00bb global_colors_info=\u00a0\u00bb{}\u00a0\u00bb][\/et_pb_wc_description][\/et_pb_column][\/et_pb_row][et_pb_row _builder_version=\u00a0\u00bb4.27.0&Prime; _module_preset=\u00a0\u00bbdefault\u00a0\u00bb width=\u00a0\u00bb90%\u00a0\u00bb global_colors_info=\u00a0\u00bb{}\u00a0\u00bb][et_pb_column type=\u00a0\u00bb4_4&Prime; _builder_version=\u00a0\u00bb4.27.0&Prime; _module_preset=\u00a0\u00bbdefault\u00a0\u00bb global_colors_info=\u00a0\u00bb{}\u00a0\u00bb][et_pb_wc_related_products posts_number=\u00a0\u00bb3&Prime; columns_number=\u00a0\u00bb3&Prime; include_categories=\u00a0\u00bball\u00a0\u00bb icon_hover_color=\u00a0\u00bbRGBA(255,255,255,0)\u00a0\u00bb hover_overlay_color=\u00a0\u00bbRGBA(255,255,255,0)\u00a0\u00bb _builder_version=\u00a0\u00bb4.27.0&Prime; _module_preset=\u00a0\u00bbdefault\u00a0\u00bb title_font=\u00a0\u00bbLato||||||||\u00a0\u00bb title_text_align=\u00a0\u00bbleft\u00a0\u00bb title_text_color=\u00a0\u00bb#FFFFFF\u00a0\u00bb title_font_size=\u00a0\u00bb20px\u00a0\u00bb product_title_font=\u00a0\u00bbBarlow Condensed||||||||\u00a0\u00bb product_title_text_color=\u00a0\u00bb#8b8e90&Prime; product_title_font_size=\u00a0\u00bb30px\u00a0\u00bb price_font=\u00a0\u00bb|700|||||||\u00a0\u00bb price_text_align=\u00a0\u00bbright\u00a0\u00bb price_text_color=\u00a0\u00bb#FFFFFF\u00a0\u00bb price_font_size=\u00a0\u00bb25px\u00a0\u00bb title_font_size_tablet=\u00a0\u00bb20px\u00a0\u00bb title_font_size_phone=\u00a0\u00bb\u00a0\u00bb title_font_size_last_edited=\u00a0\u00bbon|desktop\u00a0\u00bb product_title_font_size_tablet=\u00a0\u00bb30px\u00a0\u00bb product_title_font_size_phone=\u00a0\u00bb23px\u00a0\u00bb product_title_font_size_last_edited=\u00a0\u00bbon|phone\u00a0\u00bb price_font_size_tablet=\u00a0\u00bb25px\u00a0\u00bb price_font_size_phone=\u00a0\u00bb18px\u00a0\u00bb price_font_size_last_edited=\u00a0\u00bbon|phone\u00a0\u00bb global_colors_info=\u00a0\u00bb{}\u00a0\u00bb][\/et_pb_wc_related_products][\/et_pb_column][\/et_pb_row][\/et_pb_section]<\/p>\n","protected":false},"excerpt":{"rendered":"<p>Un m\u00e9lange de plantes, de flore, de vins et de spiritueux. M\u00e9lang\u00e9 \u00e0 de la limonade ou du ginger ale, agr\u00e9ment\u00e9 de menthe, de baies, de concombre et d&rsquo;agrumes, vous obtiendrez la tasse id\u00e9ale pour l&rsquo;\u00e9t\u00e9. Pour un Spritz parfait, ajoutez un trait de prosecco, un trait de soda et un quartier d&rsquo;orange. Boom !   <\/p>\n","protected":false},"featured_media":13013,"template":"","meta":{"_et_pb_use_builder":"on","_et_pb_old_content":"<h4>L'histoire<\/h4>\r\nLa boisson qui change avec l'\u00e9t\u00e9.\r\n\r\nC'est la boisson par excellence de l'\u00e9t\u00e9 dans toutes les \u00eeles britanniques - pensez aux pique-niques dans le parc, \u00e0 Wimbledon et aux fraises \u00e0 la cr\u00e8me.\r\n\r\nNous ne pr\u00e9parons notre Summer Cup que lorsque le temps commence \u00e0 se r\u00e9chauffer en Cornouailles et que les premiers fruits mous commencent \u00e0 appara\u00eetre. Les fraises sont toujours les premi\u00e8res, vers le mois d'avril, ce qui fait que les premiers lots sont tr\u00e8s charg\u00e9s en fraises.\r\nEnsuite, les groseilles \u00e0 maquereau et les framboises commencent \u00e0 m\u00fbrir et sont incluses dans notre recette. Vers la fin de l'\u00e9t\u00e9, ce sont les myrtilles et les m\u00fbres qui sont \u00e0 leur apog\u00e9e.  \r\n\r\nNotre distillat reste le m\u00eame, mais les ingr\u00e9dients que nous utilisons refl\u00e8tent l'\u00e9volution de l'\u00e9t\u00e9 britannique et rendent chaque bouteille unique.","_et_gb_content_width":""},"product_brand":[],"product_cat":[84,83],"product_tag":[85],"class_list":{"0":"post-13470","1":"product","2":"type-product","3":"status-publish","4":"has-post-thumbnail","6":"product_cat-gin-fr","7":"product_cat-lesprit","8":"product_tag-pocketful-of-stones-fr","10":"first","11":"instock","12":"shipping-taxable","13":"purchasable","14":"product-type-simple"},"_links":{"self":[{"href":"https:\/\/www.pocketfulofstones.com\/fr\/wp-json\/wp\/v2\/product\/13470","targetHints":{"allow":["GET"]}}],"collection":[{"href":"https:\/\/www.pocketfulofstones.com\/fr\/wp-json\/wp\/v2\/product"}],"about":[{"href":"https:\/\/www.pocketfulofstones.com\/fr\/wp-json\/wp\/v2\/types\/product"}],"wp:featuredmedia":[{"embeddable":true,"href":"https:\/\/www.pocketfulofstones.com\/fr\/wp-json\/wp\/v2\/media\/13013"}],"wp:attachment":[{"href":"https:\/\/www.pocketfulofstones.com\/fr\/wp-json\/wp\/v2\/media?parent=13470"}],"wp:term":[{"taxonomy":"product_brand","embeddable":true,"href":"https:\/\/www.pocketfulofstones.com\/fr\/wp-json\/wp\/v2\/product_brand?post=13470"},{"taxonomy":"product_cat","embeddable":true,"href":"https:\/\/www.pocketfulofstones.com\/fr\/wp-json\/wp\/v2\/product_cat?post=13470"},{"taxonomy":"product_tag","embeddable":true,"href":"https:\/\/www.pocketfulofstones.com\/fr\/wp-json\/wp\/v2\/product_tag?post=13470"}],"curies":[{"name":"wp","href":"https:\/\/api.w.org\/{rel}","templated":true}]}}